{"id":2926,"date":"2025-04-09T17:09:22","date_gmt":"2025-04-09T15:09:22","guid":{"rendered":"https:\/\/barrelandboar.nl\/product\/blaser-mens-vintage-flat-cap-dark-brown-melange\/"},"modified":"2026-03-22T04:27:13","modified_gmt":"2026-03-22T03:27:13","slug":"blaser-mens-vintage-flat-cap-dark-brown-melange","status":"publish","type":"product","link":"https:\/\/barrelandboar.nl\/en\/blaser-mens-vintage-flat-cap-dark-brown-melange\/","title":{"rendered":"Blaser Men's VINTAGE Flat Cap Dark Brown M\u00e9lange"},"content":{"rendered":"<p style=\"margin-top:0pt;margin-bottom:5pt\"><span style=\"font-size:10.5pt;color:#000000;background-color:#FFFFFF\">The<\/span><span style=\"font-size:10.5pt;color:#000000;background-color:#FFFFFF;font-weight:bold\">\u00a0Blaser Vintage Flat Cap Dark Brown M\u00e9lange<\/span><span style=\"font-size:10.5pt;color:#000000;background-color:#FFFFFF\">\u00a0is a stylish flat cap made from elegant Blaser vintage fabric.<\/span><\/p>\n<p style=\"margin-top:0pt;margin-bottom:5pt\"><span style=\"font-size:10.5pt;color:#000000;background-color:#FFFFFF;font-weight:bold\">Specifications:<\/span><\/p>\n<ul style=\"margin:0pt;padding:0pt;list-style-type:disc\">\n<li style=\"font-size:12pt\">\n<p style=\"margin-left:0pt;margin-top:0pt;margin-bottom:0pt\"><span style=\"color:#000000;background-color:#FFFFFF\">Waterproof<\/span><\/p>\n<\/li>\n<li style=\"font-size:12pt\">\n<p style=\"margin-left:0pt;margin-top:0pt;margin-bottom:0pt\"><span style=\"color:#000000;background-color:#FFFFFF\">Double-layered Blaser vintage fabric<\/span><\/p>\n<\/li>\n<li style=\"font-size:12pt\">\n<p style=\"margin-left:0pt;margin-top:0pt;margin-bottom:0pt\"><span style=\"color:#000000;background-color:#FFFFFF\">Flex fitting system for all sizes<\/span><\/p>\n<\/li>\n<\/ul>","protected":false},"excerpt":{"rendered":"<p style=\"margin-top:0pt;margin-bottom:0pt\"><span style=\"font-size:10.5pt;color:#000000;background-color:#FFFFFF\">The<\/span><span style=\"font-size:10.5pt;color:#000000;background-color:#FFFFFF;font-weight:bold\">\u00a0Blaser Vintage Flat Cap Dark Brown M\u00e9lange<\/span><span style=\"font-size:10.5pt;color:#000000;background-color:#FFFFFF\">\u00a0is a stylish flat cap made from elegant Blaser vintage fabric.<\/span> <\/p>","protected":false},"featured_media":2924,"comment_status":"open","ping_status":"closed","template":"","meta":{"_acf_changed":false,"rank_math_title":"Blaser Men's VINTAGE Flat Cap Dark Brown M\u00e9lange","rank_math_description":"","rank_math_focus_keyword":"122060, Blaser, Men's, VINTAGE, Flat, Cap, Dark, Brown, M\u00e9lange, Blaser Men's VINTAGE Flat Cap Dark Brown M\u00e9lange","GroupGuid":"","EcommerceProductGuid":"69A8BBC5-ED3C-4A58-AF29-F0D07947C543","EcommerceProductVariationGuid":"","ProductNumber":"122060","ProductId":""},"product_brand":[104],"product_cat":[94,70,357],"product_tag":[],"class_list":{"0":"post-2926","1":"product","2":"type-product","3":"status-publish","4":"has-post-thumbnail","6":"product_brand-blaser","7":"product_cat-accessoires-kleding","8":"product_cat-kleding","9":"product_cat-petten","11":"first","12":"instock","13":"taxable","14":"shipping-taxable","15":"purchasable","16":"product-type-variable"},"bundled_by":[],"bundle_stock_status":"instock","bundle_stock_quantity":null,"bundle_virtual":false,"bundle_layout":"","bundle_add_to_cart_form_location":"","bundle_editable_in_cart":false,"bundle_sold_individually_context":"","bundle_item_grouping":"","bundle_min_size":"","bundle_max_size":"","bundle_price":[],"bundled_items":[],"bundle_sell_ids":[],"acf":[],"rank_math_title":"Blaser Men's VINTAGE Flat Cap Dark Brown M\u00e9lange","rank_math_description":null,"rank_math_focus_keyword":"122060, Blaser, Men's, VINTAGE, Flat, Cap, Dark, Brown, M\u00e9lange, Blaser Men's VINTAGE Flat Cap Dark Brown M\u00e9lange","GroupGuid":null,"EcommerceProductGuid":"69A8BBC5-ED3C-4A58-AF29-F0D07947C543","EcommerceProductVariationGuid":null,"ProductNumber":"122060","ProductId":null,"IgnoreVenditGroupURL":null,"IgnoreVenditGroupSEO":null,"_links":{"self":[{"href":"https:\/\/barrelandboar.nl\/en\/wp-json\/wp\/v2\/product\/2926","targetHints":{"allow":["GET"]}}],"collection":[{"href":"https:\/\/barrelandboar.nl\/en\/wp-json\/wp\/v2\/product"}],"about":[{"href":"https:\/\/barrelandboar.nl\/en\/wp-json\/wp\/v2\/types\/product"}],"replies":[{"embeddable":true,"href":"https:\/\/barrelandboar.nl\/en\/wp-json\/wp\/v2\/comments?post=2926"}],"wp:featuredmedia":[{"embeddable":true,"href":"https:\/\/barrelandboar.nl\/en\/wp-json\/wp\/v2\/media\/2924"}],"wp:attachment":[{"href":"https:\/\/barrelandboar.nl\/en\/wp-json\/wp\/v2\/media?parent=2926"}],"wp:term":[{"taxonomy":"product_brand","embeddable":true,"href":"https:\/\/barrelandboar.nl\/en\/wp-json\/wp\/v2\/product_brand?post=2926"},{"taxonomy":"product_cat","embeddable":true,"href":"https:\/\/barrelandboar.nl\/en\/wp-json\/wp\/v2\/product_cat?post=2926"},{"taxonomy":"product_tag","embeddable":true,"href":"https:\/\/barrelandboar.nl\/en\/wp-json\/wp\/v2\/product_tag?post=2926"}],"curies":[{"name":"wp","href":"https:\/\/api.w.org\/{rel}","templated":true}]}}