{"id":3372,"date":"2025-04-11T14:19:12","date_gmt":"2025-04-11T12:19:12","guid":{"rendered":"https:\/\/barrelandboar.nl\/product\/fjallraven-kiruna-hat-laurel-green-xl\/"},"modified":"2026-03-22T04:28:02","modified_gmt":"2026-03-22T03:28:02","slug":"fjallraven-kiruna-hat-laurel-green-xl","status":"publish","type":"product","link":"https:\/\/barrelandboar.nl\/en\/fjallraven-kiruna-hat-laurel-green-xl\/","title":{"rendered":"Fj\u00e4llr\u00e4ven Kiruna Hat Laurel Green XL"},"content":{"rendered":"<p style=\"margin-top:0pt;margin-bottom:5pt\"><span style=\"font-size:10.5pt;color:#000000;background-color:#FFFFFF\">The\u00a0<\/span><span style=\"font-size:10.5pt;color:#000000;background-color:#FFFFFF;font-weight:bold\">Fj\u00e4llr\u00e4ven Kiruna<\/span><span style=\"font-size:10.5pt;color:#000000;background-color:#FFFFFF\">\u00a0is a simple sun hat made of durable, water-repellent G-1000 Original. It has a medium-wide, soft brim that provides good sun protection. It can also be folded to fit into a pocket when not in use. Features a Fj\u00e4llr\u00e4ven logo made of leather on the side.<\/span><\/p>\n<p style=\"margin-top:0pt;margin-bottom:0pt\"><span style=\"font-size:10.5pt;color:#000000;background-color:#FFFFFF;font-weight:bold\">Specifications:<\/span><\/p>\n<ul style=\"margin:0pt;padding:0pt;list-style-type:disc\">\n<li style=\"font-size:12pt\">\n<p style=\"margin-left:0pt;margin-top:0pt;margin-bottom:0pt\"><span style=\"color:#000000;background-color:#FFFFFF\">Material:G-1000\u00ae Original: 65% polyester, 35% cotton<\/span><\/p>\n<\/li>\n<\/ul>","protected":false},"excerpt":{"rendered":"<p style=\"margin-top:0pt;margin-bottom:0pt\"><span style=\"font-size:10.5pt;color:#000000;background-color:#FFFFFF\">The\u00a0<\/span><span style=\"font-size:10.5pt;color:#000000;background-color:#FFFFFF;font-weight:bold\">Fj\u00e4llr\u00e4ven Kiruna<\/span><span style=\"font-size:10.5pt;color:#000000;background-color:#FFFFFF\">\u00a0is a simple sun hat made of durable and water-repellent G-1000.<\/span><\/p>","protected":false},"featured_media":3370,"comment_status":"open","ping_status":"closed","template":"","meta":{"_acf_changed":false,"rank_math_title":"Fj\u00e4llr\u00e4ven Kiruna Hat Laurel Green XL","rank_math_description":"","rank_math_focus_keyword":"F77277, Fj\u00e4llr\u00e4ven, Kiruna, Hat, Laurel, Green, XL, Fj\u00e4llr\u00e4ven Kiruna Hat Laurel Green XL","GroupGuid":"","EcommerceProductGuid":"74E379DB-0978-4726-B3FC-020888EB9495","EcommerceProductVariationGuid":"","ProductNumber":"F77277","ProductId":"8020-1464"},"product_brand":[137],"product_cat":[94,211,70],"product_tag":[],"class_list":{"0":"post-3372","1":"product","2":"type-product","3":"status-publish","4":"has-post-thumbnail","6":"product_brand-fjallraven","7":"product_cat-accessoires-kleding","8":"product_cat-hoeden","9":"product_cat-kleding","10":"pa_kleur-groen","12":"first","13":"instock","14":"taxable","15":"shipping-taxable","16":"purchasable","17":"product-type-simple"},"bundled_by":[],"bundle_stock_status":"instock","bundle_stock_quantity":1,"bundle_virtual":false,"bundle_layout":"","bundle_add_to_cart_form_location":"","bundle_editable_in_cart":false,"bundle_sold_individually_context":"","bundle_item_grouping":"","bundle_min_size":"","bundle_max_size":"","bundle_price":[],"bundled_items":[],"bundle_sell_ids":[],"acf":[],"rank_math_title":"Fj\u00e4llr\u00e4ven Kiruna Hat Laurel Green XL","rank_math_description":null,"rank_math_focus_keyword":"F77277, Fj\u00e4llr\u00e4ven, Kiruna, Hat, Laurel, Green, XL, Fj\u00e4llr\u00e4ven Kiruna Hat Laurel Green XL","GroupGuid":null,"EcommerceProductGuid":"74E379DB-0978-4726-B3FC-020888EB9495","EcommerceProductVariationGuid":null,"ProductNumber":"F77277","ProductId":"8020-1464","IgnoreVenditGroupURL":null,"IgnoreVenditGroupSEO":null,"_links":{"self":[{"href":"https:\/\/barrelandboar.nl\/en\/wp-json\/wp\/v2\/product\/3372","targetHints":{"allow":["GET"]}}],"collection":[{"href":"https:\/\/barrelandboar.nl\/en\/wp-json\/wp\/v2\/product"}],"about":[{"href":"https:\/\/barrelandboar.nl\/en\/wp-json\/wp\/v2\/types\/product"}],"replies":[{"embeddable":true,"href":"https:\/\/barrelandboar.nl\/en\/wp-json\/wp\/v2\/comments?post=3372"}],"wp:featuredmedia":[{"embeddable":true,"href":"https:\/\/barrelandboar.nl\/en\/wp-json\/wp\/v2\/media\/3370"}],"wp:attachment":[{"href":"https:\/\/barrelandboar.nl\/en\/wp-json\/wp\/v2\/media?parent=3372"}],"wp:term":[{"taxonomy":"product_brand","embeddable":true,"href":"https:\/\/barrelandboar.nl\/en\/wp-json\/wp\/v2\/product_brand?post=3372"},{"taxonomy":"product_cat","embeddable":true,"href":"https:\/\/barrelandboar.nl\/en\/wp-json\/wp\/v2\/product_cat?post=3372"},{"taxonomy":"product_tag","embeddable":true,"href":"https:\/\/barrelandboar.nl\/en\/wp-json\/wp\/v2\/product_tag?post=3372"}],"curies":[{"name":"wp","href":"https:\/\/api.w.org\/{rel}","templated":true}]}}