{"id":3376,"date":"2025-04-11T14:19:33","date_gmt":"2025-04-11T12:19:33","guid":{"rendered":"https:\/\/barrelandboar.nl\/product\/fjallraven-singi-hip-pack-10-khaki-dust\/"},"modified":"2026-03-22T04:21:38","modified_gmt":"2026-03-22T03:21:38","slug":"fjallraven-singi-hip-pack-10-khaki-dust","status":"publish","type":"product","link":"https:\/\/barrelandboar.nl\/en\/fjallraven-singi-hip-pack-10-khaki-dust\/","title":{"rendered":"Fj\u00e4llr\u00e4ven Singi Hip Pack 10 Khaki Dust"},"content":{"rendered":"<p style=\"margin-top:0pt;margin-bottom:0pt\"><span style=\"font-size:10.5pt;color:#000000;background-color:#FFFFFF\">The\u00a0<\/span><span style=\"font-size:10.5pt;color:#000000;background-color:#FFFFFF;font-weight:bold\">Fj\u00e4llr\u00e4ven Singi Hip Pack 10<\/span><span style=\"font-size:10.5pt;color:#000000;background-color:#FFFFFF\">\u00a0is large, versatile and packed with features. It is a sturdy waist bag made for trekking, hunting and bushcraft. The 10-litre main compartment has a large opening, accessible from the top. There is also a small top pocket and a front pocket, with a quiet Vislon zip. There are two pockets on the sides with a drawstring closure, and the sturdy waist belt has two pockets and plastic loops that can be used to attach a dog lead.<\/span> <\/p>","protected":false},"excerpt":{"rendered":"<p style=\"margin-top:0pt;margin-bottom:0pt\"><span style=\"font-size:10.5pt;color:#000000;background-color:#FFFFFF\">The\u00a0<\/span><span style=\"font-size:10.5pt;color:#000000;background-color:#FFFFFF;font-weight:bold\">Fj\u00e4llr\u00e4ven Singi Hip Pack 10<\/span><span style=\"font-size:10.5pt;color:#000000;background-color:#FFFFFF\">\u00a0is large, versatile and packed with features. It is a sturdy waist bag made for trekking, hunting and bushcraft. <\/span><\/p>","protected":false},"featured_media":3373,"comment_status":"open","ping_status":"closed","template":"","meta":{"_acf_changed":false,"rank_math_title":"Fj\u00e4llr\u00e4ven Singi Hip Pack 10 Khaki Dust","rank_math_description":"","rank_math_focus_keyword":"F23200246, Fj\u00e4llr\u00e4ven, Singi, Hip, Pack, 10, Khaki, Dust, Fj\u00e4llr\u00e4ven Singi Hip Pack 10 Khaki Dust","GroupGuid":"","EcommerceProductGuid":"2495AAA9-5B3C-437F-A51A-5D44B5BA1558","EcommerceProductVariationGuid":"","ProductNumber":"F23200246","ProductId":"8106-0"},"product_brand":[137],"product_cat":[56,535,55],"product_tag":[],"class_list":{"0":"post-3376","1":"product","2":"type-product","3":"status-publish","4":"has-post-thumbnail","6":"product_brand-fjallraven","7":"product_cat-opbergen-transport","8":"product_cat-backpack","9":"product_cat-toebehoren","11":"first","12":"instock","13":"taxable","14":"shipping-taxable","15":"purchasable","16":"product-type-simple"},"bundled_by":[],"bundle_stock_status":"instock","bundle_stock_quantity":1,"bundle_virtual":false,"bundle_layout":"","bundle_add_to_cart_form_location":"","bundle_editable_in_cart":false,"bundle_sold_individually_context":"","bundle_item_grouping":"","bundle_min_size":"","bundle_max_size":"","bundle_price":[],"bundled_items":[],"bundle_sell_ids":[],"acf":[],"rank_math_title":"Fj\u00e4llr\u00e4ven Singi Hip Pack 10 Khaki Dust","rank_math_description":null,"rank_math_focus_keyword":"F23200246, Fj\u00e4llr\u00e4ven, Singi, Hip, Pack, 10, Khaki, Dust, Fj\u00e4llr\u00e4ven Singi Hip Pack 10 Khaki Dust","GroupGuid":null,"EcommerceProductGuid":"2495AAA9-5B3C-437F-A51A-5D44B5BA1558","EcommerceProductVariationGuid":null,"ProductNumber":"F23200246","ProductId":"8106-0","IgnoreVenditGroupURL":null,"IgnoreVenditGroupSEO":null,"_links":{"self":[{"href":"https:\/\/barrelandboar.nl\/en\/wp-json\/wp\/v2\/product\/3376","targetHints":{"allow":["GET"]}}],"collection":[{"href":"https:\/\/barrelandboar.nl\/en\/wp-json\/wp\/v2\/product"}],"about":[{"href":"https:\/\/barrelandboar.nl\/en\/wp-json\/wp\/v2\/types\/product"}],"replies":[{"embeddable":true,"href":"https:\/\/barrelandboar.nl\/en\/wp-json\/wp\/v2\/comments?post=3376"}],"wp:featuredmedia":[{"embeddable":true,"href":"https:\/\/barrelandboar.nl\/en\/wp-json\/wp\/v2\/media\/3373"}],"wp:attachment":[{"href":"https:\/\/barrelandboar.nl\/en\/wp-json\/wp\/v2\/media?parent=3376"}],"wp:term":[{"taxonomy":"product_brand","embeddable":true,"href":"https:\/\/barrelandboar.nl\/en\/wp-json\/wp\/v2\/product_brand?post=3376"},{"taxonomy":"product_cat","embeddable":true,"href":"https:\/\/barrelandboar.nl\/en\/wp-json\/wp\/v2\/product_cat?post=3376"},{"taxonomy":"product_tag","embeddable":true,"href":"https:\/\/barrelandboar.nl\/en\/wp-json\/wp\/v2\/product_tag?post=3376"}],"curies":[{"name":"wp","href":"https:\/\/api.w.org\/{rel}","templated":true}]}}