{"id":3424,"date":"2025-04-11T14:28:36","date_gmt":"2025-04-11T12:28:36","guid":{"rendered":"https:\/\/barrelandboar.nl\/product\/fjallraven-crowley-pique-shirt-m-mountain-grey\/"},"modified":"2026-03-22T04:39:06","modified_gmt":"2026-03-22T03:39:06","slug":"fjallraven-crowley-pique-shirt-m-mountain-grey","status":"publish","type":"product","link":"https:\/\/barrelandboar.nl\/en\/fjallraven-crowley-pique-shirt-m-mountain-grey\/","title":{"rendered":"Fj\u00e4llr\u00e4ven Crowley Pique Shirt M Mountain Grey"},"content":{"rendered":"<p style=\"margin-top:0pt;margin-bottom:0pt\"><span style=\"font-size:10.5pt;color:#000000;background-color:#FFFFFF\">Pique shirt made of quick-drying functional fabric that effectively wicks away moisture. Perfect during strenuous hiking or travelling in warm countries. Classic model with collar and dire buttons on the front.<\/span><\/p>","protected":false},"excerpt":{"rendered":"<p style=\"margin-top:0pt;margin-bottom:0pt\"><span style=\"font-size:10.5pt;color:#000000;background-color:#FFFFFF\">Fj\u00e4llr\u00e4ven Crowley Pique Short-sleeved shirt made from quick-drying functional fabric. Classic cut with collar and dire buttons on the front<\/span><span style=\"font-size:10.5pt;color:#000000;background-color:#FFFFFF\">.<\/span> <\/p>","protected":false},"featured_media":3422,"comment_status":"open","ping_status":"closed","template":"","meta":{"_acf_changed":false,"rank_math_title":"Fj\u00e4llr\u00e4ven Crowley Pique Shirt M Mountain Grey","rank_math_description":"","rank_math_focus_keyword":"81783-032, Fj\u00e4llr\u00e4ven, Crowley, Pique, Shirt, M, , Mountain, Grey, Fj\u00e4llr\u00e4ven Crowley Pique Shirt M Mountain Grey","GroupGuid":"","EcommerceProductGuid":"FB6476EB-3D72-49D3-855D-247E5C0D29E7","EcommerceProductVariationGuid":"","ProductNumber":"81783-032","ProductId":""},"product_brand":[137],"product_cat":[79,71,70],"product_tag":[],"class_list":{"0":"post-3424","1":"product","2":"type-product","3":"status-publish","4":"has-post-thumbnail","6":"product_brand-fjallraven","7":"product_cat-t-shirts","8":"product_cat-heren","9":"product_cat-kleding","10":"pa_kleur-grijs","12":"first","13":"instock","14":"taxable","15":"shipping-taxable","16":"purchasable","17":"product-type-variable"},"bundled_by":[],"bundle_stock_status":"instock","bundle_stock_quantity":null,"bundle_virtual":false,"bundle_layout":"","bundle_add_to_cart_form_location":"","bundle_editable_in_cart":false,"bundle_sold_individually_context":"","bundle_item_grouping":"","bundle_min_size":"","bundle_max_size":"","bundle_price":[],"bundled_items":[],"bundle_sell_ids":[],"acf":[],"rank_math_title":"Fj\u00e4llr\u00e4ven Crowley Pique Shirt M Mountain Grey","rank_math_description":null,"rank_math_focus_keyword":"81783-032, Fj\u00e4llr\u00e4ven, Crowley, Pique, Shirt, M, , Mountain, Grey, Fj\u00e4llr\u00e4ven Crowley Pique Shirt M Mountain Grey","GroupGuid":null,"EcommerceProductGuid":"FB6476EB-3D72-49D3-855D-247E5C0D29E7","EcommerceProductVariationGuid":null,"ProductNumber":"81783-032","ProductId":null,"IgnoreVenditGroupURL":null,"IgnoreVenditGroupSEO":null,"_links":{"self":[{"href":"https:\/\/barrelandboar.nl\/en\/wp-json\/wp\/v2\/product\/3424","targetHints":{"allow":["GET"]}}],"collection":[{"href":"https:\/\/barrelandboar.nl\/en\/wp-json\/wp\/v2\/product"}],"about":[{"href":"https:\/\/barrelandboar.nl\/en\/wp-json\/wp\/v2\/types\/product"}],"replies":[{"embeddable":true,"href":"https:\/\/barrelandboar.nl\/en\/wp-json\/wp\/v2\/comments?post=3424"}],"wp:featuredmedia":[{"embeddable":true,"href":"https:\/\/barrelandboar.nl\/en\/wp-json\/wp\/v2\/media\/3422"}],"wp:attachment":[{"href":"https:\/\/barrelandboar.nl\/en\/wp-json\/wp\/v2\/media?parent=3424"}],"wp:term":[{"taxonomy":"product_brand","embeddable":true,"href":"https:\/\/barrelandboar.nl\/en\/wp-json\/wp\/v2\/product_brand?post=3424"},{"taxonomy":"product_cat","embeddable":true,"href":"https:\/\/barrelandboar.nl\/en\/wp-json\/wp\/v2\/product_cat?post=3424"},{"taxonomy":"product_tag","embeddable":true,"href":"https:\/\/barrelandboar.nl\/en\/wp-json\/wp\/v2\/product_tag?post=3424"}],"curies":[{"name":"wp","href":"https:\/\/api.w.org\/{rel}","templated":true}]}}