{"id":3547,"date":"2025-04-11T14:48:22","date_gmt":"2025-04-11T12:48:22","guid":{"rendered":"https:\/\/barrelandboar.nl\/product\/fjallraven-stina-fleece-w-dark-olive\/"},"modified":"2026-03-22T04:31:06","modified_gmt":"2026-03-22T03:31:06","slug":"fjallraven-stina-fleece-w-dark-olive","status":"publish","type":"product","link":"https:\/\/barrelandboar.nl\/en\/fjallraven-stina-fleece-w-dark-olive\/","title":{"rendered":"Fj\u00e4llr\u00e4ven Stina Fleece W Dark Olive"},"content":{"rendered":"<p style=\"margin-top:0pt;margin-bottom:5pt\"><span style=\"font-size:10.5pt;color:#000000;background-color:#FFFFFF;font-weight:bold\">Fj\u00e4llr\u00e4ven Stina Fleece Vest W\u00a0<\/span><span style=\"font-size:10.5pt;color:#000000;background-color:#FFFFFF\">in the colour Dark Olive is a comfortable, soft fleece with roomy fit made of recycled polyester with a slightly blended effect.<\/span><\/p>\n<p style=\"margin-top:0pt;margin-bottom:5pt\"><span style=\"font-size:10.5pt;color:#000000;background-color:#FFFFFF\">Perfect for mountain treks and as a warm mid-layer under a shell jacket, or over a shirt when dusk falls on a lovely summer evening. The fleece material is produced in an environmentally friendly way, with the yarns being spun and dyed at the same time, which means that approx. 50% less water and 31% less energy was used for this model than for a standard produced fleece jumper.<\/span><\/p>\n<p style=\"margin-top:0pt;margin-bottom:5pt\"><span style=\"font-size:10.5pt;color:#000000;background-color:#FFFFFF\">It has a high collar that offers protection from the cutting wind, with protective fleece overlay between the zip and the chin. The vest has two spacious zipped side pockets; the zip pulls are natural-coloured leather.<\/span><\/p>\n<p style=\"margin-top:0pt;margin-bottom:5pt\"><span style=\"font-size:10.5pt;color:#000000;background-color:#FFFFFF;font-weight:bold\">Specifications:<\/span><\/p>\n<ul style=\"margin:0pt;padding:0pt;list-style-type:disc\">\n<li style=\"font-size:12pt\">\n<p style=\"margin-left:0pt;margin-top:0pt;margin-bottom:0pt\"><span style=\"color:#000000;background-color:#FFFFFF\">Blended fleece with recycled polyester and fabric treated in dye solution<\/span><\/p>\n<\/li>\n<li style=\"font-size:12pt\">\n<p style=\"margin-left:0pt;margin-top:0pt;margin-bottom:0pt\"><span style=\"color:#000000;background-color:#FFFFFF\">Lightweight fleece that provides that extra layer on colder days<\/span><\/p>\n<\/li>\n<li style=\"font-size:12pt\">\n<p style=\"margin-left:0pt;margin-top:0pt;margin-bottom:0pt\"><span style=\"color:#000000;background-color:#FFFFFF\">High collar with chin protection, 2 zipped lower pockets<\/span><\/p>\n<\/li>\n<li style=\"font-size:12pt\">\n<p style=\"margin-left:0pt;margin-top:0pt;margin-bottom:0pt\"><span style=\"color:#000000;background-color:#FFFFFF\">Material: 100% polyester<\/span><\/p>\n<\/li>\n<\/ul>","protected":false},"excerpt":{"rendered":"<p style=\"margin-top:0pt;margin-bottom:0pt\"><span style=\"font-size:10.5pt;color:#000000;background-color:#FFFFFF;font-weight:bold\">Fj\u00e4llr\u00e4ven Stina Fleece Vest W\u00a0<\/span><span style=\"font-size:10.5pt;color:#000000;background-color:#FFFFFF\">in the colour Dark Olive is a comfortable, soft fleece with roomy fit made of recycled polyester with a slightly blended effect.<\/span><\/p>","protected":false},"featured_media":8504,"comment_status":"open","ping_status":"closed","template":"","meta":{"_acf_changed":false,"rank_math_title":"Fj\u00e4llr\u00e4ven Stina Fleece W Dark Olive","rank_math_description":"","rank_math_focus_keyword":"89464, Fj\u00e4llr\u00e4ven, Stina, Fleece, W, Dark, Olive, Fj\u00e4llr\u00e4ven Stina Fleece W Dark Olive","GroupGuid":"","EcommerceProductGuid":"9AD85EB0-37CF-4199-A5E2-32DE22BEB911","EcommerceProductVariationGuid":"","ProductNumber":"89464","ProductId":""},"product_brand":[137],"product_cat":[83,70,85],"product_tag":[],"class_list":{"0":"post-3547","1":"product","2":"type-product","3":"status-publish","4":"has-post-thumbnail","6":"product_brand-fjallraven","7":"product_cat-dames","8":"product_cat-kleding","9":"product_cat-truien-vesten-dames","10":"pa_kleur-groen","12":"first","13":"instock","14":"taxable","15":"shipping-taxable","16":"purchasable","17":"product-type-variable"},"bundled_by":[],"bundle_stock_status":"instock","bundle_stock_quantity":null,"bundle_virtual":false,"bundle_layout":"","bundle_add_to_cart_form_location":"","bundle_editable_in_cart":false,"bundle_sold_individually_context":"","bundle_item_grouping":"","bundle_min_size":"","bundle_max_size":"","bundle_price":[],"bundled_items":[],"bundle_sell_ids":[],"acf":[],"rank_math_title":"Fj\u00e4llr\u00e4ven Stina Fleece W Dark Olive","rank_math_description":null,"rank_math_focus_keyword":"89464, Fj\u00e4llr\u00e4ven, Stina, Fleece, W, Dark, Olive, Fj\u00e4llr\u00e4ven Stina Fleece W Dark Olive","GroupGuid":null,"EcommerceProductGuid":"9AD85EB0-37CF-4199-A5E2-32DE22BEB911","EcommerceProductVariationGuid":null,"ProductNumber":"89464","ProductId":null,"IgnoreVenditGroupURL":null,"IgnoreVenditGroupSEO":null,"_links":{"self":[{"href":"https:\/\/barrelandboar.nl\/en\/wp-json\/wp\/v2\/product\/3547","targetHints":{"allow":["GET"]}}],"collection":[{"href":"https:\/\/barrelandboar.nl\/en\/wp-json\/wp\/v2\/product"}],"about":[{"href":"https:\/\/barrelandboar.nl\/en\/wp-json\/wp\/v2\/types\/product"}],"replies":[{"embeddable":true,"href":"https:\/\/barrelandboar.nl\/en\/wp-json\/wp\/v2\/comments?post=3547"}],"wp:featuredmedia":[{"embeddable":true,"href":"https:\/\/barrelandboar.nl\/en\/wp-json\/wp\/v2\/media\/8504"}],"wp:attachment":[{"href":"https:\/\/barrelandboar.nl\/en\/wp-json\/wp\/v2\/media?parent=3547"}],"wp:term":[{"taxonomy":"product_brand","embeddable":true,"href":"https:\/\/barrelandboar.nl\/en\/wp-json\/wp\/v2\/product_brand?post=3547"},{"taxonomy":"product_cat","embeddable":true,"href":"https:\/\/barrelandboar.nl\/en\/wp-json\/wp\/v2\/product_cat?post=3547"},{"taxonomy":"product_tag","embeddable":true,"href":"https:\/\/barrelandboar.nl\/en\/wp-json\/wp\/v2\/product_tag?post=3547"}],"curies":[{"name":"wp","href":"https:\/\/api.w.org\/{rel}","templated":true}]}}