{"id":3564,"date":"2025-04-11T14:51:47","date_gmt":"2025-04-11T12:51:47","guid":{"rendered":"https:\/\/barrelandboar.nl\/product\/fjallraven-expedition-latt-hoodie-m-deep-forest\/"},"modified":"2026-03-22T06:29:50","modified_gmt":"2026-03-22T05:29:50","slug":"fjallraven-expedition-latt-hoodie-m-deep-forest","status":"publish","type":"product","link":"https:\/\/barrelandboar.nl\/en\/fjallraven-expedition-latt-hoodie-m-deep-forest\/","title":{"rendered":"Fj\u00e4llr\u00e4ven Expedition L\u00e4tt Hoodie M Deep Forest"},"content":{"rendered":"<p style=\"margin-top:0pt;margin-bottom:5pt\"><span style=\"font-size:10.5pt;color:#000000;background-color:#FFFFFF\">The\u00a0<\/span><span style=\"font-size:10.5pt;color:#000000;background-color:#FFFFFF;font-weight:bold\">Fj\u00e4llr\u00e4ven Expedition L\u00e4tt Hoodie<\/span><span style=\"font-size:10.5pt;color:#000000;background-color:#FFFFFF\">\u00a0is a lightweight, pleated reinforced jacket, perfect for a variety of winter activities. The jacket is filled with 100% recycled polyester free fibre insulation that mimics the soft and fluffy properties of down. It is an excellent choice in wet conditions as its insulating capabilities are not lost when it gets damp.<\/span><\/p>\n<p style=\"margin-top:0pt;margin-bottom:5pt\"><span style=\"font-size:10.5pt;color:#000000;background-color:#FFFFFF\">The Expedition L\u00e4tt Hoodie is part of Fj\u00e4llr\u00e4ven's Expedition Series with iconic designs, sustainably produced materials and high reliability in cold conditions.<\/span><\/p>\n<p style=\"margin-top:0pt;margin-bottom:5pt\"><span style=\"font-size:10.5pt;color:#000000;background-color:#FFFFFF;font-weight:bold\">Specifications:<\/span><\/p>\n<ul style=\"margin:0pt;padding:0pt;list-style-type:disc\">\n<li style=\"font-size:12pt\">\n<p style=\"margin-left:0pt;margin-top:0pt;margin-bottom:0pt\"><span style=\"color:#000000;background-color:#FFFFFF\">Hood, two hand pockets and an inner pocket that can also be used as a pack bag<\/span><\/p>\n<\/li>\n<li style=\"font-size:12pt\">\n<p style=\"margin-left:0pt;margin-top:0pt;margin-bottom:0pt\"><span style=\"color:#000000;background-color:#FFFFFF\">Material: 100% polyamide<\/span><\/p>\n<\/li>\n<li style=\"font-size:12pt\">\n<p style=\"margin-left:0pt;margin-top:0pt;margin-bottom:0pt\"><span style=\"color:#000000;background-color:#FFFFFF\">Inner material: 100% polyamide<\/span><\/p>\n<\/li>\n<li style=\"font-size:12pt\">\n<p style=\"margin-left:0pt;margin-top:0pt;margin-bottom:0pt\"><span style=\"color:#000000;background-color:#FFFFFF\">Filling: 100% polyester<\/span><\/p>\n<\/li>\n<\/ul>","protected":false},"excerpt":{"rendered":"<p style=\"margin-top:0pt;margin-bottom:0pt\"><span style=\"font-size:10.5pt;color:#000000;background-color:#FFFFFF\">The\u00a0<\/span><span style=\"font-size:10.5pt;color:#000000;background-color:#FFFFFF;font-weight:bold\">Fj\u00e4llr\u00e4ven Expedition L\u00e4tt Hoodie<\/span><span style=\"font-size:10.5pt;color:#000000;background-color:#FFFFFF\">\u00a0is a lightweight, pleated reinforced jacket, perfect for a variety of winter activities.<\/span><\/p>","protected":false},"featured_media":12497,"comment_status":"open","ping_status":"closed","template":"","meta":{"_acf_changed":false,"rank_math_title":"Fj\u00e4llr\u00e4ven Expedition L\u00e4tt Hoodie M Deep Forest","rank_math_description":"","rank_math_focus_keyword":"86119, Fj\u00e4llr\u00e4ven, Expedition, L\u00e4tt, Hoodie, M, Deep, Forest, Fj\u00e4llr\u00e4ven Expedition L\u00e4tt Hoodie M Deep Forest","GroupGuid":"","EcommerceProductGuid":"D7329793-F4DE-48FA-8F7C-DFC4E585D073","EcommerceProductVariationGuid":"","ProductNumber":"86119","ProductId":""},"product_brand":[137],"product_cat":[71,72,70],"product_tag":[],"class_list":{"0":"post-3564","1":"product","2":"type-product","3":"status-publish","4":"has-post-thumbnail","6":"product_brand-fjallraven","7":"product_cat-heren","8":"product_cat-jassen","9":"product_cat-kleding","10":"pa_kleur-groen","12":"first","13":"instock","14":"sale","15":"taxable","16":"shipping-taxable","17":"purchasable","18":"product-type-variable"},"bundled_by":[],"bundle_stock_status":"instock","bundle_stock_quantity":null,"bundle_virtual":false,"bundle_layout":"","bundle_add_to_cart_form_location":"","bundle_editable_in_cart":false,"bundle_sold_individually_context":"","bundle_item_grouping":"","bundle_min_size":"","bundle_max_size":"","bundle_price":[],"bundled_items":[],"bundle_sell_ids":[],"acf":[],"rank_math_title":"Fj\u00e4llr\u00e4ven Expedition L\u00e4tt Hoodie M Deep Forest","rank_math_description":null,"rank_math_focus_keyword":"86119, Fj\u00e4llr\u00e4ven, Expedition, L\u00e4tt, Hoodie, M, Deep, Forest, Fj\u00e4llr\u00e4ven Expedition L\u00e4tt Hoodie M Deep Forest","GroupGuid":null,"EcommerceProductGuid":"D7329793-F4DE-48FA-8F7C-DFC4E585D073","EcommerceProductVariationGuid":null,"ProductNumber":"86119","ProductId":null,"IgnoreVenditGroupURL":null,"IgnoreVenditGroupSEO":null,"_links":{"self":[{"href":"https:\/\/barrelandboar.nl\/en\/wp-json\/wp\/v2\/product\/3564","targetHints":{"allow":["GET"]}}],"collection":[{"href":"https:\/\/barrelandboar.nl\/en\/wp-json\/wp\/v2\/product"}],"about":[{"href":"https:\/\/barrelandboar.nl\/en\/wp-json\/wp\/v2\/types\/product"}],"replies":[{"embeddable":true,"href":"https:\/\/barrelandboar.nl\/en\/wp-json\/wp\/v2\/comments?post=3564"}],"wp:featuredmedia":[{"embeddable":true,"href":"https:\/\/barrelandboar.nl\/en\/wp-json\/wp\/v2\/media\/12497"}],"wp:attachment":[{"href":"https:\/\/barrelandboar.nl\/en\/wp-json\/wp\/v2\/media?parent=3564"}],"wp:term":[{"taxonomy":"product_brand","embeddable":true,"href":"https:\/\/barrelandboar.nl\/en\/wp-json\/wp\/v2\/product_brand?post=3564"},{"taxonomy":"product_cat","embeddable":true,"href":"https:\/\/barrelandboar.nl\/en\/wp-json\/wp\/v2\/product_cat?post=3564"},{"taxonomy":"product_tag","embeddable":true,"href":"https:\/\/barrelandboar.nl\/en\/wp-json\/wp\/v2\/product_tag?post=3564"}],"curies":[{"name":"wp","href":"https:\/\/api.w.org\/{rel}","templated":true}]}}