{"id":3604,"date":"2025-04-11T14:55:49","date_gmt":"2025-04-11T12:55:49","guid":{"rendered":"https:\/\/barrelandboar.nl\/product\/fjallraven-varmland-wool-side-pocket-dark-olive-brown\/"},"modified":"2026-03-22T04:28:29","modified_gmt":"2026-03-22T03:28:29","slug":"fjallraven-varmland-wool-side-pocket-dark-olive-brown","status":"publish","type":"product","link":"https:\/\/barrelandboar.nl\/en\/fjallraven-varmland-wool-side-pocket-dark-olive-brown\/","title":{"rendered":"Fj\u00e4llr\u00e4ven V\u00e4rmland Wool Side Pocket Dark Olive \/ Brown"},"content":{"rendered":"<p style=\"margin-top:0pt;margin-bottom:5pt\"><span style=\"font-size:10.5pt;color:#000000;background-color:#FFFFFF\">The\u00a0<\/span><span style=\"font-size:10.5pt;color:#000000;background-color:#FFFFFF;font-weight:bold\">Fj\u00e4llr\u00e4ven V\u00e4rmland Wool Side Pocket<\/span><span style=\"font-size:10.5pt;color:#000000;background-color:#FFFFFF\">\u00a0is an additional side pocket that fits the\u00a0<\/span><span style=\"font-size:10.5pt;color:#000000;background-color:#FFFFFF;font-weight:bold\">V\u00e4rmland<\/span><span style=\"font-size:10.5pt;color:#000000;background-color:#FFFFFF\">\u00a0backpack and the\u00a0<\/span><span style=\"font-size:10.5pt;color:#000000;background-color:#FFFFFF;font-weight:bold\">Singi<\/span><span style=\"font-size:10.5pt;color:#000000;background-color:#FFFFFF\">\u00a0backpacks. It is made without PFCs and will last a lifetime.<\/span><\/p>\n<p style=\"margin-top:0pt;margin-bottom:5pt\"><span style=\"font-size:10.5pt;color:#000000;background-color:#FFFFFF\">The 4-litre side pocket offers extra storage space for things like drinking bottles or torches, this way they are also quickly at hand. It is made of sturdy, noiseless recycled wool and hard-wearing G-1000 HeavyDuty.<\/span><\/p>\n<p style=\"margin-top:0pt;margin-bottom:5pt\"><span style=\"font-size:10.5pt;color:#000000;background-color:#FFFFFF\">Features a padded and noiseless bottom that protects the contents and you can put on the ground with confidence. Very easy to attach with pins to the loops on the side of the backpack.<\/span><\/p>\n<p style=\"margin-top:0pt;margin-bottom:0pt\"><span style=\"font-size:10.5pt;color:#000000;background-color:#FFFFFF;font-weight:bold\">Specifications:<\/span><\/p>\n<ul style=\"margin:0pt;padding:0pt;list-style-type:disc\">\n<li style=\"font-size:12pt\">\n<p style=\"margin-left:0pt;margin-top:0pt;margin-bottom:0pt\"><span style=\"color:#000000;background-color:#FFFFFF\">Material: G-1000\u00ae HeavyDuty: 65% polyester, 35% cotton, 80% wool, 20% polyamide<\/span><\/p>\n<\/li>\n<li style=\"font-size:12pt\">\n<p style=\"margin-left:0pt;margin-top:0pt;margin-bottom:0pt\"><span style=\"color:#000000;background-color:#FFFFFF\">Material inside: G-1000\u00ae Lite: 65% polyester, 35% cotton<\/span><\/p>\n<\/li>\n<li style=\"font-size:12pt\">\n<p style=\"margin-left:0pt;margin-top:0pt;margin-bottom:0pt\"><span style=\"color:#000000;background-color:#FFFFFF\">Height: 35 cm<\/span><\/p>\n<\/li>\n<li style=\"font-size:12pt\">\n<p style=\"margin-left:0pt;margin-top:0pt;margin-bottom:0pt\"><span style=\"color:#000000;background-color:#FFFFFF\">Width: 21 cm<\/span><\/p>\n<\/li>\n<li style=\"font-size:12pt\">\n<p style=\"margin-left:0pt;margin-top:0pt;margin-bottom:0pt\"><span style=\"color:#000000;background-color:#FFFFFF\">Depth: 10 cm<\/span><\/p>\n<\/li>\n<li style=\"font-size:12pt\">\n<p style=\"margin-left:0pt;margin-top:0pt;margin-bottom:0pt\"><span style=\"color:#000000;background-color:#FFFFFF\">Volume: 4 l<\/span><\/p>\n<\/li>\n<li style=\"font-size:12pt\">\n<p style=\"margin-left:0pt;margin-top:0pt;margin-bottom:0pt\"><span style=\"color:#000000;background-color:#FFFFFF\">Weight: 155 g<\/span><\/p>\n<\/li>\n<\/ul>","protected":false},"excerpt":{"rendered":"<p style=\"margin-top:0pt;margin-bottom:0pt\"><span style=\"font-size:10.5pt;color:#000000;background-color:#FFFFFF\">The\u00a0<\/span><span style=\"font-size:10.5pt;color:#000000;background-color:#FFFFFF;font-weight:bold\">Fj\u00e4llr\u00e4ven V\u00e4rmland Wool Side Pocket<\/span><span style=\"font-size:10.5pt;color:#000000;background-color:#FFFFFF\">\u00a0is an additional side pocket that fits the\u00a0<\/span><span style=\"font-size:10.5pt;color:#000000;background-color:#FFFFFF;font-weight:bold\">V\u00e4rmland<\/span><span style=\"font-size:10.5pt;color:#000000;background-color:#FFFFFF\">\u00a0backpack and the\u00a0<\/span><span style=\"font-size:10.5pt;color:#000000;background-color:#FFFFFF;font-weight:bold\">Singi<\/span><span style=\"font-size:10.5pt;color:#000000;background-color:#FFFFFF\">\u00a0backpacks. <\/span><\/p>","protected":false},"featured_media":3600,"comment_status":"open","ping_status":"closed","template":"","meta":{"_acf_changed":false,"rank_math_title":"Fj\u00e4llr\u00e4ven V\u00e4rmland Wool Side Pocket Dark Olive \/ Brown","rank_math_description":"","rank_math_focus_keyword":"7323450785932, Fj\u00e4llr\u00e4ven, , V\u00e4rmland, Wool, Side, Pocket, , Dark, Olive, \/, Brown, Fj\u00e4llr\u00e4ven V\u00e4rmland Wool Side Pocket Dark Olive \/ Brown","GroupGuid":"","EcommerceProductGuid":"7A149AFB-5B33-4D67-8789-26B7899E09E8","EcommerceProductVariationGuid":"","ProductNumber":"7323450785932","ProductId":"8045-1538"},"product_brand":[137],"product_cat":[56,535,55],"product_tag":[],"class_list":{"0":"post-3604","1":"product","2":"type-product","3":"status-publish","4":"has-post-thumbnail","6":"product_brand-fjallraven","7":"product_cat-opbergen-transport","8":"product_cat-backpack","9":"product_cat-toebehoren","10":"pa_kleur-bruin","12":"first","13":"onbackorder","14":"taxable","15":"shipping-taxable","16":"purchasable","17":"product-type-simple"},"bundled_by":[],"bundle_stock_status":"onbackorder","bundle_stock_quantity":0,"bundle_virtual":false,"bundle_layout":"","bundle_add_to_cart_form_location":"","bundle_editable_in_cart":false,"bundle_sold_individually_context":"","bundle_item_grouping":"","bundle_min_size":"","bundle_max_size":"","bundle_price":[],"bundled_items":[],"bundle_sell_ids":[],"acf":[],"rank_math_title":"Fj\u00e4llr\u00e4ven V\u00e4rmland Wool Side Pocket Dark Olive \/ Brown","rank_math_description":null,"rank_math_focus_keyword":"7323450785932, Fj\u00e4llr\u00e4ven, , V\u00e4rmland, Wool, Side, Pocket, , Dark, Olive, \/, Brown, Fj\u00e4llr\u00e4ven V\u00e4rmland Wool Side Pocket Dark Olive \/ Brown","GroupGuid":null,"EcommerceProductGuid":"7A149AFB-5B33-4D67-8789-26B7899E09E8","EcommerceProductVariationGuid":null,"ProductNumber":"7323450785932","ProductId":"8045-1538","IgnoreVenditGroupURL":null,"IgnoreVenditGroupSEO":null,"_links":{"self":[{"href":"https:\/\/barrelandboar.nl\/en\/wp-json\/wp\/v2\/product\/3604","targetHints":{"allow":["GET"]}}],"collection":[{"href":"https:\/\/barrelandboar.nl\/en\/wp-json\/wp\/v2\/product"}],"about":[{"href":"https:\/\/barrelandboar.nl\/en\/wp-json\/wp\/v2\/types\/product"}],"replies":[{"embeddable":true,"href":"https:\/\/barrelandboar.nl\/en\/wp-json\/wp\/v2\/comments?post=3604"}],"wp:featuredmedia":[{"embeddable":true,"href":"https:\/\/barrelandboar.nl\/en\/wp-json\/wp\/v2\/media\/3600"}],"wp:attachment":[{"href":"https:\/\/barrelandboar.nl\/en\/wp-json\/wp\/v2\/media?parent=3604"}],"wp:term":[{"taxonomy":"product_brand","embeddable":true,"href":"https:\/\/barrelandboar.nl\/en\/wp-json\/wp\/v2\/product_brand?post=3604"},{"taxonomy":"product_cat","embeddable":true,"href":"https:\/\/barrelandboar.nl\/en\/wp-json\/wp\/v2\/product_cat?post=3604"},{"taxonomy":"product_tag","embeddable":true,"href":"https:\/\/barrelandboar.nl\/en\/wp-json\/wp\/v2\/product_tag?post=3604"}],"curies":[{"name":"wp","href":"https:\/\/api.w.org\/{rel}","templated":true}]}}