{"id":3729,"date":"2025-04-11T15:10:42","date_gmt":"2025-04-11T13:10:42","guid":{"rendered":"https:\/\/barrelandboar.nl\/product\/fjallraven-lappland-fleece-sjaal-orange\/"},"modified":"2026-03-22T04:22:57","modified_gmt":"2026-03-22T03:22:57","slug":"fjallraven-lappland-fleece-sjaal-orange","status":"publish","type":"product","link":"https:\/\/barrelandboar.nl\/en\/fjallraven-lappland-fleece-sjaal-orange\/","title":{"rendered":"Fj\u00e4llr\u00e4ven Lappland Fleece Scarf Orange"},"content":{"rendered":"<p style=\"margin-top:0pt;margin-bottom:5pt\"><span style=\"font-size:10.5pt;color:#000000;background-color:#FFFFFF\">The\u00a0<\/span><span style=\"font-size:10.5pt;color:#000000;background-color:#FFFFFF;font-weight:bold\">Fj\u00e4llr\u00e4ven Lappland Fleece Scarf<\/span><span style=\"font-size:10.5pt;color:#000000;background-color:#FFFFFF\">\u00a0is a comfortable, soft and warm scarf made of recycled polyester. Light and handy, it is easy to store in a backpack or jacket pocket. It has a small folded leather logo on the side.<\/span><\/p>\n<p style=\"margin-top:0pt;margin-bottom:5pt\"><span style=\"font-size:10.5pt;color:#000000;background-color:#FFFFFF\">The fleece fabric is made in an eco-friendly process, where the fibres are simultaneously dyed and spun. This leads to much lower water and energy consumption compared to traditional dyeing techniques.<\/span><\/p>\n<p style=\"margin-top:0pt;margin-bottom:0pt\"><span style=\"font-size:10.5pt;color:#000000;background-color:#FFFFFF;font-weight:bold\">Specifications:<\/span><\/p>\n<ul style=\"margin:0pt;padding:0pt;list-style-type:disc\">\n<li style=\"font-size:12pt;margin-left:18pt\">\n<p style=\"margin-left:0pt;margin-top:0pt;margin-bottom:0pt\"><span style=\"color:#000000;background-color:#FFFFFF\">Comfortable scarf made of warm, soft fleece fabric<\/span><\/p>\n<\/li>\n<li style=\"font-size:12pt;margin-left:18pt\">\n<p style=\"margin-left:0pt;margin-top:0pt;margin-bottom:0pt\"><span style=\"color:#000000;background-color:#FFFFFF\">Lightweight and easy to store in a bag when not in use<\/span><\/p>\n<\/li>\n<li style=\"font-size:12pt;margin-left:18pt\">\n<p style=\"margin-left:0pt;margin-top:0pt;margin-bottom:0pt\"><span style=\"color:#000000;background-color:#FFFFFF\">Made of recycled polyester treated in a dye solution<\/span><\/p>\n<\/li>\n<li style=\"font-size:12pt;margin-left:18pt\">\n<p style=\"margin-left:0pt;margin-top:0pt;margin-bottom:0pt\"><span style=\"color:#000000;background-color:#FFFFFF\">Small leather loop with logo<\/span><\/p>\n<\/li>\n<li style=\"font-size:12pt;margin-left:18pt\">\n<p style=\"margin-left:0pt;margin-top:0pt;margin-bottom:0pt\"><span style=\"color:#000000;background-color:#FFFFFF\">Flatlock seams<\/span><\/p>\n<\/li>\n<li style=\"font-size:12pt;margin-left:18pt\">\n<p style=\"margin-left:0pt;margin-top:0pt;margin-bottom:0pt\"><span style=\"color:#000000;background-color:#FFFFFF\">Sustainable<\/span><\/p>\n<\/li>\n<li style=\"font-size:12pt;margin-left:18pt\">\n<p style=\"margin-left:0pt;margin-top:0pt;margin-bottom:0pt\"><span style=\"color:#000000;background-color:#FFFFFF\">Quick-drying<\/span><\/p>\n<\/li>\n<li style=\"font-size:12pt;margin-left:18pt\">\n<p style=\"margin-left:0pt;margin-top:0pt;margin-bottom:0pt\"><span style=\"color:#000000;background-color:#FFFFFF\">Material: 100% polyester<\/span><\/p>\n<\/li>\n<li style=\"font-size:12pt;margin-left:18pt\">\n<p style=\"margin-left:0pt;margin-top:0pt;margin-bottom:0pt\">One Size<\/p>\n<\/li>\n<\/ul>","protected":false},"excerpt":{"rendered":"<p style=\"margin-top:0pt;margin-bottom:0pt\"><span style=\"font-size:10.5pt;color:#000000;background-color:#FFFFFF\">The\u00a0<\/span><span style=\"font-size:10.5pt;color:#000000;background-color:#FFFFFF;font-weight:bold\">Fj\u00e4llr\u00e4ven Lappland Fleece Scarf<\/span><span style=\"font-size:10.5pt;color:#000000;background-color:#FFFFFF\">\u00a0is a comfortable, soft and warm scarf made of recycled polyester. <\/span><\/p>","protected":false},"featured_media":8724,"comment_status":"open","ping_status":"closed","template":"","meta":{"_acf_changed":false,"rank_math_title":"Fj\u00e4llr\u00e4ven Lappland Fleece Sjaal Orange","rank_math_description":"","rank_math_focus_keyword":"77325-1, Fj\u00e4llr\u00e4ven, Lappland, Fleece, Sjaal, Orange, Fj\u00e4llr\u00e4ven Lappland Fleece Sjaal Orange","GroupGuid":"","EcommerceProductGuid":"3359678B-3849-4DD1-AEF0-749C5DA64C4E","EcommerceProductVariationGuid":"","ProductNumber":"77325-1","ProductId":"7948-1237"},"product_brand":[137],"product_cat":[83,94,539,82,71,70,97],"product_tag":[],"class_list":{"0":"post-3729","1":"product","2":"type-product","3":"status-publish","4":"has-post-thumbnail","6":"product_brand-fjallraven","7":"product_cat-dames","8":"product_cat-accessoires-kleding","9":"product_cat-drijfjacht-dames","10":"product_cat-drijfjacht","11":"product_cat-heren","12":"product_cat-kleding","13":"product_cat-sjaals","14":"pa_kleur-oranje","16":"first","17":"instock","18":"taxable","19":"shipping-taxable","20":"purchasable","21":"product-type-simple"},"bundled_by":[],"bundle_stock_status":"instock","bundle_stock_quantity":1,"bundle_virtual":false,"bundle_layout":"","bundle_add_to_cart_form_location":"","bundle_editable_in_cart":false,"bundle_sold_individually_context":"","bundle_item_grouping":"","bundle_min_size":"","bundle_max_size":"","bundle_price":[],"bundled_items":[],"bundle_sell_ids":[],"acf":[],"rank_math_title":"Fj\u00e4llr\u00e4ven Lappland Fleece Sjaal Orange","rank_math_description":null,"rank_math_focus_keyword":"77325-1, Fj\u00e4llr\u00e4ven, Lappland, Fleece, Sjaal, Orange, Fj\u00e4llr\u00e4ven Lappland Fleece Sjaal Orange","GroupGuid":null,"EcommerceProductGuid":"3359678B-3849-4DD1-AEF0-749C5DA64C4E","EcommerceProductVariationGuid":null,"ProductNumber":"77325-1","ProductId":"7948-1237","IgnoreVenditGroupURL":null,"IgnoreVenditGroupSEO":null,"_links":{"self":[{"href":"https:\/\/barrelandboar.nl\/en\/wp-json\/wp\/v2\/product\/3729","targetHints":{"allow":["GET"]}}],"collection":[{"href":"https:\/\/barrelandboar.nl\/en\/wp-json\/wp\/v2\/product"}],"about":[{"href":"https:\/\/barrelandboar.nl\/en\/wp-json\/wp\/v2\/types\/product"}],"replies":[{"embeddable":true,"href":"https:\/\/barrelandboar.nl\/en\/wp-json\/wp\/v2\/comments?post=3729"}],"wp:featuredmedia":[{"embeddable":true,"href":"https:\/\/barrelandboar.nl\/en\/wp-json\/wp\/v2\/media\/8724"}],"wp:attachment":[{"href":"https:\/\/barrelandboar.nl\/en\/wp-json\/wp\/v2\/media?parent=3729"}],"wp:term":[{"taxonomy":"product_brand","embeddable":true,"href":"https:\/\/barrelandboar.nl\/en\/wp-json\/wp\/v2\/product_brand?post=3729"},{"taxonomy":"product_cat","embeddable":true,"href":"https:\/\/barrelandboar.nl\/en\/wp-json\/wp\/v2\/product_cat?post=3729"},{"taxonomy":"product_tag","embeddable":true,"href":"https:\/\/barrelandboar.nl\/en\/wp-json\/wp\/v2\/product_tag?post=3729"}],"curies":[{"name":"wp","href":"https:\/\/api.w.org\/{rel}","templated":true}]}}