{"id":3822,"date":"2025-04-11T15:26:19","date_gmt":"2025-04-11T13:26:19","guid":{"rendered":"https:\/\/barrelandboar.nl\/product\/fjallraven-keb-eco-shell-jacket-m-deep-forest\/"},"modified":"2026-03-22T04:23:21","modified_gmt":"2026-03-22T03:23:21","slug":"fjallraven-keb-eco-shell-jacket-m-deep-forest","status":"publish","type":"product","link":"https:\/\/barrelandboar.nl\/en\/fjallraven-keb-eco-shell-jacket-m-deep-forest\/","title":{"rendered":"Fj\u00e4llr\u00e4ven Keb Eco-Shell Jacket M Deep Forest"},"content":{"rendered":"<p style=\"margin-top:0pt;margin-bottom:5pt\"><span style=\"font-size:10.5pt;color:#000000;background-color:#FFFFFF\">The\u00a0<\/span><span style=\"font-size:10.5pt;color:#000000;background-color:#FFFFFF;font-weight:bold\">Fj\u00e4llr\u00e4ven Keb Eco-Shell Jacket<\/span><span style=\"font-size:10.5pt;color:#000000;background-color:#FFFFFF\">\u00a0is a top-of-the-range mackintosh. Anyone familiar with Fj\u00e4llr\u00e4ven will immediately see that the Keb Eco-Shell jacket is more than just an ordinary mackintosh. To stop the rain, the Swedish brand relies on no less than a three-layer Eco protection with stretch. When worn, you hardly notice you are wearing a jacket.<\/span><\/p>\n<p style=\"margin-top:0pt;margin-bottom:5pt\"><span style=\"font-size:10.5pt;color:#000000;background-color:#FFFFFF\">With a water column of 30,000 mm, the jacket will keep you dry and sheltered from heavy rain for an exceptionally long time. Without compromising on excellent breathability. For activities, open the vertical ventilation zips on the sides for extra ventilation. There is a zipped pocket on the upper left arm and two spacious chest pockets on the front. Fj\u00e4llr\u00e4ven has placed these so that you can still easily grab your things while wearing a backpack.<\/span><\/p>\n<p style=\"margin-top:0pt;margin-bottom:5pt\"><span style=\"font-size:10.5pt;color:#000000;background-color:#FFFFFF\">Last but not least, the manufacturing of the Eco Shell jacket was almost climate-neutral. This is due to the use of recycled materials and a Fluorocarbon-free impregnation.<\/span><\/p>\n<p style=\"margin-top:0pt;margin-bottom:0pt\"><span style=\"font-size:10.5pt;color:#000000;background-color:#FFFFFF;font-weight:bold\">Specifications:<\/span><\/p>\n<ul style=\"margin:0pt;padding:0pt;list-style-type:disc\">\n<li style=\"font-size:12pt\">\n<p style=\"margin-left:0pt;margin-top:0pt;margin-bottom:0pt\"><span style=\"color:#000000;background-color:#FFFFFF\">Exceptionally protective mackintosh<\/span><\/p>\n<\/li>\n<li style=\"font-size:12pt\">\n<p style=\"margin-left:0pt;margin-top:0pt;margin-bottom:0pt\"><span style=\"color:#000000;background-color:#FFFFFF\">Three-layer Eco-Shell<\/span><\/p>\n<\/li>\n<li style=\"font-size:12pt\">\n<p style=\"margin-left:0pt;margin-top:0pt;margin-bottom:0pt\"><span style=\"color:#000000;background-color:#FFFFFF\">Aquaguard two-way zip with protective flap<\/span><\/p>\n<\/li>\n<li style=\"font-size:12pt\">\n<p style=\"margin-left:0pt;margin-top:0pt;margin-bottom:0pt\"><span style=\"color:#000000;background-color:#FFFFFF\">Pockets with waterproof zips<\/span><\/p>\n<\/li>\n<li style=\"font-size:12pt\">\n<p style=\"margin-left:0pt;margin-top:0pt;margin-bottom:0pt\"><span style=\"color:#000000;background-color:#FFFFFF\">Two spacious chest pockets<\/span><\/p>\n<\/li>\n<li style=\"font-size:12pt\">\n<p style=\"margin-left:0pt;margin-top:0pt;margin-bottom:0pt\"><span style=\"color:#000000;background-color:#FFFFFF\">Zipped pocket on upper left arm<\/span><\/p>\n<\/li>\n<li style=\"font-size:12pt\">\n<p style=\"margin-left:0pt;margin-top:0pt;margin-bottom:0pt\"><span style=\"color:#000000;background-color:#FFFFFF\">Adjustable cuffs with Velcro tape<\/span><\/p>\n<\/li>\n<li style=\"font-size:12pt\">\n<p style=\"margin-left:0pt;margin-top:0pt;margin-bottom:0pt\"><span style=\"color:#000000;background-color:#FFFFFF\">Inside pocket with mesh lining<\/span><\/p>\n<\/li>\n<li style=\"font-size:12pt\">\n<p style=\"margin-left:0pt;margin-top:0pt;margin-bottom:0pt\"><span style=\"color:#000000;background-color:#FFFFFF\">Adjustable hood<\/span><\/p>\n<\/li>\n<li style=\"font-size:12pt\">\n<p style=\"margin-left:0pt;margin-top:0pt;margin-bottom:0pt\"><span style=\"color:#000000;background-color:#FFFFFF\">Drawstring in the bottom edge<\/span><\/p>\n<\/li>\n<li style=\"font-size:12pt\">\n<p style=\"margin-left:0pt;margin-top:0pt;margin-bottom:0pt\"><span style=\"color:#000000;background-color:#FFFFFF\">Climate-friendly production<\/span><\/p>\n<\/li>\n<\/ul>","protected":false},"excerpt":{"rendered":"<p style=\"margin-top:0pt;margin-bottom:0pt\"><span style=\"font-size:10.5pt;color:#000000;background-color:#FFFFFF\">The\u00a0<\/span><span style=\"font-size:10.5pt;color:#000000;background-color:#FFFFFF;font-weight:bold\">Fj\u00e4llr\u00e4ven Keb Eco-Shell Jacket<\/span><span style=\"font-size:10.5pt;color:#000000;background-color:#FFFFFF\">\u00a0is a top-of-the-range mackintosh. Anyone familiar with Fj\u00e4llr\u00e4ven will immediately see that the Keb Eco-Shell jacket is more than just an ordinary mackintosh. To stop the rain, the Swedish brand relies on no less than a three-layer Eco protection with stretch.<\/span><\/p>","protected":false},"featured_media":3820,"comment_status":"open","ping_status":"closed","template":"","meta":{"_acf_changed":false,"rank_math_title":"Fj\u00e4llr\u00e4ven Keb Eco-Shell Jacket M Deep Forest","rank_math_description":"","rank_math_focus_keyword":"82411, Fj\u00e4llr\u00e4ven, Keb, Eco-Shell, Jacket, M, Deep, Forest, Fj\u00e4llr\u00e4ven Keb Eco-Shell Jacket M Deep Forest","GroupGuid":"","EcommerceProductGuid":"389E077F-9325-4945-AA89-0CF0BFA8FEC6","EcommerceProductVariationGuid":"","ProductNumber":"82411","ProductId":""},"product_brand":[137],"product_cat":[94,71,72,70,358],"product_tag":[],"class_list":{"0":"post-3822","1":"product","2":"type-product","3":"status-publish","4":"has-post-thumbnail","6":"product_brand-fjallraven","7":"product_cat-accessoires-kleding","8":"product_cat-heren","9":"product_cat-jassen","10":"product_cat-kleding","11":"product_cat-regenkledng","12":"pa_kleur-groen","14":"first","15":"instock","16":"sale","17":"taxable","18":"shipping-taxable","19":"purchasable","20":"product-type-variable"},"bundled_by":[],"bundle_stock_status":"instock","bundle_stock_quantity":null,"bundle_virtual":false,"bundle_layout":"","bundle_add_to_cart_form_location":"","bundle_editable_in_cart":false,"bundle_sold_individually_context":"","bundle_item_grouping":"","bundle_min_size":"","bundle_max_size":"","bundle_price":[],"bundled_items":[],"bundle_sell_ids":[],"acf":[],"rank_math_title":"Fj\u00e4llr\u00e4ven Keb Eco-Shell Jacket M Deep Forest","rank_math_description":null,"rank_math_focus_keyword":"82411, Fj\u00e4llr\u00e4ven, Keb, Eco-Shell, Jacket, M, Deep, Forest, Fj\u00e4llr\u00e4ven Keb Eco-Shell Jacket M Deep Forest","GroupGuid":null,"EcommerceProductGuid":"389E077F-9325-4945-AA89-0CF0BFA8FEC6","EcommerceProductVariationGuid":null,"ProductNumber":"82411","ProductId":null,"IgnoreVenditGroupURL":null,"IgnoreVenditGroupSEO":null,"_links":{"self":[{"href":"https:\/\/barrelandboar.nl\/en\/wp-json\/wp\/v2\/product\/3822","targetHints":{"allow":["GET"]}}],"collection":[{"href":"https:\/\/barrelandboar.nl\/en\/wp-json\/wp\/v2\/product"}],"about":[{"href":"https:\/\/barrelandboar.nl\/en\/wp-json\/wp\/v2\/types\/product"}],"replies":[{"embeddable":true,"href":"https:\/\/barrelandboar.nl\/en\/wp-json\/wp\/v2\/comments?post=3822"}],"wp:featuredmedia":[{"embeddable":true,"href":"https:\/\/barrelandboar.nl\/en\/wp-json\/wp\/v2\/media\/3820"}],"wp:attachment":[{"href":"https:\/\/barrelandboar.nl\/en\/wp-json\/wp\/v2\/media?parent=3822"}],"wp:term":[{"taxonomy":"product_brand","embeddable":true,"href":"https:\/\/barrelandboar.nl\/en\/wp-json\/wp\/v2\/product_brand?post=3822"},{"taxonomy":"product_cat","embeddable":true,"href":"https:\/\/barrelandboar.nl\/en\/wp-json\/wp\/v2\/product_cat?post=3822"},{"taxonomy":"product_tag","embeddable":true,"href":"https:\/\/barrelandboar.nl\/en\/wp-json\/wp\/v2\/product_tag?post=3822"}],"curies":[{"name":"wp","href":"https:\/\/api.w.org\/{rel}","templated":true}]}}