{"id":3866,"date":"2025-04-11T15:35:45","date_gmt":"2025-04-11T13:35:45","guid":{"rendered":"https:\/\/barrelandboar.nl\/product\/fjallraven-kaipak-38-pine-green\/"},"modified":"2026-04-10T12:49:21","modified_gmt":"2026-04-10T10:49:21","slug":"fjallraven-kaipak-38-pine-green","status":"publish","type":"product","link":"https:\/\/barrelandboar.nl\/en\/fjallraven-kaipak-38-pine-green\/","title":{"rendered":"Fj\u00e4llr\u00e4ven Kaipak 38 Pine Green"},"content":{"rendered":"<ul style=\"margin:0pt;padding:0pt;list-style-type:disc\">\n<li style=\"font-size:11pt;margin-left:18pt\">\n<p style=\"margin-left:0pt;margin-top:0pt;margin-bottom:12pt\"><span style=\"font-size:11pt;color:#151515;background-color:#FFFFFF\">Fj\u00e4llr\u00e4ven's Kaipak 38L is a robust daypack for active outdoor life all year round.<\/span><\/p>\n<\/li>\n<li style=\"font-size:11pt;margin-left:18pt\">\n<p style=\"margin-left:0pt;margin-top:0pt;margin-bottom:12pt\"><span style=\"font-size:11pt;color:#151515;background-color:#FFFFFF\">The backpack is made of\u00a0<\/span><span style=\"font-size:11pt;color:#0000FF;background-color:#FFFFFF;text-decoration:underline\">G-1000<\/span><span style=\"font-size:11pt;color:#151515;background-color:#FFFFFF\">\u00a0<\/span><\/p>\n<\/li>\n<li style=\"font-size:11pt;margin-left:18pt\">\n<p style=\"margin-left:0pt;margin-top:0pt;margin-bottom:12pt\"><span style=\"font-size:11pt;color:#151515;background-color:#FFFFFF\">Due to the durable materials, this backpack is very hard-wearing.<\/span><\/p>\n<\/li>\n<li style=\"font-size:11pt;margin-left:18pt\">\n<p style=\"margin-left:0pt;margin-top:0pt;margin-bottom:12pt\"><span style=\"font-size:11pt;color:#151515;background-color:#FFFFFF\">The carrying system is comfortable with moulded shoulder straps and a simple waist belt that can be removed when not needed.<\/span><\/p>\n<\/li>\n<li style=\"font-size:11pt;margin-left:18pt\">\n<p style=\"margin-left:0pt;margin-top:0pt;margin-bottom:12pt\"><span style=\"font-size:11pt;color:#151515;background-color:#FFFFFF\">The spacious main compartment is accessible from the top and also has a snow seal at the top.<\/span><\/p>\n<\/li>\n<li style=\"font-size:11pt;margin-left:18pt\">\n<p style=\"margin-left:0pt;margin-top:0pt;margin-bottom:12pt\"><span style=\"font-size:11pt;color:#151515;background-color:#FFFFFF\">The top lid has two pockets and attachment options for hiking poles.<\/span><\/p>\n<\/li>\n<li style=\"font-size:11pt;margin-left:18pt\">\n<p style=\"margin-left:0pt;margin-top:0pt;margin-bottom:12pt\"><span style=\"font-size:11pt;color:#151515;background-color:#FFFFFF\">The backpack has a zipped pocket at the front for easy access to rainwear and the like, and two side pockets.<\/span><\/p>\n<\/li>\n<li style=\"font-size:11pt;margin-left:18pt\">\n<p style=\"margin-left:0pt;margin-top:0pt;margin-bottom:12pt\"><span style=\"font-size:11pt;color:#151515;background-color:#FFFFFF\">Compression straps on the sides stabilise the contents of the backpack, even if it is not fully filled.<\/span><\/p>\n<\/li>\n<li style=\"font-size:11pt;margin-left:18pt\">\n<p style=\"margin-left:0pt;margin-top:0pt;margin-bottom:12pt\"><span style=\"font-size:11pt;color:#151515;background-color:#FFFFFF\">The material can be coated with Greenland Wax impregnation for added resistance to moisture and abrasion.<\/span><\/p>\n<\/li>\n<li style=\"font-size:11pt;margin-left:18pt\">\n<p style=\"margin-left:0pt;margin-top:0pt;margin-bottom:12pt\"><span style=\"font-size:11pt;color:#151515;background-color:#FFFFFF\">A rain cover in striking safety colour (UN Blue) is included.<\/span><\/p>\n<\/li>\n<li style=\"font-size:11pt;margin-left:18pt\">\n<p style=\"margin-left:0pt;margin-top:0pt;margin-bottom:0pt\"><span style=\"font-size:11pt;color:#151515;background-color:#FFFFFF\">Not\u00a0<\/span><span style=\"font-size:11pt;color:#0000FF;background-color:#FFFFFF;text-decoration:underline\">waterproof<\/span><span style=\"font-size:11pt;color:#151515;background-color:#FFFFFF\">.<\/span><\/p>\n<\/li>\n<\/ul>","protected":false},"excerpt":{"rendered":"<p style=\"margin-top:0pt;margin-bottom:0pt\"><span style=\"font-size:11pt;color:#151515;background-color:#FFFFFF\">Fj\u00e4llr\u00e4ven's Kaipak 38L is a robust daypack for active outdoor life all year round.<\/span><\/p>","protected":false},"featured_media":3865,"comment_status":"open","ping_status":"closed","template":"","meta":{"_acf_changed":false,"rank_math_title":"Fj\u00e4llr\u00e4ven Kaipak 38 Pine Green","rank_math_description":"","rank_math_focus_keyword":"27085, Fj\u00e4llr\u00e4ven, Kaipak, 38, Pine, Green, Fj\u00e4llr\u00e4ven Kaipak 38 Pine Green","GroupGuid":"","EcommerceProductGuid":"737B6CAC-1756-4F7B-8ED5-9D6C66DBD785","EcommerceProductVariationGuid":"","ProductNumber":"27085","ProductId":"8087-0"},"product_brand":[137],"product_cat":[56,535,55],"product_tag":[],"class_list":{"0":"post-3866","1":"product","2":"type-product","3":"status-publish","4":"has-post-thumbnail","6":"product_brand-fjallraven","7":"product_cat-opbergen-transport","8":"product_cat-backpack","9":"product_cat-toebehoren","10":"pa_kleur-groen","12":"first","13":"instock","14":"taxable","15":"shipping-taxable","16":"purchasable","17":"product-type-simple"},"bundled_by":[],"bundle_stock_status":"instock","bundle_stock_quantity":1,"bundle_virtual":false,"bundle_layout":"","bundle_add_to_cart_form_location":"","bundle_editable_in_cart":false,"bundle_sold_individually_context":"","bundle_item_grouping":"","bundle_min_size":"","bundle_max_size":"","bundle_price":[],"bundled_items":[],"bundle_sell_ids":[],"acf":[],"rank_math_title":"Fj\u00e4llr\u00e4ven Kaipak 38 Pine Green","rank_math_description":null,"rank_math_focus_keyword":"27085, Fj\u00e4llr\u00e4ven, Kaipak, 38, Pine, Green, Fj\u00e4llr\u00e4ven Kaipak 38 Pine Green","GroupGuid":null,"EcommerceProductGuid":"737B6CAC-1756-4F7B-8ED5-9D6C66DBD785","EcommerceProductVariationGuid":null,"ProductNumber":"27085","ProductId":"8087-0","IgnoreVenditGroupURL":null,"IgnoreVenditGroupSEO":null,"_links":{"self":[{"href":"https:\/\/barrelandboar.nl\/en\/wp-json\/wp\/v2\/product\/3866","targetHints":{"allow":["GET"]}}],"collection":[{"href":"https:\/\/barrelandboar.nl\/en\/wp-json\/wp\/v2\/product"}],"about":[{"href":"https:\/\/barrelandboar.nl\/en\/wp-json\/wp\/v2\/types\/product"}],"replies":[{"embeddable":true,"href":"https:\/\/barrelandboar.nl\/en\/wp-json\/wp\/v2\/comments?post=3866"}],"wp:featuredmedia":[{"embeddable":true,"href":"https:\/\/barrelandboar.nl\/en\/wp-json\/wp\/v2\/media\/3865"}],"wp:attachment":[{"href":"https:\/\/barrelandboar.nl\/en\/wp-json\/wp\/v2\/media?parent=3866"}],"wp:term":[{"taxonomy":"product_brand","embeddable":true,"href":"https:\/\/barrelandboar.nl\/en\/wp-json\/wp\/v2\/product_brand?post=3866"},{"taxonomy":"product_cat","embeddable":true,"href":"https:\/\/barrelandboar.nl\/en\/wp-json\/wp\/v2\/product_cat?post=3866"},{"taxonomy":"product_tag","embeddable":true,"href":"https:\/\/barrelandboar.nl\/en\/wp-json\/wp\/v2\/product_tag?post=3866"}],"curies":[{"name":"wp","href":"https:\/\/api.w.org\/{rel}","templated":true}]}}