{"id":3924,"date":"2025-04-11T15:43:28","date_gmt":"2025-04-11T13:43:28","guid":{"rendered":"https:\/\/barrelandboar.nl\/product\/fjallraven-hogvilt-jacket-w-dark-olive\/"},"modified":"2026-04-03T17:04:55","modified_gmt":"2026-04-03T15:04:55","slug":"fjallraven-hogvilt-jacket-w-dark-olive","status":"publish","type":"product","link":"https:\/\/barrelandboar.nl\/en\/fjallraven-hogvilt-jacket-w-dark-olive\/","title":{"rendered":"Fj\u00e4llr\u00e4ven H\u00f6gvilt Jacket W Dark Olive"},"content":{"rendered":"<p style=\"margin-top:0pt;margin-bottom:5pt\"><span style=\"font-size:10.5pt;color:#000000;background-color:#FFFFFF\">The\u00a0<\/span><span style=\"font-size:10.5pt;color:#000000;background-color:#FFFFFF;font-weight:bold\">Fj\u00e4llr\u00e4ven H\u00f6gvilt Jacket<\/span><span style=\"font-size:10.5pt;color:#000000;background-color:#FFFFFF\">\u00a0is a warm, weather-resistant women's hunting jacket with synthetic insulation.<\/span><\/p>\n<p style=\"margin-top:0pt;margin-bottom:5pt\"><span style=\"font-size:10.5pt;color:#000000;background-color:#FFFFFF\">Made from G-1000 Silent with waterproof Hydratic lining and warm synthetic padding. This warm, knee-length jacket with detachable hood and side pockets with fleece lining is optimised for passive hunting.<\/span><\/p>\n<p style=\"margin-top:0pt;margin-bottom:5pt\"><span style=\"font-size:10.5pt;color:#000000;background-color:#FFFFFF\">This design features a radio clip on each shoulder, two large pleated pockets with flap, mesh pockets on the inside and a vertical pocket under the closure on the front. The jacket has a two-way zip at the front with closure and noiseless snaps. The waist can be adjusted at the back with a fixed belt with buttons.<\/span><\/p>\n<p style=\"margin-top:0pt;margin-bottom:0pt\"><span style=\"font-size:10.5pt;color:#000000;background-color:#FFFFFF;font-weight:bold\">Specifications:<\/span><\/p>\n<ul style=\"margin:0pt;padding:0pt;list-style-type:disc\">\n<li style=\"font-size:12pt\">\n<p style=\"margin-left:0pt;margin-top:0pt;margin-bottom:0pt\"><span style=\"color:#000000;background-color:#FFFFFF\">Made without PFCs<\/span><\/p>\n<\/li>\n<li style=\"font-size:12pt\">\n<p style=\"margin-left:0pt;margin-top:0pt;margin-bottom:0pt\"><span style=\"color:#000000;background-color:#FFFFFF\">G-1000 Silent with waterproof Hydratic lining<\/span><\/p>\n<\/li>\n<li style=\"font-size:12pt\">\n<p style=\"margin-left:0pt;margin-top:0pt;margin-bottom:0pt\"><span style=\"color:#000000;background-color:#FFFFFF\">Filled with Supreme Microloft, synthetic insulation<\/span><\/p>\n<\/li>\n<li style=\"font-size:12pt\">\n<p style=\"margin-left:0pt;margin-top:0pt;margin-bottom:0pt\"><span style=\"color:#000000;background-color:#FFFFFF\">Detachable hood that you can adjust three ways via the drawcord<\/span><\/p>\n<\/li>\n<li style=\"font-size:12pt\">\n<p style=\"margin-left:0pt;margin-top:0pt;margin-bottom:0pt\"><span style=\"color:#000000;background-color:#FFFFFF\">Two large pleated pockets with flap<\/span><\/p>\n<\/li>\n<li style=\"font-size:12pt\">\n<p style=\"margin-left:0pt;margin-top:0pt;margin-bottom:0pt\"><span style=\"color:#000000;background-color:#FFFFFF\">Two radio clips<\/span><\/p>\n<\/li>\n<li style=\"font-size:12pt\">\n<p style=\"margin-left:0pt;margin-top:0pt;margin-bottom:0pt\"><span style=\"color:#000000;background-color:#FFFFFF\">Closure: Press studs, two-way zip<\/span><\/p>\n<\/li>\n<li style=\"font-size:12pt\">\n<p style=\"margin-left:0pt;margin-top:0pt;margin-bottom:0pt\"><span style=\"color:#000000;background-color:#FFFFFF\">Number of pockets: 7, namely: chest pocket(s), side pocket(s), inside pocket(s), inside zip pocket(s)<\/span><\/p>\n<\/li>\n<\/ul>","protected":false},"excerpt":{"rendered":"<p style=\"margin-top:0pt;margin-bottom:5pt\"><span style=\"font-size:10.5pt;color:#000000;background-color:#FFFFFF\">The\u00a0<\/span><span style=\"font-size:10.5pt;color:#000000;background-color:#FFFFFF;font-weight:bold\">Fj\u00e4llr\u00e4ven H\u00f6gvilt Jacket<\/span><span style=\"font-size:10.5pt;color:#000000;background-color:#FFFFFF\">\u00a0is a warm, weatherproof women's hunting jacket with synthetic insulation and is g<\/span><span style=\"font-size:10.5pt;color:#000000;background-color:#FFFFFF\">emmade of G-1000 Silent with waterproof Hydratic lining and warm synthetic padding.<\/span><\/p>","protected":false},"featured_media":3922,"comment_status":"open","ping_status":"closed","template":"","meta":{"_acf_changed":false,"rank_math_title":"Fj\u00e4llr\u00e4ven H\u00f6gvilt Jacket W Dark Olive","rank_math_description":"","rank_math_focus_keyword":"86371, Fj\u00e4llr\u00e4ven, H\u00f6gvilt, Jacket, W, Dark, Olive, Fj\u00e4llr\u00e4ven H\u00f6gvilt Jacket W Dark Olive","GroupGuid":"","EcommerceProductGuid":"A389D671-8E41-4FAC-841C-950A9E350F6C","EcommerceProductVariationGuid":"","ProductNumber":"86371","ProductId":""},"product_brand":[137],"product_cat":[83,84,538],"product_tag":[],"class_list":{"0":"post-3924","1":"product","2":"type-product","3":"status-publish","4":"has-post-thumbnail","6":"product_brand-fjallraven","7":"product_cat-dames","8":"product_cat-jassen-dames","9":"product_cat-winterjassen-dames","10":"pa_kleur-bruin","12":"first","13":"instock","14":"sale","15":"taxable","16":"shipping-taxable","17":"purchasable","18":"product-type-variable"},"bundled_by":[],"bundle_stock_status":"instock","bundle_stock_quantity":null,"bundle_virtual":false,"bundle_layout":"","bundle_add_to_cart_form_location":"","bundle_editable_in_cart":false,"bundle_sold_individually_context":"","bundle_item_grouping":"","bundle_min_size":"","bundle_max_size":"","bundle_price":[],"bundled_items":[],"bundle_sell_ids":[],"acf":[],"rank_math_title":"Fj\u00e4llr\u00e4ven H\u00f6gvilt Jacket W Dark Olive","rank_math_description":null,"rank_math_focus_keyword":"86371, Fj\u00e4llr\u00e4ven, H\u00f6gvilt, Jacket, W, Dark, Olive, Fj\u00e4llr\u00e4ven H\u00f6gvilt Jacket W Dark Olive","GroupGuid":null,"EcommerceProductGuid":"A389D671-8E41-4FAC-841C-950A9E350F6C","EcommerceProductVariationGuid":null,"ProductNumber":"86371","ProductId":null,"IgnoreVenditGroupURL":null,"IgnoreVenditGroupSEO":null,"_links":{"self":[{"href":"https:\/\/barrelandboar.nl\/en\/wp-json\/wp\/v2\/product\/3924","targetHints":{"allow":["GET"]}}],"collection":[{"href":"https:\/\/barrelandboar.nl\/en\/wp-json\/wp\/v2\/product"}],"about":[{"href":"https:\/\/barrelandboar.nl\/en\/wp-json\/wp\/v2\/types\/product"}],"replies":[{"embeddable":true,"href":"https:\/\/barrelandboar.nl\/en\/wp-json\/wp\/v2\/comments?post=3924"}],"wp:featuredmedia":[{"embeddable":true,"href":"https:\/\/barrelandboar.nl\/en\/wp-json\/wp\/v2\/media\/3922"}],"wp:attachment":[{"href":"https:\/\/barrelandboar.nl\/en\/wp-json\/wp\/v2\/media?parent=3924"}],"wp:term":[{"taxonomy":"product_brand","embeddable":true,"href":"https:\/\/barrelandboar.nl\/en\/wp-json\/wp\/v2\/product_brand?post=3924"},{"taxonomy":"product_cat","embeddable":true,"href":"https:\/\/barrelandboar.nl\/en\/wp-json\/wp\/v2\/product_cat?post=3924"},{"taxonomy":"product_tag","embeddable":true,"href":"https:\/\/barrelandboar.nl\/en\/wp-json\/wp\/v2\/product_tag?post=3924"}],"curies":[{"name":"wp","href":"https:\/\/api.w.org\/{rel}","templated":true}]}}