{"id":3979,"date":"2025-04-11T15:54:12","date_gmt":"2025-04-11T13:54:12","guid":{"rendered":"https:\/\/barrelandboar.nl\/product\/fjallraven-norrvage-seat-pad-brown\/"},"modified":"2026-03-22T04:37:01","modified_gmt":"2026-03-22T03:37:01","slug":"fjallraven-norrvage-seat-pad-brown","status":"publish","type":"product","link":"https:\/\/barrelandboar.nl\/en\/fjallraven-norrvage-seat-pad-brown\/","title":{"rendered":"Fj\u00e4llr\u00e4ven Norrvage Seat Pad Brown"},"content":{"rendered":"","protected":false},"excerpt":{"rendered":"<p style=\"margin-top:0pt;margin-bottom:0pt\"><span style=\"font-size:11pt\">Foldable seat cushion made of G-1000 HeavyDuty and recycled wool. For when you want to sit quietly without getting wet. One side is made of waxed G-1000 material that is water-resistant and the other side is made of wool. <\/span><\/p>","protected":false},"featured_media":2734,"comment_status":"open","ping_status":"closed","template":"","meta":{"_acf_changed":false,"rank_math_title":"Fj\u00e4llr\u00e4ven Norrvage Seat Pad Brown","rank_math_description":"","rank_math_focus_keyword":"23334, Fj\u00e4llr\u00e4ven, Norrvage, Seat, Pad, Brown, Fj\u00e4llr\u00e4ven Norrvage Seat Pad Brown","GroupGuid":"","EcommerceProductGuid":"E18BAE82-EDB9-4203-BB63-A42AB10905D0","EcommerceProductVariationGuid":"","ProductNumber":"23334","ProductId":"8083-0"},"product_brand":[137],"product_cat":[55,62,61],"product_tag":[],"class_list":{"0":"post-3979","1":"product","2":"type-product","3":"status-publish","4":"has-post-thumbnail","6":"product_brand-fjallraven","7":"product_cat-toebehoren","8":"product_cat-hoogzit","9":"product_cat-jacht-toebehoren","10":"pa_kleur-bruin","12":"first","13":"instock","14":"taxable","15":"shipping-taxable","16":"purchasable","17":"product-type-simple"},"bundled_by":[],"bundle_stock_status":"instock","bundle_stock_quantity":3,"bundle_virtual":false,"bundle_layout":"","bundle_add_to_cart_form_location":"","bundle_editable_in_cart":false,"bundle_sold_individually_context":"","bundle_item_grouping":"","bundle_min_size":"","bundle_max_size":"","bundle_price":[],"bundled_items":[],"bundle_sell_ids":[],"acf":[],"rank_math_title":"Fj\u00e4llr\u00e4ven Norrvage Seat Pad Brown","rank_math_description":null,"rank_math_focus_keyword":"23334, Fj\u00e4llr\u00e4ven, Norrvage, Seat, Pad, Brown, Fj\u00e4llr\u00e4ven Norrvage Seat Pad Brown","GroupGuid":null,"EcommerceProductGuid":"E18BAE82-EDB9-4203-BB63-A42AB10905D0","EcommerceProductVariationGuid":null,"ProductNumber":"23334","ProductId":"8083-0","IgnoreVenditGroupURL":null,"IgnoreVenditGroupSEO":null,"_links":{"self":[{"href":"https:\/\/barrelandboar.nl\/en\/wp-json\/wp\/v2\/product\/3979","targetHints":{"allow":["GET"]}}],"collection":[{"href":"https:\/\/barrelandboar.nl\/en\/wp-json\/wp\/v2\/product"}],"about":[{"href":"https:\/\/barrelandboar.nl\/en\/wp-json\/wp\/v2\/types\/product"}],"replies":[{"embeddable":true,"href":"https:\/\/barrelandboar.nl\/en\/wp-json\/wp\/v2\/comments?post=3979"}],"wp:featuredmedia":[{"embeddable":true,"href":"https:\/\/barrelandboar.nl\/en\/wp-json\/wp\/v2\/media\/2734"}],"wp:attachment":[{"href":"https:\/\/barrelandboar.nl\/en\/wp-json\/wp\/v2\/media?parent=3979"}],"wp:term":[{"taxonomy":"product_brand","embeddable":true,"href":"https:\/\/barrelandboar.nl\/en\/wp-json\/wp\/v2\/product_brand?post=3979"},{"taxonomy":"product_cat","embeddable":true,"href":"https:\/\/barrelandboar.nl\/en\/wp-json\/wp\/v2\/product_cat?post=3979"},{"taxonomy":"product_tag","embeddable":true,"href":"https:\/\/barrelandboar.nl\/en\/wp-json\/wp\/v2\/product_tag?post=3979"}],"curies":[{"name":"wp","href":"https:\/\/api.w.org\/{rel}","templated":true}]}}