{"id":4002,"date":"2025-04-11T15:56:22","date_gmt":"2025-04-11T13:56:22","guid":{"rendered":"https:\/\/barrelandboar.nl\/product\/fjallraven-sormland-falt-hat-dark-olive-xl\/"},"modified":"2026-03-22T04:27:13","modified_gmt":"2026-03-22T03:27:13","slug":"fjallraven-sormland-falt-hat-dark-olive-xl","status":"publish","type":"product","link":"https:\/\/barrelandboar.nl\/en\/fjallraven-sormland-falt-hat-dark-olive-xl\/","title":{"rendered":"Fj\u00e4llr\u00e4ven S\u00f6rmland Falt Hat Dark Olive XL"},"content":{"rendered":"<p style=\"margin-top:0pt;margin-bottom:5pt\"><span style=\"font-size:10.5pt;color:#000000;background-color:#FFFFFF\">The\u00a0<\/span><span style=\"font-size:10.5pt;color:#000000;background-color:#FFFFFF;font-weight:bold\">Fj\u00e4llr\u00e4ven S\u00f6rmland Hunting Hat<\/span><span style=\"font-size:10.5pt;color:#000000;background-color:#FFFFFF\">\u00a0is warm, comfortable and is a hat in classic style. It is made of high-quality felted wool. The hat is easy to pack and quickly regains its original shape. The leather band around the head is perfect for tucking a feather or twig behind when the hunt has gone well. It has a leather Fj\u00e4llr\u00e4ven logo on the side.<\/span><\/p>\n<p style=\"margin-top:0pt;margin-bottom:0pt\"><span style=\"font-size:10.5pt;color:#000000;background-color:#FFFFFF;font-weight:bold\">Specifications:<\/span><\/p>\n<ul style=\"margin:0pt;padding:0pt;list-style-type:disc\">\n<li style=\"font-size:12pt\">\n<p style=\"margin-left:0pt;margin-top:0pt;margin-bottom:0pt\"><span style=\"color:#000000;background-color:#FFFFFF\">Warm and comfortable hunting hat in classic style<\/span><\/p>\n<\/li>\n<li style=\"font-size:12pt\">\n<p style=\"margin-left:0pt;margin-top:0pt;margin-bottom:0pt\"><span style=\"color:#000000;background-color:#FFFFFF\">Made of felted wool that is easy to pack and quickly recovers its original shape after unpacking<\/span><\/p>\n<\/li>\n<li style=\"font-size:12pt\">\n<p style=\"margin-left:0pt;margin-top:0pt;margin-bottom:0pt\"><span style=\"color:#000000;background-color:#FFFFFF\">Leather strap, perfect for attaching a feather or twig<\/span><\/p>\n<\/li>\n<li style=\"font-size:12pt\">\n<p style=\"margin-left:0pt;margin-top:0pt;margin-bottom:0pt\"><span style=\"color:#000000;background-color:#FFFFFF\">Leather logo on the side<\/span><\/p>\n<\/li>\n<li style=\"font-size:12pt\">\n<p style=\"margin-left:0pt;margin-top:0pt;margin-bottom:0pt\"><span style=\"color:#000000;background-color:#FFFFFF\">150 g<\/span><\/p>\n<\/li>\n<li style=\"font-size:12pt\">\n<p style=\"margin-left:0pt;margin-top:0pt;margin-bottom:0pt\"><span style=\"color:#000000;background-color:#FFFFFF\">Material: 100% wool<\/span><\/p>\n<\/li>\n<\/ul>","protected":false},"excerpt":{"rendered":"<p style=\"margin-top:0pt;margin-bottom:0pt\"><span style=\"font-size:10.5pt;color:#000000;background-color:#FFFFFF\">The\u00a0<\/span><span style=\"font-size:10.5pt;color:#000000;background-color:#FFFFFF;font-weight:bold\">Fj\u00e4llr\u00e4ven S\u00f6rmland Hunting Hat<\/span><span style=\"font-size:10.5pt;color:#000000;background-color:#FFFFFF\">\u00a0is warm, comfortable and is a hat in classic style. It is made of high-quality felted wool.<\/span><\/p>","protected":false},"featured_media":4001,"comment_status":"open","ping_status":"closed","template":"","meta":{"_acf_changed":false,"rank_math_title":"Fj\u00e4llr\u00e4ven S\u00f6rmland Jachthoed Dark Olive XL","rank_math_description":"","rank_math_focus_keyword":"77341, Fj\u00e4llr\u00e4ven, S\u00f6rmland, Jachthoed, Dark, Olive, XL, Fj\u00e4llr\u00e4ven S\u00f6rmland Jachthoed Dark Olive XL","GroupGuid":"","EcommerceProductGuid":"67B1B895-85BE-4596-B778-7CEB1BDA9693","EcommerceProductVariationGuid":"","ProductNumber":"77341","ProductId":"7953-1245"},"product_brand":[137],"product_cat":[94,211,70],"product_tag":[],"class_list":{"0":"post-4002","1":"product","2":"type-product","3":"status-publish","4":"has-post-thumbnail","6":"product_brand-fjallraven","7":"product_cat-accessoires-kleding","8":"product_cat-hoeden","9":"product_cat-kleding","10":"pa_kleur-groen","12":"first","13":"instock","14":"taxable","15":"shipping-taxable","16":"purchasable","17":"product-type-simple"},"bundled_by":[],"bundle_stock_status":"instock","bundle_stock_quantity":1,"bundle_virtual":false,"bundle_layout":"","bundle_add_to_cart_form_location":"","bundle_editable_in_cart":false,"bundle_sold_individually_context":"","bundle_item_grouping":"","bundle_min_size":"","bundle_max_size":"","bundle_price":[],"bundled_items":[],"bundle_sell_ids":[],"acf":[],"rank_math_title":"Fj\u00e4llr\u00e4ven S\u00f6rmland Jachthoed Dark Olive XL","rank_math_description":null,"rank_math_focus_keyword":"77341, Fj\u00e4llr\u00e4ven, S\u00f6rmland, Jachthoed, Dark, Olive, XL, Fj\u00e4llr\u00e4ven S\u00f6rmland Jachthoed Dark Olive XL","GroupGuid":null,"EcommerceProductGuid":"67B1B895-85BE-4596-B778-7CEB1BDA9693","EcommerceProductVariationGuid":null,"ProductNumber":"77341","ProductId":"7953-1245","IgnoreVenditGroupURL":null,"IgnoreVenditGroupSEO":null,"_links":{"self":[{"href":"https:\/\/barrelandboar.nl\/en\/wp-json\/wp\/v2\/product\/4002","targetHints":{"allow":["GET"]}}],"collection":[{"href":"https:\/\/barrelandboar.nl\/en\/wp-json\/wp\/v2\/product"}],"about":[{"href":"https:\/\/barrelandboar.nl\/en\/wp-json\/wp\/v2\/types\/product"}],"replies":[{"embeddable":true,"href":"https:\/\/barrelandboar.nl\/en\/wp-json\/wp\/v2\/comments?post=4002"}],"wp:featuredmedia":[{"embeddable":true,"href":"https:\/\/barrelandboar.nl\/en\/wp-json\/wp\/v2\/media\/4001"}],"wp:attachment":[{"href":"https:\/\/barrelandboar.nl\/en\/wp-json\/wp\/v2\/media?parent=4002"}],"wp:term":[{"taxonomy":"product_brand","embeddable":true,"href":"https:\/\/barrelandboar.nl\/en\/wp-json\/wp\/v2\/product_brand?post=4002"},{"taxonomy":"product_cat","embeddable":true,"href":"https:\/\/barrelandboar.nl\/en\/wp-json\/wp\/v2\/product_cat?post=4002"},{"taxonomy":"product_tag","embeddable":true,"href":"https:\/\/barrelandboar.nl\/en\/wp-json\/wp\/v2\/product_tag?post=4002"}],"curies":[{"name":"wp","href":"https:\/\/api.w.org\/{rel}","templated":true}]}}