{"id":4073,"date":"2025-04-11T16:10:45","date_gmt":"2025-04-11T14:10:45","guid":{"rendered":"https:\/\/barrelandboar.nl\/product\/fjallraven-varmland-vest-m-orange-camo\/"},"modified":"2026-03-22T04:30:39","modified_gmt":"2026-03-22T03:30:39","slug":"fjallraven-varmland-vest-m-orange-camo","status":"publish","type":"product","link":"https:\/\/barrelandboar.nl\/en\/fjallraven-varmland-vest-m-orange-camo\/","title":{"rendered":"Fj\u00e4llr\u00e4ven Varmland Vest M Orange Camo"},"content":{"rendered":"<p style=\"margin-top:0pt;margin-bottom:5pt\"><span style=\"font-size:10.5pt;color:#000000;background-color:#FFFFFF\">The Fj\u00e4llr\u00e4ven Varmland Vest is a striking safety vest in Orange Camo. The camouflage print is well covered in the wilderness, making it difficult for animals to detect you, but you are still highly visible to your hunting team. <\/span><\/p>\n<p style=\"margin-top:0pt;margin-bottom:5pt\"><span style=\"font-size:10.5pt;color:#000000;background-color:#FFFFFF\">Can be easily put on over other hunting clothes and takes up little space in your rucksack. <\/span><\/p>\n<p style=\"margin-top:0pt;margin-bottom:0pt\"><span style=\"font-size:10.5pt;color:#000000;background-color:#FFFFFF\">It features panels of stretch at the sides, good fit and pockets for a radio. <\/span><\/p>","protected":false},"excerpt":{"rendered":"<p style=\"margin-top:0pt;margin-bottom:0pt\"><span style=\"font-size:10.5pt;color:#000000;background-color:#FFFFFF\">The Fj\u00e4llr\u00e4ven Varmland Vest is a striking safety vest in Orange Camo.<\/span><\/p>","protected":false},"featured_media":4071,"comment_status":"open","ping_status":"closed","template":"","meta":{"_acf_changed":false,"rank_math_title":"Fj\u00e4llr\u00e4ven Varmland Vest M Orange Camo","rank_math_description":"","rank_math_focus_keyword":"90223, Fj\u00e4llr\u00e4ven, Varmland, Vest, M, Orange, Camo, Fj\u00e4llr\u00e4ven Varmland Vest M Orange Camo","GroupGuid":"","EcommerceProductGuid":"939F0EB2-3EBA-4E15-BAE9-A3267AB0B363","EcommerceProductVariationGuid":"","ProductNumber":"90223","ProductId":""},"product_brand":[137],"product_cat":[83,539,82,71,70],"product_tag":[],"class_list":{"0":"post-4073","1":"product","2":"type-product","3":"status-publish","4":"has-post-thumbnail","6":"product_brand-fjallraven","7":"product_cat-dames","8":"product_cat-drijfjacht-dames","9":"product_cat-drijfjacht","10":"product_cat-heren","11":"product_cat-kleding","12":"pa_kleur-oranje","14":"first","15":"instock","16":"taxable","17":"shipping-taxable","18":"purchasable","19":"product-type-variable"},"bundled_by":[],"bundle_stock_status":"instock","bundle_stock_quantity":null,"bundle_virtual":false,"bundle_layout":"","bundle_add_to_cart_form_location":"","bundle_editable_in_cart":false,"bundle_sold_individually_context":"","bundle_item_grouping":"","bundle_min_size":"","bundle_max_size":"","bundle_price":[],"bundled_items":[],"bundle_sell_ids":[],"acf":[],"rank_math_title":"Fj\u00e4llr\u00e4ven Varmland Vest M Orange Camo","rank_math_description":null,"rank_math_focus_keyword":"90223, Fj\u00e4llr\u00e4ven, Varmland, Vest, M, Orange, Camo, Fj\u00e4llr\u00e4ven Varmland Vest M Orange Camo","GroupGuid":null,"EcommerceProductGuid":"939F0EB2-3EBA-4E15-BAE9-A3267AB0B363","EcommerceProductVariationGuid":null,"ProductNumber":"90223","ProductId":null,"IgnoreVenditGroupURL":null,"IgnoreVenditGroupSEO":null,"_links":{"self":[{"href":"https:\/\/barrelandboar.nl\/en\/wp-json\/wp\/v2\/product\/4073","targetHints":{"allow":["GET"]}}],"collection":[{"href":"https:\/\/barrelandboar.nl\/en\/wp-json\/wp\/v2\/product"}],"about":[{"href":"https:\/\/barrelandboar.nl\/en\/wp-json\/wp\/v2\/types\/product"}],"replies":[{"embeddable":true,"href":"https:\/\/barrelandboar.nl\/en\/wp-json\/wp\/v2\/comments?post=4073"}],"wp:featuredmedia":[{"embeddable":true,"href":"https:\/\/barrelandboar.nl\/en\/wp-json\/wp\/v2\/media\/4071"}],"wp:attachment":[{"href":"https:\/\/barrelandboar.nl\/en\/wp-json\/wp\/v2\/media?parent=4073"}],"wp:term":[{"taxonomy":"product_brand","embeddable":true,"href":"https:\/\/barrelandboar.nl\/en\/wp-json\/wp\/v2\/product_brand?post=4073"},{"taxonomy":"product_cat","embeddable":true,"href":"https:\/\/barrelandboar.nl\/en\/wp-json\/wp\/v2\/product_cat?post=4073"},{"taxonomy":"product_tag","embeddable":true,"href":"https:\/\/barrelandboar.nl\/en\/wp-json\/wp\/v2\/product_tag?post=4073"}],"curies":[{"name":"wp","href":"https:\/\/api.w.org\/{rel}","templated":true}]}}