{"id":4099,"date":"2025-04-11T16:16:43","date_gmt":"2025-04-11T14:16:43","guid":{"rendered":"https:\/\/barrelandboar.nl\/product\/fjallraven-ovik-fleece-hoodie-dark-grey\/"},"modified":"2026-03-22T04:33:42","modified_gmt":"2026-03-22T03:33:42","slug":"fjallraven-ovik-fleece-hoodie-dark-grey","status":"publish","type":"product","link":"https:\/\/barrelandboar.nl\/en\/fjallraven-ovik-fleece-hoodie-dark-grey\/","title":{"rendered":"Fj\u00e4llr\u00e4ven Ovik Fleece Hoodie Dark Grey"},"content":{"rendered":"<p style=\"margin-top:0pt;margin-bottom:5pt\"><span style=\"font-size:10.5pt;color:#000000;background-color:#FFFFFF\">The<\/span><span style=\"font-size:10.5pt;color:#000000;background-color:#FFFFFF;font-weight:bold\">\u00a0Fj\u00e4llr\u00e4ven \u00d6vik Fleece Hoodie<\/span><span style=\"font-size:10.5pt;color:#000000;background-color:#FFFFFF\">\u00a0is a warm and lovely fleece jacket with a knitted outer shell and a soft, brushed inside. Perfect as an insulating mid-layer under a shell jacket on autumn or winter adventures. But just as comfortable for long afternoons with a good book by the fireplace.<\/span><\/p>\n<p style=\"margin-top:0pt;margin-bottom:5pt\"><span style=\"font-size:10.5pt;color:#000000;background-color:#FFFFFF\">The jacket has a fixed hood, which you adjust with a drawstring. The front zip has a protective flap made of G-1000, which protects the chin. The elbows, bottom, pockets and inside of the hood edge are also made of G-1000 for extra durability. Two spacious pockets with zips. Elastic at the cuffs and the bottom edge is adjustable with a drawstring.<\/span><\/p>\n<p style=\"margin-top:0pt;margin-bottom:5pt\"><span style=\"font-size:10.5pt;color:#000000;background-color:#FFFFFF\">The fleece fabric and mesh lining in the pockets are made of recycled polyester produced in an eco-friendly process that simultaneously spins and dyes the fibres. This results in much lower water and energy consumption compared to traditional dyeing techniques.<\/span><\/p>\n<p style=\"margin-top:0pt;margin-bottom:0pt\"><span style=\"font-size:10.5pt;color:#000000;background-color:#FFFFFF;font-weight:bold\">Material<\/span><span style=\"font-size:10.5pt;color:#000000;background-color:#FFFFFF\">: 90% polyester (recycled), 10% polyester<br \/><\/span><span style=\"font-size:10.5pt;color:#000000;background-color:#FFFFFF;font-weight:bold\">Reinforcement<\/span><span style=\"font-size:10.5pt;color:#000000;background-color:#FFFFFF\">: G-1000\u00ae: 65% polyester (recycled), 35% cotton (organic)<br \/><\/span><span style=\"font-size:10.5pt;color:#000000;background-color:#FFFFFF;font-weight:bold\">Reinforced spots<\/span><span style=\"font-size:10.5pt;color:#000000;background-color:#FFFFFF\">: Hood, Elbows, Pockets<\/span><\/p>","protected":false},"excerpt":{"rendered":"<p style=\"margin-top:0pt;margin-bottom:0pt\"><span style=\"font-size:10.5pt;color:#000000;background-color:#FFFFFF\">The<\/span><span style=\"font-size:10.5pt;color:#000000;background-color:#FFFFFF;font-weight:bold\">\u00a0Fj\u00e4llr\u00e4ven \u00d6vik Fleece Hoodie<\/span><span style=\"font-size:10.5pt;color:#000000;background-color:#FFFFFF\">\u00a0is a warm and lovely fleece jacket with a knitted outer shell and a soft, brushed inside. Perfect as an insulating mid-layer under a shell jacket on autumn or winter adventures.<\/span><\/p>","protected":false},"featured_media":4097,"comment_status":"open","ping_status":"closed","template":"","meta":{"_acf_changed":false,"rank_math_title":"Fj\u00e4llr\u00e4ven Ovik Fleece Hoodie Dark Grey","rank_math_description":"","rank_math_focus_keyword":"82252, Fj\u00e4llr\u00e4ven, Ovik, Fleece, Hoodie, Dark, Grey, Fj\u00e4llr\u00e4ven Ovik Fleece Hoodie Dark Grey","GroupGuid":"","EcommerceProductGuid":"B901F146-0466-4A6F-A0D2-E8663389A0B0","EcommerceProductVariationGuid":"","ProductNumber":"82252","ProductId":""},"product_brand":[137],"product_cat":[71,70,73],"product_tag":[],"class_list":{"0":"post-4099","1":"product","2":"type-product","3":"status-publish","4":"has-post-thumbnail","6":"product_brand-fjallraven","7":"product_cat-heren","8":"product_cat-kleding","9":"product_cat-truien-vesten","10":"pa_kleur-grijs","12":"first","13":"instock","14":"taxable","15":"shipping-taxable","16":"purchasable","17":"product-type-variable"},"bundled_by":[],"bundle_stock_status":"instock","bundle_stock_quantity":null,"bundle_virtual":false,"bundle_layout":"","bundle_add_to_cart_form_location":"","bundle_editable_in_cart":false,"bundle_sold_individually_context":"","bundle_item_grouping":"","bundle_min_size":"","bundle_max_size":"","bundle_price":[],"bundled_items":[],"bundle_sell_ids":[],"acf":[],"rank_math_title":"Fj\u00e4llr\u00e4ven Ovik Fleece Hoodie Dark Grey","rank_math_description":null,"rank_math_focus_keyword":"82252, Fj\u00e4llr\u00e4ven, Ovik, Fleece, Hoodie, Dark, Grey, Fj\u00e4llr\u00e4ven Ovik Fleece Hoodie Dark Grey","GroupGuid":null,"EcommerceProductGuid":"B901F146-0466-4A6F-A0D2-E8663389A0B0","EcommerceProductVariationGuid":null,"ProductNumber":"82252","ProductId":null,"IgnoreVenditGroupURL":null,"IgnoreVenditGroupSEO":null,"_links":{"self":[{"href":"https:\/\/barrelandboar.nl\/en\/wp-json\/wp\/v2\/product\/4099","targetHints":{"allow":["GET"]}}],"collection":[{"href":"https:\/\/barrelandboar.nl\/en\/wp-json\/wp\/v2\/product"}],"about":[{"href":"https:\/\/barrelandboar.nl\/en\/wp-json\/wp\/v2\/types\/product"}],"replies":[{"embeddable":true,"href":"https:\/\/barrelandboar.nl\/en\/wp-json\/wp\/v2\/comments?post=4099"}],"wp:featuredmedia":[{"embeddable":true,"href":"https:\/\/barrelandboar.nl\/en\/wp-json\/wp\/v2\/media\/4097"}],"wp:attachment":[{"href":"https:\/\/barrelandboar.nl\/en\/wp-json\/wp\/v2\/media?parent=4099"}],"wp:term":[{"taxonomy":"product_brand","embeddable":true,"href":"https:\/\/barrelandboar.nl\/en\/wp-json\/wp\/v2\/product_brand?post=4099"},{"taxonomy":"product_cat","embeddable":true,"href":"https:\/\/barrelandboar.nl\/en\/wp-json\/wp\/v2\/product_cat?post=4099"},{"taxonomy":"product_tag","embeddable":true,"href":"https:\/\/barrelandboar.nl\/en\/wp-json\/wp\/v2\/product_tag?post=4099"}],"curies":[{"name":"wp","href":"https:\/\/api.w.org\/{rel}","templated":true}]}}