{"id":4442,"date":"2025-04-19T11:56:04","date_gmt":"2025-04-19T09:56:04","guid":{"rendered":"https:\/\/barrelandboar.nl\/product\/fjallraven-1960-logo-t-shirt-m-grey-melange\/"},"modified":"2026-03-22T04:34:03","modified_gmt":"2026-03-22T03:34:03","slug":"fjallraven-1960-logo-t-shirt-m-grey-melange","status":"publish","type":"product","link":"https:\/\/barrelandboar.nl\/en\/fjallraven-1960-logo-t-shirt-m-grey-melange\/","title":{"rendered":"Fj\u00e4llr\u00e4ven 1960 Logo T-shirt M Grey Melange"},"content":{"rendered":"<p style=\"margin-top:0pt;margin-bottom:0pt\"><span style=\"font-size:11pt;color:#303030\">Short-sleeved T-shirt in durable jersey that combines the softness of organic cotton with the functionality and durability of recycled polyester. Wicks away moisture and dries quickly, making it extra comfortable in hot climates. Round neckline and a small logo on the chest.<\/span><span style=\"font-size:11pt\"> <\/span><\/p>","protected":false},"excerpt":{"rendered":"<p style=\"margin-top:0pt;margin-bottom:0pt\"><span style=\"font-size:11pt;color:#303030\">Light T-shirt in knitted jersey with organic cotton and recycled polyester.<\/span><span style=\"font-size:11pt\"> <\/span><\/p>","protected":false},"featured_media":4440,"comment_status":"open","ping_status":"closed","template":"","meta":{"_acf_changed":false,"rank_math_title":"Fj\u00e4llr\u00e4ven 1960 Logo T-shirt M Grey Melange","rank_math_description":"","rank_math_focus_keyword":"87313-051, Fj\u00e4llr\u00e4ven, 1960, Logo, T-shirt, M, Grey, Melange, Fj\u00e4llr\u00e4ven 1960 Logo T-shirt M Grey Melange","GroupGuid":"","EcommerceProductGuid":"BBB6C849-C4F6-4D2C-BAB3-85843DDE4390","EcommerceProductVariationGuid":"","ProductNumber":"87313-051","ProductId":""},"product_brand":[137],"product_cat":[79,71,70],"product_tag":[],"class_list":{"0":"post-4442","1":"product","2":"type-product","3":"status-publish","4":"has-post-thumbnail","6":"product_brand-fjallraven","7":"product_cat-t-shirts","8":"product_cat-heren","9":"product_cat-kleding","10":"pa_kleur-grijs","12":"first","13":"instock","14":"taxable","15":"shipping-taxable","16":"purchasable","17":"product-type-variable"},"bundled_by":[],"bundle_stock_status":"instock","bundle_stock_quantity":null,"bundle_virtual":false,"bundle_layout":"","bundle_add_to_cart_form_location":"","bundle_editable_in_cart":false,"bundle_sold_individually_context":"","bundle_item_grouping":"","bundle_min_size":"","bundle_max_size":"","bundle_price":[],"bundled_items":[],"bundle_sell_ids":[],"acf":[],"rank_math_title":"Fj\u00e4llr\u00e4ven 1960 Logo T-shirt M Grey Melange","rank_math_description":null,"rank_math_focus_keyword":"87313-051, Fj\u00e4llr\u00e4ven, 1960, Logo, T-shirt, M, Grey, Melange, Fj\u00e4llr\u00e4ven 1960 Logo T-shirt M Grey Melange","GroupGuid":null,"EcommerceProductGuid":"BBB6C849-C4F6-4D2C-BAB3-85843DDE4390","EcommerceProductVariationGuid":null,"ProductNumber":"87313-051","ProductId":null,"IgnoreVenditGroupURL":null,"IgnoreVenditGroupSEO":null,"_links":{"self":[{"href":"https:\/\/barrelandboar.nl\/en\/wp-json\/wp\/v2\/product\/4442","targetHints":{"allow":["GET"]}}],"collection":[{"href":"https:\/\/barrelandboar.nl\/en\/wp-json\/wp\/v2\/product"}],"about":[{"href":"https:\/\/barrelandboar.nl\/en\/wp-json\/wp\/v2\/types\/product"}],"replies":[{"embeddable":true,"href":"https:\/\/barrelandboar.nl\/en\/wp-json\/wp\/v2\/comments?post=4442"}],"wp:featuredmedia":[{"embeddable":true,"href":"https:\/\/barrelandboar.nl\/en\/wp-json\/wp\/v2\/media\/4440"}],"wp:attachment":[{"href":"https:\/\/barrelandboar.nl\/en\/wp-json\/wp\/v2\/media?parent=4442"}],"wp:term":[{"taxonomy":"product_brand","embeddable":true,"href":"https:\/\/barrelandboar.nl\/en\/wp-json\/wp\/v2\/product_brand?post=4442"},{"taxonomy":"product_cat","embeddable":true,"href":"https:\/\/barrelandboar.nl\/en\/wp-json\/wp\/v2\/product_cat?post=4442"},{"taxonomy":"product_tag","embeddable":true,"href":"https:\/\/barrelandboar.nl\/en\/wp-json\/wp\/v2\/product_tag?post=4442"}],"curies":[{"name":"wp","href":"https:\/\/api.w.org\/{rel}","templated":true}]}}