{"id":4450,"date":"2025-04-19T11:56:34","date_gmt":"2025-04-19T09:56:34","guid":{"rendered":"https:\/\/barrelandboar.nl\/product\/fjallraven-fjallblomster-logo-t-shirt-w-misty-green\/"},"modified":"2026-03-22T04:37:26","modified_gmt":"2026-03-22T03:37:26","slug":"fjallraven-fjallblomster-logo-t-shirt-w-misty-green","status":"publish","type":"product","link":"https:\/\/barrelandboar.nl\/en\/fjallraven-fjallblomster-logo-t-shirt-w-misty-green\/","title":{"rendered":"Fj\u00e4llr\u00e4ven Fj\u00e4llblomster Logo T-shirt W Misty Green"},"content":{"rendered":"","protected":false},"excerpt":{"rendered":"<p style=\"margin-top:0pt;margin-bottom:0pt\"><span style=\"font-size:10.5pt;color:#303030\">The Fj\u00e4llblomster Logo short-sleeved T-shirt is made of organic cotton with a beautiful print of Swedish mountain flowers on the front. It is a slightly shorter cut with a round neck, perfect for warm, relaxed summer days outdoors.<\/span> <\/p>","protected":false},"featured_media":4448,"comment_status":"open","ping_status":"closed","template":"","meta":{"_acf_changed":false,"rank_math_title":"Fj\u00e4llr\u00e4ven Fj\u00e4llblomster Logo T-shirt W Misty Green","rank_math_description":"","rank_math_focus_keyword":"14600213, Fj\u00e4llr\u00e4ven, Fj\u00e4llblomster, Logo, T-shirt, W, Misty, Green, Fj\u00e4llr\u00e4ven Fj\u00e4llblomster Logo T-shirt W Misty Green","GroupGuid":"","EcommerceProductGuid":"E9D40D25-8D0B-4FBC-B9C3-B53C2A149E07","EcommerceProductVariationGuid":"","ProductNumber":"14600213","ProductId":""},"product_brand":[137],"product_cat":[83,70,91],"product_tag":[],"class_list":{"0":"post-4450","1":"product","2":"type-product","3":"status-publish","4":"has-post-thumbnail","6":"product_brand-fjallraven","7":"product_cat-dames","8":"product_cat-kleding","9":"product_cat-t-shirts-dames","10":"pa_kleur-groen","12":"first","13":"instock","14":"taxable","15":"shipping-taxable","16":"purchasable","17":"product-type-variable"},"bundled_by":[],"bundle_stock_status":"instock","bundle_stock_quantity":null,"bundle_virtual":false,"bundle_layout":"","bundle_add_to_cart_form_location":"","bundle_editable_in_cart":false,"bundle_sold_individually_context":"","bundle_item_grouping":"","bundle_min_size":"","bundle_max_size":"","bundle_price":[],"bundled_items":[],"bundle_sell_ids":[],"acf":[],"rank_math_title":"Fj\u00e4llr\u00e4ven Fj\u00e4llblomster Logo T-shirt W Misty Green","rank_math_description":null,"rank_math_focus_keyword":"14600213, Fj\u00e4llr\u00e4ven, Fj\u00e4llblomster, Logo, T-shirt, W, Misty, Green, Fj\u00e4llr\u00e4ven Fj\u00e4llblomster Logo T-shirt W Misty Green","GroupGuid":null,"EcommerceProductGuid":"E9D40D25-8D0B-4FBC-B9C3-B53C2A149E07","EcommerceProductVariationGuid":null,"ProductNumber":"14600213","ProductId":null,"IgnoreVenditGroupURL":null,"IgnoreVenditGroupSEO":null,"_links":{"self":[{"href":"https:\/\/barrelandboar.nl\/en\/wp-json\/wp\/v2\/product\/4450","targetHints":{"allow":["GET"]}}],"collection":[{"href":"https:\/\/barrelandboar.nl\/en\/wp-json\/wp\/v2\/product"}],"about":[{"href":"https:\/\/barrelandboar.nl\/en\/wp-json\/wp\/v2\/types\/product"}],"replies":[{"embeddable":true,"href":"https:\/\/barrelandboar.nl\/en\/wp-json\/wp\/v2\/comments?post=4450"}],"wp:featuredmedia":[{"embeddable":true,"href":"https:\/\/barrelandboar.nl\/en\/wp-json\/wp\/v2\/media\/4448"}],"wp:attachment":[{"href":"https:\/\/barrelandboar.nl\/en\/wp-json\/wp\/v2\/media?parent=4450"}],"wp:term":[{"taxonomy":"product_brand","embeddable":true,"href":"https:\/\/barrelandboar.nl\/en\/wp-json\/wp\/v2\/product_brand?post=4450"},{"taxonomy":"product_cat","embeddable":true,"href":"https:\/\/barrelandboar.nl\/en\/wp-json\/wp\/v2\/product_cat?post=4450"},{"taxonomy":"product_tag","embeddable":true,"href":"https:\/\/barrelandboar.nl\/en\/wp-json\/wp\/v2\/product_tag?post=4450"}],"curies":[{"name":"wp","href":"https:\/\/api.w.org\/{rel}","templated":true}]}}