{"id":4469,"date":"2025-04-19T11:57:59","date_gmt":"2025-04-19T09:57:59","guid":{"rendered":"https:\/\/barrelandboar.nl\/product\/fjallraven-abisko-wool-fox-ss-w-black-iron-grey\/"},"modified":"2026-03-22T04:26:48","modified_gmt":"2026-03-22T03:26:48","slug":"fjallraven-abisko-wool-fox-ss-w-black-iron-grey","status":"publish","type":"product","link":"https:\/\/barrelandboar.nl\/en\/fjallraven-abisko-wool-fox-ss-w-black-iron-grey\/","title":{"rendered":"Fj\u00e4llr\u00e4ven Abisko Wool Fox SS W Black Iron Grey"},"content":{"rendered":"<p style=\"margin-top:0pt;margin-bottom:0pt\"><span style=\"font-size:10.5pt;color:#303030\">Light short-sleeved T-shirt in soft, knitted jersey made of merino wool and polyester. This model combines the temperature-regulating properties of natural fibres with the durable and moisture-wicking nature of synthetic fibres. A perfect base layer for hot and cold climates, and very useful on multi-day treks, as wool does not naturally retain unpleasant odours. Printed with Fj\u00e4llr\u00e4ven's logo on the chest.<\/span> <\/p>","protected":false},"excerpt":{"rendered":"<p style=\"margin-top:0pt;margin-bottom:0pt\"><span style=\"font-size:11pt;color:#303030\">Light short-sleeved T-shirt in a merino wool blend for warm and cold climates.<\/span><span style=\"font-size:11pt\"> <\/span><\/p>","protected":false},"featured_media":4467,"comment_status":"open","ping_status":"closed","template":"","meta":{"_acf_changed":false,"rank_math_title":"Fj\u00e4llr\u00e4ven Abisko Wool Fox SS W Black Iron Grey","rank_math_description":"","rank_math_focus_keyword":"F84118, Fj\u00e4llr\u00e4ven, Abisko, Wool, Fox, SS, W, Black, Iron, Grey, Fj\u00e4llr\u00e4ven Abisko Wool Fox SS W Black Iron Grey","GroupGuid":"","EcommerceProductGuid":"64320089-FC1C-437E-A391-D259C7279296","EcommerceProductVariationGuid":"","ProductNumber":"F84118","ProductId":""},"product_brand":[137],"product_cat":[83,70,91],"product_tag":[],"class_list":{"0":"post-4469","1":"product","2":"type-product","3":"status-publish","4":"has-post-thumbnail","6":"product_brand-fjallraven","7":"product_cat-dames","8":"product_cat-kleding","9":"product_cat-t-shirts-dames","10":"pa_kleur-zwart","12":"first","13":"instock","14":"taxable","15":"shipping-taxable","16":"purchasable","17":"product-type-variable"},"bundled_by":[],"bundle_stock_status":"instock","bundle_stock_quantity":null,"bundle_virtual":false,"bundle_layout":"","bundle_add_to_cart_form_location":"","bundle_editable_in_cart":false,"bundle_sold_individually_context":"","bundle_item_grouping":"","bundle_min_size":"","bundle_max_size":"","bundle_price":[],"bundled_items":[],"bundle_sell_ids":[],"acf":[],"rank_math_title":"Fj\u00e4llr\u00e4ven Abisko Wool Fox SS W Black Iron Grey","rank_math_description":null,"rank_math_focus_keyword":"F84118, Fj\u00e4llr\u00e4ven, Abisko, Wool, Fox, SS, W, Black, Iron, Grey, Fj\u00e4llr\u00e4ven Abisko Wool Fox SS W Black Iron Grey","GroupGuid":null,"EcommerceProductGuid":"64320089-FC1C-437E-A391-D259C7279296","EcommerceProductVariationGuid":null,"ProductNumber":"F84118","ProductId":null,"IgnoreVenditGroupURL":null,"IgnoreVenditGroupSEO":null,"_links":{"self":[{"href":"https:\/\/barrelandboar.nl\/en\/wp-json\/wp\/v2\/product\/4469","targetHints":{"allow":["GET"]}}],"collection":[{"href":"https:\/\/barrelandboar.nl\/en\/wp-json\/wp\/v2\/product"}],"about":[{"href":"https:\/\/barrelandboar.nl\/en\/wp-json\/wp\/v2\/types\/product"}],"replies":[{"embeddable":true,"href":"https:\/\/barrelandboar.nl\/en\/wp-json\/wp\/v2\/comments?post=4469"}],"wp:featuredmedia":[{"embeddable":true,"href":"https:\/\/barrelandboar.nl\/en\/wp-json\/wp\/v2\/media\/4467"}],"wp:attachment":[{"href":"https:\/\/barrelandboar.nl\/en\/wp-json\/wp\/v2\/media?parent=4469"}],"wp:term":[{"taxonomy":"product_brand","embeddable":true,"href":"https:\/\/barrelandboar.nl\/en\/wp-json\/wp\/v2\/product_brand?post=4469"},{"taxonomy":"product_cat","embeddable":true,"href":"https:\/\/barrelandboar.nl\/en\/wp-json\/wp\/v2\/product_cat?post=4469"},{"taxonomy":"product_tag","embeddable":true,"href":"https:\/\/barrelandboar.nl\/en\/wp-json\/wp\/v2\/product_tag?post=4469"}],"curies":[{"name":"wp","href":"https:\/\/api.w.org\/{rel}","templated":true}]}}