{"id":4482,"date":"2025-04-19T11:58:52","date_gmt":"2025-04-19T09:58:52","guid":{"rendered":"https:\/\/barrelandboar.nl\/product\/fjallraven-arctic-fox-t-shirt-m-terracotta-brown\/"},"modified":"2026-03-22T04:28:28","modified_gmt":"2026-03-22T03:28:28","slug":"fjallraven-arctic-fox-t-shirt-m-terracotta-brown","status":"publish","type":"product","link":"https:\/\/barrelandboar.nl\/en\/fjallraven-arctic-fox-t-shirt-m-terracotta-brown\/","title":{"rendered":"Fj\u00e4llr\u00e4ven Arctic Fox T-shirt M Terracotta Brown"},"content":{"rendered":"","protected":false},"excerpt":{"rendered":"<p style=\"margin-top:0pt;margin-bottom:0pt\"><span style=\"font-size:10.5pt;color:#303030\">Short-sleeved organic cotton T-shirt. Round neck and polar fox print on the front.<\/span> <\/p>","protected":false},"featured_media":4480,"comment_status":"open","ping_status":"closed","template":"","meta":{"_acf_changed":false,"rank_math_title":"Fj\u00e4llr\u00e4ven Arctic Fox T-shirt M Terracotta Brown","rank_math_description":"","rank_math_focus_keyword":"F87220, Fj\u00e4llr\u00e4ven, Arctic, Fox, T-shirt, M, Terracotta, Brown, Fj\u00e4llr\u00e4ven Arctic Fox T-shirt M Terracotta Brown","GroupGuid":"","EcommerceProductGuid":"799AFCA3-CE3B-4CCB-8429-EFA524ADF36E","EcommerceProductVariationGuid":"","ProductNumber":"F87220","ProductId":""},"product_brand":[137],"product_cat":[79,71,70],"product_tag":[],"class_list":{"0":"post-4482","1":"product","2":"type-product","3":"status-publish","4":"has-post-thumbnail","6":"product_brand-fjallraven","7":"product_cat-t-shirts","8":"product_cat-heren","9":"product_cat-kleding","10":"pa_kleur-bruin","12":"first","13":"instock","14":"taxable","15":"shipping-taxable","16":"purchasable","17":"product-type-variable"},"bundled_by":[],"bundle_stock_status":"instock","bundle_stock_quantity":null,"bundle_virtual":false,"bundle_layout":"","bundle_add_to_cart_form_location":"","bundle_editable_in_cart":false,"bundle_sold_individually_context":"","bundle_item_grouping":"","bundle_min_size":"","bundle_max_size":"","bundle_price":[],"bundled_items":[],"bundle_sell_ids":[],"acf":[],"rank_math_title":"Fj\u00e4llr\u00e4ven Arctic Fox T-shirt M Terracotta Brown","rank_math_description":null,"rank_math_focus_keyword":"F87220, Fj\u00e4llr\u00e4ven, Arctic, Fox, T-shirt, M, Terracotta, Brown, Fj\u00e4llr\u00e4ven Arctic Fox T-shirt M Terracotta Brown","GroupGuid":null,"EcommerceProductGuid":"799AFCA3-CE3B-4CCB-8429-EFA524ADF36E","EcommerceProductVariationGuid":null,"ProductNumber":"F87220","ProductId":null,"IgnoreVenditGroupURL":null,"IgnoreVenditGroupSEO":null,"_links":{"self":[{"href":"https:\/\/barrelandboar.nl\/en\/wp-json\/wp\/v2\/product\/4482","targetHints":{"allow":["GET"]}}],"collection":[{"href":"https:\/\/barrelandboar.nl\/en\/wp-json\/wp\/v2\/product"}],"about":[{"href":"https:\/\/barrelandboar.nl\/en\/wp-json\/wp\/v2\/types\/product"}],"replies":[{"embeddable":true,"href":"https:\/\/barrelandboar.nl\/en\/wp-json\/wp\/v2\/comments?post=4482"}],"wp:featuredmedia":[{"embeddable":true,"href":"https:\/\/barrelandboar.nl\/en\/wp-json\/wp\/v2\/media\/4480"}],"wp:attachment":[{"href":"https:\/\/barrelandboar.nl\/en\/wp-json\/wp\/v2\/media?parent=4482"}],"wp:term":[{"taxonomy":"product_brand","embeddable":true,"href":"https:\/\/barrelandboar.nl\/en\/wp-json\/wp\/v2\/product_brand?post=4482"},{"taxonomy":"product_cat","embeddable":true,"href":"https:\/\/barrelandboar.nl\/en\/wp-json\/wp\/v2\/product_cat?post=4482"},{"taxonomy":"product_tag","embeddable":true,"href":"https:\/\/barrelandboar.nl\/en\/wp-json\/wp\/v2\/product_tag?post=4482"}],"curies":[{"name":"wp","href":"https:\/\/api.w.org\/{rel}","templated":true}]}}