{"id":4497,"date":"2025-04-19T11:59:32","date_gmt":"2025-04-19T09:59:32","guid":{"rendered":"https:\/\/barrelandboar.nl\/product\/fjallraven-arctic-fox-t-shirt-m-dusk-xl\/"},"modified":"2026-03-22T04:39:06","modified_gmt":"2026-03-22T03:39:06","slug":"fjallraven-arctic-fox-t-shirt-m-dusk-xl","status":"publish","type":"product","link":"https:\/\/barrelandboar.nl\/en\/fjallraven-arctic-fox-t-shirt-m-dusk-xl\/","title":{"rendered":"Fj\u00e4llr\u00e4ven Arctic Fox T-shirt M Dusk XL"},"content":{"rendered":"","protected":false},"excerpt":{"rendered":"<p style=\"margin-top:0pt;margin-bottom:0pt\"><span style=\"font-size:11pt;color:#303030\">Organic cotton T-shirt with polar fox print on front<\/span><span style=\"font-size:11pt\">.<\/span><\/p>","protected":false},"featured_media":4495,"comment_status":"open","ping_status":"closed","template":"","meta":{"_acf_changed":false,"rank_math_title":"Fj\u00e4llr\u00e4ven Arctic Fox T-shirt M Dusk","rank_math_description":"","rank_math_focus_keyword":"87220, Fj\u00e4llr\u00e4ven, Arctic, Fox, T-shirt, M, Dusk, Fj\u00e4llr\u00e4ven Arctic Fox T-shirt M Dusk","GroupGuid":"","EcommerceProductGuid":"FCAAA800-139C-4BDC-B3BC-9ED8FD4D26A4","EcommerceProductVariationGuid":"","ProductNumber":"87220","ProductId":"10479-2573"},"product_brand":[137],"product_cat":[79,71,70],"product_tag":[],"class_list":{"0":"post-4497","1":"product","2":"type-product","3":"status-publish","4":"has-post-thumbnail","6":"product_brand-fjallraven","7":"product_cat-t-shirts","8":"product_cat-heren","9":"product_cat-kleding","10":"pa_kleur-blauw","12":"first","13":"instock","14":"taxable","15":"shipping-taxable","16":"purchasable","17":"product-type-simple"},"bundled_by":[],"bundle_stock_status":"instock","bundle_stock_quantity":1,"bundle_virtual":false,"bundle_layout":"","bundle_add_to_cart_form_location":"","bundle_editable_in_cart":false,"bundle_sold_individually_context":"","bundle_item_grouping":"","bundle_min_size":"","bundle_max_size":"","bundle_price":[],"bundled_items":[],"bundle_sell_ids":[],"acf":[],"rank_math_title":"Fj\u00e4llr\u00e4ven Arctic Fox T-shirt M Dusk","rank_math_description":null,"rank_math_focus_keyword":"87220, Fj\u00e4llr\u00e4ven, Arctic, Fox, T-shirt, M, Dusk, Fj\u00e4llr\u00e4ven Arctic Fox T-shirt M Dusk","GroupGuid":null,"EcommerceProductGuid":"FCAAA800-139C-4BDC-B3BC-9ED8FD4D26A4","EcommerceProductVariationGuid":null,"ProductNumber":"87220","ProductId":"10479-2573","IgnoreVenditGroupURL":null,"IgnoreVenditGroupSEO":null,"_links":{"self":[{"href":"https:\/\/barrelandboar.nl\/en\/wp-json\/wp\/v2\/product\/4497","targetHints":{"allow":["GET"]}}],"collection":[{"href":"https:\/\/barrelandboar.nl\/en\/wp-json\/wp\/v2\/product"}],"about":[{"href":"https:\/\/barrelandboar.nl\/en\/wp-json\/wp\/v2\/types\/product"}],"replies":[{"embeddable":true,"href":"https:\/\/barrelandboar.nl\/en\/wp-json\/wp\/v2\/comments?post=4497"}],"wp:featuredmedia":[{"embeddable":true,"href":"https:\/\/barrelandboar.nl\/en\/wp-json\/wp\/v2\/media\/4495"}],"wp:attachment":[{"href":"https:\/\/barrelandboar.nl\/en\/wp-json\/wp\/v2\/media?parent=4497"}],"wp:term":[{"taxonomy":"product_brand","embeddable":true,"href":"https:\/\/barrelandboar.nl\/en\/wp-json\/wp\/v2\/product_brand?post=4497"},{"taxonomy":"product_cat","embeddable":true,"href":"https:\/\/barrelandboar.nl\/en\/wp-json\/wp\/v2\/product_cat?post=4497"},{"taxonomy":"product_tag","embeddable":true,"href":"https:\/\/barrelandboar.nl\/en\/wp-json\/wp\/v2\/product_tag?post=4497"}],"curies":[{"name":"wp","href":"https:\/\/api.w.org\/{rel}","templated":true}]}}