{"id":4500,"date":"2025-04-19T11:59:45","date_gmt":"2025-04-19T09:59:45","guid":{"rendered":"https:\/\/barrelandboar.nl\/product\/fjallraven-lush-logo-t-shirt-w-chalk-white\/"},"modified":"2026-03-22T04:25:32","modified_gmt":"2026-03-22T03:25:32","slug":"fjallraven-lush-logo-t-shirt-w-chalk-white","status":"publish","type":"product","link":"https:\/\/barrelandboar.nl\/en\/fjallraven-lush-logo-t-shirt-w-chalk-white\/","title":{"rendered":"Fj\u00e4llr\u00e4ven Lush Logo T-shirt W Chalk White"},"content":{"rendered":"<p style=\"margin-top:0pt;margin-bottom:0pt\"><span style=\"font-size:10.5pt;color:#303030\">The women's Fj\u00e4llblomster Logo short-sleeved T-shirt in durable knitted jersey combines the soft feel of organic cotton with the functionality and sustainable nature of recycled polyester. The Lush Logo T-shirt W is made from moisture-wicking and quick-drying fabric, making this item extra comfortable for warm climates. <\/span><\/p>\n<p style=\"margin-top:0pt;margin-bottom:0pt\"><span style=\"font-size:10.5pt;color:#303030\">\u00a0<\/span><\/p>\n<p style=\"margin-top:0pt;margin-bottom:0pt\"><span style=\"font-size:10.5pt;color:#303030\">Features new seasonal graphic with integrated logo print on chest and round neck.<\/span> <\/p>","protected":false},"excerpt":{"rendered":"<p style=\"margin-top:0pt;margin-bottom:0pt\"><span style=\"font-size:10.5pt;color:#303030\">The Fj\u00e4llblomster Logo short-sleeved T-shirt for women is made of moisture-wicking and quick-drying material, making this item extra comfortable for hot climates. <\/span><\/p>","protected":false},"featured_media":4498,"comment_status":"open","ping_status":"closed","template":"","meta":{"_acf_changed":false,"rank_math_title":"Fj\u00e4llr\u00e4ven Lush Logo T-shirt W Chalk White","rank_math_description":"","rank_math_focus_keyword":"F14600165, Fj\u00e4llr\u00e4ven, Lush, Logo, T-shirt, W, Chalk, White, Fj\u00e4llr\u00e4ven Lush Logo T-shirt W Chalk White","GroupGuid":"","EcommerceProductGuid":"51C0EFE7-6A79-4073-AE79-C51DE52DD0F3","EcommerceProductVariationGuid":"","ProductNumber":"F14600165","ProductId":""},"product_brand":[137],"product_cat":[83,70,91],"product_tag":[],"class_list":{"0":"post-4500","1":"product","2":"type-product","3":"status-publish","4":"has-post-thumbnail","6":"product_brand-fjallraven","7":"product_cat-dames","8":"product_cat-kleding","9":"product_cat-t-shirts-dames","10":"pa_kleur-wit","12":"first","13":"instock","14":"taxable","15":"shipping-taxable","16":"purchasable","17":"product-type-variable"},"bundled_by":[],"bundle_stock_status":"instock","bundle_stock_quantity":null,"bundle_virtual":false,"bundle_layout":"","bundle_add_to_cart_form_location":"","bundle_editable_in_cart":false,"bundle_sold_individually_context":"","bundle_item_grouping":"","bundle_min_size":"","bundle_max_size":"","bundle_price":[],"bundled_items":[],"bundle_sell_ids":[],"acf":[],"rank_math_title":"Fj\u00e4llr\u00e4ven Lush Logo T-shirt W Chalk White","rank_math_description":null,"rank_math_focus_keyword":"F14600165, Fj\u00e4llr\u00e4ven, Lush, Logo, T-shirt, W, Chalk, White, Fj\u00e4llr\u00e4ven Lush Logo T-shirt W Chalk White","GroupGuid":null,"EcommerceProductGuid":"51C0EFE7-6A79-4073-AE79-C51DE52DD0F3","EcommerceProductVariationGuid":null,"ProductNumber":"F14600165","ProductId":null,"IgnoreVenditGroupURL":null,"IgnoreVenditGroupSEO":null,"_links":{"self":[{"href":"https:\/\/barrelandboar.nl\/en\/wp-json\/wp\/v2\/product\/4500","targetHints":{"allow":["GET"]}}],"collection":[{"href":"https:\/\/barrelandboar.nl\/en\/wp-json\/wp\/v2\/product"}],"about":[{"href":"https:\/\/barrelandboar.nl\/en\/wp-json\/wp\/v2\/types\/product"}],"replies":[{"embeddable":true,"href":"https:\/\/barrelandboar.nl\/en\/wp-json\/wp\/v2\/comments?post=4500"}],"wp:featuredmedia":[{"embeddable":true,"href":"https:\/\/barrelandboar.nl\/en\/wp-json\/wp\/v2\/media\/4498"}],"wp:attachment":[{"href":"https:\/\/barrelandboar.nl\/en\/wp-json\/wp\/v2\/media?parent=4500"}],"wp:term":[{"taxonomy":"product_brand","embeddable":true,"href":"https:\/\/barrelandboar.nl\/en\/wp-json\/wp\/v2\/product_brand?post=4500"},{"taxonomy":"product_cat","embeddable":true,"href":"https:\/\/barrelandboar.nl\/en\/wp-json\/wp\/v2\/product_cat?post=4500"},{"taxonomy":"product_tag","embeddable":true,"href":"https:\/\/barrelandboar.nl\/en\/wp-json\/wp\/v2\/product_tag?post=4500"}],"curies":[{"name":"wp","href":"https:\/\/api.w.org\/{rel}","templated":true}]}}