{"id":4767,"date":"2025-04-28T14:04:40","date_gmt":"2025-04-28T12:04:40","guid":{"rendered":"https:\/\/barrelandboar.nl\/product\/fjallraven-move-with-bag-long-blue\/"},"modified":"2026-03-22T04:19:03","modified_gmt":"2026-03-22T03:19:03","slug":"fjallraven-move-with-bag-long-blue","status":"publish","type":"product","link":"https:\/\/barrelandboar.nl\/en\/fjallraven-move-with-bag-long-blue\/","title":{"rendered":"Fj\u00e4llr\u00e4ven Move With Bag Long Blue"},"content":{"rendered":"<p style=\"margin-top:0pt;margin-bottom:5pt\"><span style=\"font-size:10.5pt;color:#000000;background-color:#FFFFFF\">The\u00a0<\/span><span style=\"font-size:10.5pt;color:#000000;background-color:#FFFFFF;font-weight:bold\">Fj\u00e4llr\u00e4ven Move<\/span><span style=\"font-size:10.5pt;color:#000000;background-color:#FFFFFF\">\u00a0is a mummy sleeping bag. When you move around a lot in your sleep, this sleeping bag is ideal. It ensures that the opening of the hood always stays in the front. The down filling on the top and bottom of the sleeping bag provides excellent insulation.<\/span><\/p>\n<p style=\"margin-top:0pt;margin-bottom:5pt\"><span style=\"font-size:10.5pt;color:#000000;background-color:#FFFFFF\">The sleeping bag has a comfort temperature of 10 degrees Celsius, making it comfortable to lie in during cool nights. The limit temperature of this sleeping bag is 6 degrees Celsius. In the colder months, you can endure as much as -7 degrees in this sleeping bag. Handy for trekking or long trips when you have to deal with different temperatures.<\/span><\/p>\n<p style=\"margin-top:0pt;margin-bottom:0pt\"><span style=\"font-size:10.5pt;color:#000000;background-color:#FFFFFF;font-weight:bold\">Specifications:<\/span><\/p>\n<ul style=\"margin:0pt;padding:0pt;list-style-type:disc\">\n<li style=\"font-size:12pt\">\n<p style=\"margin-left:0pt;margin-top:0pt;margin-bottom:0pt\"><span style=\"color:#000000;background-color:#FFFFFF\">Continuous two-way zip for extra ventilation<\/span><\/p>\n<\/li>\n<li style=\"font-size:12pt\">\n<p style=\"margin-left:0pt;margin-top:0pt;margin-bottom:0pt\"><span style=\"color:#000000;background-color:#FFFFFF\">Hood adjustable at the side with a distinctive drawstring<\/span><\/p>\n<\/li>\n<li style=\"font-size:12pt\">\n<p style=\"margin-left:0pt;margin-top:0pt;margin-bottom:0pt\"><span style=\"color:#000000;background-color:#FFFFFF\">Including packing bag and storage bag<\/span><\/p>\n<\/li>\n<li style=\"font-size:12pt\">\n<p style=\"margin-left:0pt;margin-top:0pt;margin-bottom:0pt\"><span style=\"color:#000000;background-color:#FFFFFF\">Length: 195 cm<\/span><\/p>\n<\/li>\n<\/ul>","protected":false},"excerpt":{"rendered":"<p style=\"margin-top:0pt;margin-bottom:0pt\"><span style=\"font-size:10.5pt;color:#000000;background-color:#FFFFFF\">The\u00a0<\/span><span style=\"font-size:10.5pt;color:#000000;background-color:#FFFFFF;font-weight:bold\">Fj\u00e4llr\u00e4ven Move<\/span><span style=\"font-size:10.5pt;color:#000000;background-color:#FFFFFF\">\u00a0Is a mummy sleeping bag. <\/span><\/p>","protected":false},"featured_media":4763,"comment_status":"open","ping_status":"closed","template":"","meta":{"_acf_changed":false,"rank_math_title":"Fj\u00e4llr\u00e4ven Move With Bag Long Blue","rank_math_description":"","rank_math_focus_keyword":"62721, Fj\u00e4llr\u00e4ven, Move, With, Bag, Long, Blue, Fj\u00e4llr\u00e4ven Move With Bag Long Blue","GroupGuid":"","EcommerceProductGuid":"02AB3F6B-361E-45AD-AA0F-079C5140F3F6","EcommerceProductVariationGuid":"","ProductNumber":"62721","ProductId":"8097-0"},"product_brand":[137],"product_cat":[757,907],"product_tag":[],"class_list":{"0":"post-4767","1":"product","2":"type-product","3":"status-publish","4":"has-post-thumbnail","6":"product_brand-fjallraven","7":"product_cat-diversen","8":"product_cat-overig","9":"pa_kleur-blauw","11":"first","12":"instock","13":"sale","14":"taxable","15":"shipping-taxable","16":"purchasable","17":"product-type-simple"},"bundled_by":[],"bundle_stock_status":"instock","bundle_stock_quantity":1,"bundle_virtual":false,"bundle_layout":"","bundle_add_to_cart_form_location":"","bundle_editable_in_cart":false,"bundle_sold_individually_context":"","bundle_item_grouping":"","bundle_min_size":"","bundle_max_size":"","bundle_price":[],"bundled_items":[],"bundle_sell_ids":[],"acf":[],"rank_math_title":"Fj\u00e4llr\u00e4ven Move With Bag Long Blue","rank_math_description":null,"rank_math_focus_keyword":"62721, Fj\u00e4llr\u00e4ven, Move, With, Bag, Long, Blue, Fj\u00e4llr\u00e4ven Move With Bag Long Blue","GroupGuid":null,"EcommerceProductGuid":"02AB3F6B-361E-45AD-AA0F-079C5140F3F6","EcommerceProductVariationGuid":null,"ProductNumber":"62721","ProductId":"8097-0","IgnoreVenditGroupURL":null,"IgnoreVenditGroupSEO":null,"_links":{"self":[{"href":"https:\/\/barrelandboar.nl\/en\/wp-json\/wp\/v2\/product\/4767","targetHints":{"allow":["GET"]}}],"collection":[{"href":"https:\/\/barrelandboar.nl\/en\/wp-json\/wp\/v2\/product"}],"about":[{"href":"https:\/\/barrelandboar.nl\/en\/wp-json\/wp\/v2\/types\/product"}],"replies":[{"embeddable":true,"href":"https:\/\/barrelandboar.nl\/en\/wp-json\/wp\/v2\/comments?post=4767"}],"wp:featuredmedia":[{"embeddable":true,"href":"https:\/\/barrelandboar.nl\/en\/wp-json\/wp\/v2\/media\/4763"}],"wp:attachment":[{"href":"https:\/\/barrelandboar.nl\/en\/wp-json\/wp\/v2\/media?parent=4767"}],"wp:term":[{"taxonomy":"product_brand","embeddable":true,"href":"https:\/\/barrelandboar.nl\/en\/wp-json\/wp\/v2\/product_brand?post=4767"},{"taxonomy":"product_cat","embeddable":true,"href":"https:\/\/barrelandboar.nl\/en\/wp-json\/wp\/v2\/product_cat?post=4767"},{"taxonomy":"product_tag","embeddable":true,"href":"https:\/\/barrelandboar.nl\/en\/wp-json\/wp\/v2\/product_tag?post=4767"}],"curies":[{"name":"wp","href":"https:\/\/api.w.org\/{rel}","templated":true}]}}