{"id":4888,"date":"2025-04-28T14:26:44","date_gmt":"2025-04-28T12:26:44","guid":{"rendered":"https:\/\/barrelandboar.nl\/product\/fjallraven-geweerriem\/"},"modified":"2026-03-22T04:25:57","modified_gmt":"2026-03-22T03:25:57","slug":"fjallraven-geweerriem","status":"publish","type":"product","link":"https:\/\/barrelandboar.nl\/en\/fjallraven-geweerriem\/","title":{"rendered":"Fj\u00e4llr\u00e4ven Rifle belt"},"content":{"rendered":"<p style=\"margin-top:0pt;margin-bottom:0pt\"><span style=\"font-size:10.5pt;color:#000000;background-color:#FFFFFF\">The\u00a0<\/span><span style=\"font-size:10.5pt;color:#000000;background-color:#FFFFFF;font-weight:bold\">Fj\u00e4llr\u00e4ven Rifle belt<\/span><span style=\"font-size:10.5pt;color:#000000;background-color:#FFFFFF\">\u00a0is a sling that allows you to carry a shotgun with you. This belt is made of leather and also has a section made of rubber, which keeps the belt securely on your shoulder. The length of the belt is easy to adjust by means of the buckle. The Fj\u00e4llr\u00e4ven Rifle Belt is incredibly durable and will only get more beautiful over time, as the vegetable-tanned leather starts to shine. This belt weighs 110 grams.<\/span> <\/p>","protected":false},"excerpt":{"rendered":"<p style=\"margin-top:0pt;margin-bottom:0pt\"><span style=\"font-size:10.5pt;color:#000000;background-color:#FFFFFF\">The\u00a0<\/span><span style=\"font-size:10.5pt;color:#000000;background-color:#FFFFFF;font-weight:bold\">Fj\u00e4llr\u00e4ven Rifle belt<\/span><span style=\"font-size:10.5pt;color:#000000;background-color:#FFFFFF\">\u00a0is a sling that allows you to carry a shotgun with you. This belt is made of leather and also has a section made of rubber, which keeps the belt securely on your shoulder<\/span><\/p>","protected":false},"featured_media":8318,"comment_status":"open","ping_status":"closed","template":"","meta":{"_acf_changed":false,"rank_math_title":"Fj\u00e4llr\u00e4ven Geweerriem","rank_math_description":"","rank_math_focus_keyword":"90208, Fj\u00e4llr\u00e4ven, Geweerriem, Fj\u00e4llr\u00e4ven Geweerriem","GroupGuid":"","EcommerceProductGuid":"596EB31C-4614-4F8F-AE83-5EFCBD5E3B7E","EcommerceProductVariationGuid":"","ProductNumber":"90208","ProductId":"8105-0"},"product_brand":[137],"product_cat":[747],"product_tag":[],"class_list":{"0":"post-4888","1":"product","2":"type-product","3":"status-publish","4":"has-post-thumbnail","6":"product_brand-fjallraven","7":"product_cat-geweerriem","9":"first","10":"instock","11":"taxable","12":"shipping-taxable","13":"purchasable","14":"product-type-simple"},"bundled_by":[],"bundle_stock_status":"instock","bundle_stock_quantity":4,"bundle_virtual":false,"bundle_layout":"","bundle_add_to_cart_form_location":"","bundle_editable_in_cart":false,"bundle_sold_individually_context":"","bundle_item_grouping":"","bundle_min_size":"","bundle_max_size":"","bundle_price":[],"bundled_items":[],"bundle_sell_ids":[],"acf":[],"rank_math_title":"Fj\u00e4llr\u00e4ven Geweerriem","rank_math_description":null,"rank_math_focus_keyword":"90208, Fj\u00e4llr\u00e4ven, Geweerriem, Fj\u00e4llr\u00e4ven Geweerriem","GroupGuid":null,"EcommerceProductGuid":"596EB31C-4614-4F8F-AE83-5EFCBD5E3B7E","EcommerceProductVariationGuid":null,"ProductNumber":"90208","ProductId":"8105-0","IgnoreVenditGroupURL":null,"IgnoreVenditGroupSEO":null,"_links":{"self":[{"href":"https:\/\/barrelandboar.nl\/en\/wp-json\/wp\/v2\/product\/4888","targetHints":{"allow":["GET"]}}],"collection":[{"href":"https:\/\/barrelandboar.nl\/en\/wp-json\/wp\/v2\/product"}],"about":[{"href":"https:\/\/barrelandboar.nl\/en\/wp-json\/wp\/v2\/types\/product"}],"replies":[{"embeddable":true,"href":"https:\/\/barrelandboar.nl\/en\/wp-json\/wp\/v2\/comments?post=4888"}],"wp:featuredmedia":[{"embeddable":true,"href":"https:\/\/barrelandboar.nl\/en\/wp-json\/wp\/v2\/media\/8318"}],"wp:attachment":[{"href":"https:\/\/barrelandboar.nl\/en\/wp-json\/wp\/v2\/media?parent=4888"}],"wp:term":[{"taxonomy":"product_brand","embeddable":true,"href":"https:\/\/barrelandboar.nl\/en\/wp-json\/wp\/v2\/product_brand?post=4888"},{"taxonomy":"product_cat","embeddable":true,"href":"https:\/\/barrelandboar.nl\/en\/wp-json\/wp\/v2\/product_cat?post=4888"},{"taxonomy":"product_tag","embeddable":true,"href":"https:\/\/barrelandboar.nl\/en\/wp-json\/wp\/v2\/product_tag?post=4888"}],"curies":[{"name":"wp","href":"https:\/\/api.w.org\/{rel}","templated":true}]}}