{"id":5030,"date":"2025-04-28T15:11:14","date_gmt":"2025-04-28T13:11:14","guid":{"rendered":"https:\/\/barrelandboar.nl\/product\/fjallraven-cartridge-bag-leather-cognac\/"},"modified":"2026-03-22T04:35:18","modified_gmt":"2026-03-22T03:35:18","slug":"fjallraven-cartridge-bag-leather-cognac","status":"publish","type":"product","link":"https:\/\/barrelandboar.nl\/en\/fjallraven-cartridge-bag-leather-cognac\/","title":{"rendered":"Fj\u00e4llr\u00e4ven Cartridge Bag Leather Cognac"},"content":{"rendered":"<p style=\"margin-top:0pt;margin-bottom:0pt\"><span style=\"font-size:10.5pt;color:#000000;background-color:#FFFFFF\">The\u00a0<\/span><span style=\"font-size:10.5pt;color:#000000;background-color:#FFFFFF;font-weight:bold\">Fj\u00e4llr\u00e4ven Ammo Bag Leather Cognac<\/span><span style=\"font-size:10.5pt;color:#000000;background-color:#FFFFFF\">\u00a0is a medium-sized bag for hail cartridges, made of strong, vegetable-tanned raw leather, which acquires a beautiful sheen over time. The metal closure cannot only be used to close the bag; you can also use it to secure the flap to the inside of the bag. That way, the flap can be attached to a belt, such as the Fj\u00e4llr\u00e4ven Equipment Belt, and the patterns become easily accessible.<\/span><\/p>\n<p style=\"margin-top:0pt;margin-bottom:0pt\">\u00a0<\/p>\n<p style=\"margin-top:0pt;margin-bottom:0pt\"><span style=\"font-size:10.5pt;color:#000000;background-color:#FFFFFF;font-weight:bold\">Specifications:<\/span><\/p>\n<ul style=\"margin:0pt;padding:0pt;list-style-type:disc\">\n<li style=\"font-size:10.5pt;margin-left:18pt\">\n<p style=\"margin-left:0pt;margin-top:0pt;margin-bottom:0pt\"><span style=\"font-size:10.5pt;color:#000000;background-color:#FFFFFF\">Medium-sized stuff pocket for easy storage of patterns<\/span><\/p>\n<\/li>\n<li style=\"font-size:10.5pt;margin-left:18pt\">\n<p style=\"margin-left:0pt;margin-top:0pt;margin-bottom:0pt\"><span style=\"font-size:10.5pt;color:#000000;background-color:#FFFFFF\">Top flap can be folded double as a belt attachment when the cover is open<\/span><\/p>\n<\/li>\n<li style=\"font-size:10.5pt;margin-left:18pt\">\n<p style=\"margin-left:0pt;margin-top:0pt;margin-bottom:0pt\"><span style=\"font-size:10.5pt;color:#000000;background-color:#FFFFFF\">The metal closure hook can be attached in two places, either at the front to close the bag, or at the back on the back to use the flap as a belt attachment, leaving bag open for easy access<\/span><\/p>\n<\/li>\n<li style=\"font-size:10.5pt;margin-left:18pt\">\n<p style=\"margin-left:0pt;margin-top:0pt;margin-bottom:0pt\"><span style=\"font-size:10.5pt;color:#000000;background-color:#FFFFFF\">Designed to attach to the Equipment Belt<\/span><\/p>\n<\/li>\n<li style=\"font-size:10.5pt;margin-left:18pt\">\n<p style=\"margin-left:0pt;margin-top:0pt;margin-bottom:0pt\"><span style=\"font-size:10.5pt;color:#000000;background-color:#FFFFFF\">Made in Sweden from vegetable-tanned leather<\/span><\/p>\n<\/li>\n<li style=\"font-size:10.5pt;margin-left:18pt\">\n<p style=\"margin-left:0pt;margin-top:0pt;margin-bottom:0pt\"><span style=\"font-size:10.5pt;color:#000000;background-color:#FFFFFF\">Material: 100% leather<\/span><\/p>\n<\/li>\n<\/ul>","protected":false},"excerpt":{"rendered":"<p style=\"margin-top:0pt;margin-bottom:0pt\"><span style=\"font-size:10.5pt;color:#000000;background-color:#FFFFFF\">The\u00a0<\/span><span style=\"font-size:10.5pt;color:#000000;background-color:#FFFFFF;font-weight:bold\">Fj\u00e4llr\u00e4ven Ammo Bag Leather Cognac<\/span><span style=\"font-size:10.5pt;color:#000000;background-color:#FFFFFF\">\u00a0is a medium-sized bag for hail cartridges, made of strong, vegetable-tanned raw leather.<\/span><\/p>","protected":false},"featured_media":8417,"comment_status":"open","ping_status":"closed","template":"","meta":{"_acf_changed":false,"rank_math_title":"Fj\u00e4llr\u00e4ven Cartridge Bag Leather Cognac","rank_math_description":"","rank_math_focus_keyword":"77051, Fj\u00e4llr\u00e4ven, Cartridge, Bag, Leather, Cognac, Fj\u00e4llr\u00e4ven Cartridge Bag Leather Cognac","GroupGuid":"","EcommerceProductGuid":"CA2A38D8-59AE-4FDC-B571-A7851838B557","EcommerceProductVariationGuid":"","ProductNumber":"77051","ProductId":"8099-0"},"product_brand":[137],"product_cat":[56,751,55],"product_tag":[],"class_list":{"0":"post-5030","1":"product","2":"type-product","3":"status-publish","4":"has-post-thumbnail","6":"product_brand-fjallraven","7":"product_cat-opbergen-transport","8":"product_cat-patroonhouder","9":"product_cat-toebehoren","10":"pa_kleur-bruin","12":"first","13":"instock","14":"taxable","15":"shipping-taxable","16":"purchasable","17":"product-type-simple"},"bundled_by":[],"bundle_stock_status":"instock","bundle_stock_quantity":4,"bundle_virtual":false,"bundle_layout":"","bundle_add_to_cart_form_location":"","bundle_editable_in_cart":false,"bundle_sold_individually_context":"","bundle_item_grouping":"","bundle_min_size":"","bundle_max_size":"","bundle_price":[],"bundled_items":[],"bundle_sell_ids":[],"acf":[],"rank_math_title":"Fj\u00e4llr\u00e4ven Cartridge Bag Leather Cognac","rank_math_description":null,"rank_math_focus_keyword":"77051, Fj\u00e4llr\u00e4ven, Cartridge, Bag, Leather, Cognac, Fj\u00e4llr\u00e4ven Cartridge Bag Leather Cognac","GroupGuid":null,"EcommerceProductGuid":"CA2A38D8-59AE-4FDC-B571-A7851838B557","EcommerceProductVariationGuid":null,"ProductNumber":"77051","ProductId":"8099-0","IgnoreVenditGroupURL":null,"IgnoreVenditGroupSEO":null,"_links":{"self":[{"href":"https:\/\/barrelandboar.nl\/en\/wp-json\/wp\/v2\/product\/5030","targetHints":{"allow":["GET"]}}],"collection":[{"href":"https:\/\/barrelandboar.nl\/en\/wp-json\/wp\/v2\/product"}],"about":[{"href":"https:\/\/barrelandboar.nl\/en\/wp-json\/wp\/v2\/types\/product"}],"replies":[{"embeddable":true,"href":"https:\/\/barrelandboar.nl\/en\/wp-json\/wp\/v2\/comments?post=5030"}],"wp:featuredmedia":[{"embeddable":true,"href":"https:\/\/barrelandboar.nl\/en\/wp-json\/wp\/v2\/media\/8417"}],"wp:attachment":[{"href":"https:\/\/barrelandboar.nl\/en\/wp-json\/wp\/v2\/media?parent=5030"}],"wp:term":[{"taxonomy":"product_brand","embeddable":true,"href":"https:\/\/barrelandboar.nl\/en\/wp-json\/wp\/v2\/product_brand?post=5030"},{"taxonomy":"product_cat","embeddable":true,"href":"https:\/\/barrelandboar.nl\/en\/wp-json\/wp\/v2\/product_cat?post=5030"},{"taxonomy":"product_tag","embeddable":true,"href":"https:\/\/barrelandboar.nl\/en\/wp-json\/wp\/v2\/product_tag?post=5030"}],"curies":[{"name":"wp","href":"https:\/\/api.w.org\/{rel}","templated":true}]}}