{"id":5194,"date":"2025-04-28T16:01:52","date_gmt":"2025-04-28T14:01:52","guid":{"rendered":"https:\/\/barrelandboar.nl\/product\/fjallraven-singi-three-seasons-regular-blue\/"},"modified":"2026-03-22T04:27:12","modified_gmt":"2026-03-22T03:27:12","slug":"fjallraven-singi-three-seasons-regular-blue","status":"publish","type":"product","link":"https:\/\/barrelandboar.nl\/en\/fjallraven-singi-three-seasons-regular-blue\/","title":{"rendered":"Fj\u00e4llr\u00e4ven Singi Three Seasons Regular Blue"},"content":{"rendered":"<p style=\"margin-top:0pt;margin-bottom:5pt\"><span style=\"font-size:10.5pt;color:#000000;background-color:#FFFFFF\">The\u00a0<\/span><span style=\"font-size:10.5pt;color:#000000;background-color:#FFFFFF;font-weight:bold\">Fj\u00e4llr\u00e4ven Singi Three Seasons<\/span><span style=\"font-size:10.5pt;color:#000000;background-color:#FFFFFF\">\u00a0is a flexible down sleeping bag that offers plenty of warmth relative to its weight and takes up little space in the pack. It is suitable for three-season use with a comfort temperature (men) of -8\u00b0C (women -2\u00b0C). The sleeping bag is filled with quality down distributed for optimal warmth, with extra down on the top, at the torso and feet.<\/span><\/p>\n<p style=\"margin-top:0pt;margin-bottom:5pt\"><span style=\"font-size:10.5pt;color:#000000;background-color:#FFFFFF\">The hood provides comfortable warmth around the head and features a down-filled thermal collar that, together with the drawcord, keeps warmth inside the sleeping bag. The full-length two-way zip facilitates ventilation and the double down-filled flaps along the opening keep out draughts. The flaps are fitted with zip-ties so they do not get caught in the zip.<\/span><\/p>\n<p style=\"margin-top:0pt;margin-bottom:5pt\"><span style=\"font-size:10.5pt;color:#000000;background-color:#FFFFFF\">It has user-friendly zip pulls and a leather drawstring. Includes a small pocket on the outside for small items you want to keep close at hand. The generous footboard provides plenty of space at the feet. Suspension loops at the foot end facilitate hanging the sleeping bag. The pack bag with compression straps is included. Suitable for persons up to 180 cm.<\/span><\/p>\n<p style=\"margin-top:0pt;margin-bottom:0pt\"><span style=\"font-size:10.5pt;color:#000000;background-color:#FFFFFF;font-weight:bold\">Specifications:<\/span><\/p>\n<ul style=\"margin:0pt;padding:0pt;list-style-type:disc\">\n<li style=\"font-size:12pt\">\n<p style=\"margin-left:0pt;margin-top:0pt;margin-bottom:0pt\"><span style=\"color:#000000;background-color:#FFFFFF\">Lightweight down sleeping bag with good insulation that compresses well<\/span><\/p>\n<\/li>\n<li style=\"font-size:12pt\">\n<p style=\"margin-left:0pt;margin-top:0pt;margin-bottom:0pt\"><span style=\"color:#000000;background-color:#FFFFFF\">60% of down is at the top and 40% at the bottom<\/span><\/p>\n<\/li>\n<li style=\"font-size:12pt\">\n<p style=\"margin-left:0pt;margin-top:0pt;margin-bottom:0pt\"><span style=\"color:#000000;background-color:#FFFFFF\">It is distributed down from the top layer to add loft to torso and feet to increase low-temperature performance<\/span><\/p>\n<\/li>\n<li style=\"font-size:12pt\">\n<p style=\"margin-left:0pt;margin-top:0pt;margin-bottom:0pt\"><span style=\"color:#000000;background-color:#FFFFFF\">Cord stopper that is easy to grip and leather pulls on the zips<\/span><\/p>\n<\/li>\n<li style=\"font-size:12pt\">\n<p style=\"margin-left:0pt;margin-top:0pt;margin-bottom:0pt\"><span style=\"color:#000000;background-color:#FFFFFF\">3D hood with insulated cord channel<\/span><\/p>\n<\/li>\n<\/ul>","protected":false},"excerpt":{"rendered":"<p style=\"margin-top:0pt;margin-bottom:0pt\"><span style=\"font-size:10.5pt;color:#000000;background-color:#FFFFFF\">The\u00a0<\/span><span style=\"font-size:10.5pt;color:#000000;background-color:#FFFFFF;font-weight:bold\">Fj\u00e4llr\u00e4ven Singi Three Seasons<\/span><span style=\"font-size:10.5pt;color:#000000;background-color:#FFFFFF\">\u00a0is a flexible down sleeping bag that offers plenty of warmth relative to its weight and takes up little space in the pack. It is suitable for use in three seasons. The sleeping bag is filled with quality down distributed for optimal warmth, with extra down on the top, at the torso and feet.<\/span><\/p>","protected":false},"featured_media":5192,"comment_status":"open","ping_status":"closed","template":"","meta":{"_acf_changed":false,"rank_math_title":"Fj\u00e4llr\u00e4ven Singi Three Seasons Regular Blue","rank_math_description":"","rank_math_focus_keyword":"62724, Fj\u00e4llr\u00e4ven, , Singi, Three, Seasons, Regular, Blue, Fj\u00e4llr\u00e4ven Singi Three Seasons Regular Blue","GroupGuid":"","EcommerceProductGuid":"6CE83A4E-E6C8-405C-952F-6C67D2BC3CB6","EcommerceProductVariationGuid":"","ProductNumber":"62724","ProductId":"8098-0"},"product_brand":[137],"product_cat":[757,907],"product_tag":[],"class_list":{"0":"post-5194","1":"product","2":"type-product","3":"status-publish","4":"has-post-thumbnail","6":"product_brand-fjallraven","7":"product_cat-diversen","8":"product_cat-overig","9":"pa_kleur-blauw","11":"first","12":"instock","13":"sale","14":"taxable","15":"shipping-taxable","16":"purchasable","17":"product-type-simple"},"bundled_by":[],"bundle_stock_status":"instock","bundle_stock_quantity":1,"bundle_virtual":false,"bundle_layout":"","bundle_add_to_cart_form_location":"","bundle_editable_in_cart":false,"bundle_sold_individually_context":"","bundle_item_grouping":"","bundle_min_size":"","bundle_max_size":"","bundle_price":[],"bundled_items":[],"bundle_sell_ids":[],"acf":[],"rank_math_title":"Fj\u00e4llr\u00e4ven Singi Three Seasons Regular Blue","rank_math_description":null,"rank_math_focus_keyword":"62724, Fj\u00e4llr\u00e4ven, , Singi, Three, Seasons, Regular, Blue, Fj\u00e4llr\u00e4ven Singi Three Seasons Regular Blue","GroupGuid":null,"EcommerceProductGuid":"6CE83A4E-E6C8-405C-952F-6C67D2BC3CB6","EcommerceProductVariationGuid":null,"ProductNumber":"62724","ProductId":"8098-0","IgnoreVenditGroupURL":null,"IgnoreVenditGroupSEO":null,"_links":{"self":[{"href":"https:\/\/barrelandboar.nl\/en\/wp-json\/wp\/v2\/product\/5194","targetHints":{"allow":["GET"]}}],"collection":[{"href":"https:\/\/barrelandboar.nl\/en\/wp-json\/wp\/v2\/product"}],"about":[{"href":"https:\/\/barrelandboar.nl\/en\/wp-json\/wp\/v2\/types\/product"}],"replies":[{"embeddable":true,"href":"https:\/\/barrelandboar.nl\/en\/wp-json\/wp\/v2\/comments?post=5194"}],"wp:featuredmedia":[{"embeddable":true,"href":"https:\/\/barrelandboar.nl\/en\/wp-json\/wp\/v2\/media\/5192"}],"wp:attachment":[{"href":"https:\/\/barrelandboar.nl\/en\/wp-json\/wp\/v2\/media?parent=5194"}],"wp:term":[{"taxonomy":"product_brand","embeddable":true,"href":"https:\/\/barrelandboar.nl\/en\/wp-json\/wp\/v2\/product_brand?post=5194"},{"taxonomy":"product_cat","embeddable":true,"href":"https:\/\/barrelandboar.nl\/en\/wp-json\/wp\/v2\/product_cat?post=5194"},{"taxonomy":"product_tag","embeddable":true,"href":"https:\/\/barrelandboar.nl\/en\/wp-json\/wp\/v2\/product_tag?post=5194"}],"curies":[{"name":"wp","href":"https:\/\/api.w.org\/{rel}","templated":true}]}}