{"id":5260,"date":"2025-04-28T16:30:59","date_gmt":"2025-04-28T14:30:59","guid":{"rendered":"https:\/\/barrelandboar.nl\/product\/fjallraven-move-with-bag-regular-blue\/"},"modified":"2026-03-22T04:36:11","modified_gmt":"2026-03-22T03:36:11","slug":"fjallraven-move-with-bag-regular-blue","status":"publish","type":"product","link":"https:\/\/barrelandboar.nl\/en\/fjallraven-move-with-bag-regular-blue\/","title":{"rendered":"Fj\u00e4llr\u00e4ven Move With Bag Regular Blue"},"content":{"rendered":"<p style=\"margin-top:0pt;margin-bottom:5pt\"><span style=\"font-size:10.5pt;color:#000000;background-color:#FFFFFF\">The\u00a0<\/span><span style=\"font-size:10.5pt;color:#000000;background-color:#FFFFFF;font-weight:bold\">Fj\u00e4llr\u00e4ven Move With Bag<\/span><span style=\"font-size:10.5pt;color:#000000;background-color:#FFFFFF\">\u00a0is a lightweight, compressible down sleeping bag. It is specially designed for users who tend to take the sleeping bag with them while moving in their sleep. The sleeping bag has a comfortable head section and extra-long zip with protective flap.<\/span><\/p>\n<p style=\"margin-top:0pt;margin-bottom:5pt\"><span style=\"font-size:10.5pt;color:#000000;background-color:#FFFFFF\">Move With Bag is a very practical and offers a lot of warmth in a small size. While moving in sleep, the opening of the hood will always remain at the front of the body.<\/span><\/p>\n<p style=\"margin-top:0pt;margin-bottom:5pt\"><span style=\"font-size:10.5pt;color:#000000;background-color:#FFFFFF\">An equal amount of down filling at the top and bottom of the bag ensures good insulation regardless of the user's sleeping position. The bag is filled with 700 cubic inches of down in wall pockets across the upper body and at the top and bottom of the bag to minimise heat loss. To keep the weight down, the leg section is filled with 600 cubic inches of down in quilted channels.<\/span><\/p>\n<p style=\"margin-top:0pt;margin-bottom:5pt\"><span style=\"font-size:10.5pt;color:#000000;background-color:#FFFFFF\">The comfort temperature (men) of +6\u2103 (women +10\u00b0C) is perfect for warm summer nights, hut-to-hut trekking or long treks. The head section is very warm, and the width can be adjusted at the side with a visible yellow cord. The full-length two-way zip facilitates ventilation, and the sleeping bag can also be opened along the foot section to serve as a blanket.<\/span><\/p>\n<p style=\"margin-top:0pt;margin-bottom:5pt\"><span style=\"font-size:10.5pt;color:#000000;background-color:#FFFFFF\">The down-filled flap along the opening stops cold drafts, and a strap along the flap prevents it from getting caught in the zip.<\/span><\/p>\n<p style=\"margin-top:0pt;margin-bottom:5pt\"><span style=\"font-size:10.5pt;color:#000000;background-color:#FFFFFF;font-weight:bold\">Specifications:<\/span><\/p>\n<ul style=\"margin:0pt;padding:0pt;list-style-type:disc\">\n<li style=\"font-size:12pt\">\n<p style=\"margin-left:0pt;margin-top:0pt;margin-bottom:0pt\"><span style=\"color:#000000;background-color:#FFFFFF\">Easy-to-handle zip pulls and leather drawstring<\/span><\/p>\n<\/li>\n<li style=\"font-size:12pt\">\n<p style=\"margin-left:0pt;margin-top:0pt;margin-bottom:0pt\"><span style=\"color:#000000;background-color:#FFFFFF\">The large footwell provides ample space<\/span><\/p>\n<\/li>\n<li style=\"font-size:12pt\">\n<p style=\"margin-left:0pt;margin-top:0pt;margin-bottom:0pt\"><span style=\"color:#000000;background-color:#FFFFFF\">Eyelets on the feet for convenient storage<\/span><\/p>\n<\/li>\n<li style=\"font-size:12pt\">\n<p style=\"margin-left:0pt;margin-top:0pt;margin-bottom:0pt\"><span style=\"color:#000000;background-color:#FFFFFF\">Includes carrying and storage bag<\/span><\/p>\n<\/li>\n<li style=\"font-size:12pt\">\n<p style=\"margin-left:0pt;margin-top:0pt;margin-bottom:0pt\"><span style=\"color:#000000;background-color:#FFFFFF\">Suitable for persons up to 180 cm tall<\/span><\/p>\n<\/li>\n<li style=\"font-size:12pt\">\n<p style=\"margin-left:0pt;margin-top:0pt;margin-bottom:0pt\"><span style=\"color:#000000;background-color:#FFFFFF\">Material: 100% polyester, 20D, 100% polyamide, 20D<\/span><\/p>\n<\/li>\n<\/ul>\n<p style=\"margin-top:0pt;margin-bottom:0pt\"><span style=\"font-size:10.5pt;color:#000000;background-color:#FFFFFF\">\u00a0<\/span><\/p>","protected":false},"excerpt":{"rendered":"<p style=\"margin-top:0pt;margin-bottom:0pt\"><span style=\"font-size:10.5pt;color:#000000;background-color:#FFFFFF\">The\u00a0<\/span><span style=\"font-size:10.5pt;color:#000000;background-color:#FFFFFF;font-weight:bold\">Fj\u00e4llr\u00e4ven Move With Bag<\/span><span style=\"font-size:10.5pt;color:#000000;background-color:#FFFFFF\">\u00a0is a lightweight, compressible down sleeping bag. It is specially designed for users who tend to take the sleeping bag with them while moving in their sleep. The sleeping bag has a comfortable head section and extra-long zip with protective flap.<\/span><\/p>","protected":false},"featured_media":5256,"comment_status":"open","ping_status":"closed","template":"","meta":{"_acf_changed":false,"rank_math_title":"Fj\u00e4llr\u00e4ven Move With Bag Regular Blue","rank_math_description":"","rank_math_focus_keyword":"62720, Fj\u00e4llr\u00e4ven, Move, With, Bag, Regular, Blue, Fj\u00e4llr\u00e4ven Move With Bag Regular Blue","GroupGuid":"","EcommerceProductGuid":"D61D0562-F44D-45CF-B2D0-7275D2FB7E14","EcommerceProductVariationGuid":"","ProductNumber":"62720","ProductId":"8096-0"},"product_brand":[137],"product_cat":[757,907],"product_tag":[],"class_list":{"0":"post-5260","1":"product","2":"type-product","3":"status-publish","4":"has-post-thumbnail","6":"product_brand-fjallraven","7":"product_cat-diversen","8":"product_cat-overig","9":"pa_kleur-blauw","11":"first","12":"instock","13":"sale","14":"taxable","15":"shipping-taxable","16":"purchasable","17":"product-type-simple"},"bundled_by":[],"bundle_stock_status":"instock","bundle_stock_quantity":1,"bundle_virtual":false,"bundle_layout":"","bundle_add_to_cart_form_location":"","bundle_editable_in_cart":false,"bundle_sold_individually_context":"","bundle_item_grouping":"","bundle_min_size":"","bundle_max_size":"","bundle_price":[],"bundled_items":[],"bundle_sell_ids":[],"acf":[],"rank_math_title":"Fj\u00e4llr\u00e4ven Move With Bag Regular Blue","rank_math_description":null,"rank_math_focus_keyword":"62720, Fj\u00e4llr\u00e4ven, Move, With, Bag, Regular, Blue, Fj\u00e4llr\u00e4ven Move With Bag Regular Blue","GroupGuid":null,"EcommerceProductGuid":"D61D0562-F44D-45CF-B2D0-7275D2FB7E14","EcommerceProductVariationGuid":null,"ProductNumber":"62720","ProductId":"8096-0","IgnoreVenditGroupURL":null,"IgnoreVenditGroupSEO":null,"_links":{"self":[{"href":"https:\/\/barrelandboar.nl\/en\/wp-json\/wp\/v2\/product\/5260","targetHints":{"allow":["GET"]}}],"collection":[{"href":"https:\/\/barrelandboar.nl\/en\/wp-json\/wp\/v2\/product"}],"about":[{"href":"https:\/\/barrelandboar.nl\/en\/wp-json\/wp\/v2\/types\/product"}],"replies":[{"embeddable":true,"href":"https:\/\/barrelandboar.nl\/en\/wp-json\/wp\/v2\/comments?post=5260"}],"wp:featuredmedia":[{"embeddable":true,"href":"https:\/\/barrelandboar.nl\/en\/wp-json\/wp\/v2\/media\/5256"}],"wp:attachment":[{"href":"https:\/\/barrelandboar.nl\/en\/wp-json\/wp\/v2\/media?parent=5260"}],"wp:term":[{"taxonomy":"product_brand","embeddable":true,"href":"https:\/\/barrelandboar.nl\/en\/wp-json\/wp\/v2\/product_brand?post=5260"},{"taxonomy":"product_cat","embeddable":true,"href":"https:\/\/barrelandboar.nl\/en\/wp-json\/wp\/v2\/product_cat?post=5260"},{"taxonomy":"product_tag","embeddable":true,"href":"https:\/\/barrelandboar.nl\/en\/wp-json\/wp\/v2\/product_tag?post=5260"}],"curies":[{"name":"wp","href":"https:\/\/api.w.org\/{rel}","templated":true}]}}