{"id":5746,"date":"2025-05-02T13:01:00","date_gmt":"2025-05-02T11:01:00","guid":{"rendered":"https:\/\/barrelandboar.nl\/product\/boker-snac-pac\/"},"modified":"2026-03-22T04:38:14","modified_gmt":"2026-03-22T03:38:14","slug":"boker-snac-pac","status":"publish","type":"product","link":"https:\/\/barrelandboar.nl\/en\/boker-snac-pac\/","title":{"rendered":"B\u00f6ker Snac Pac"},"content":{"rendered":"<p style=\"margin-top:0pt;margin-bottom:5pt\"><span style=\"font-size:10.5pt;color:#000000;background-color:#FFFFFF\">The\u00a0<\/span><span style=\"font-size:10.5pt;color:#000000;background-color:#FFFFFF;font-weight:bold\">B\u00f6ker Snac Pac<\/span><span style=\"font-size:10.5pt;color:#000000;background-color:#FFFFFF\">\u00a0belongs in every lunchbox, backpack and glove compartment. The full set of cutlery includes a 420 stainless steel knife, a fork and a dessert spoon.<\/span><\/p>\n<p style=\"margin-top:0pt;margin-bottom:5pt\"><span style=\"font-size:10.5pt;color:#000000;background-color:#FFFFFF\">In the practical plastic case made of polypropylene, the compact set can be stored before and after use. Polypropylene is the lightest plastic of all and at the same time very hard. It also has only a slight tendency to stress cracks. The robust tube prevents the knife from being exposed and keeps the cutlery clean.<\/span><\/p>\n<p style=\"margin-top:0pt;margin-bottom:5pt\"><span style=\"font-size:10.5pt;color:#000000;background-color:#FFFFFF\">It also houses a refillable salt and pepper shaker with two chambers. It is fully dishwasher safe and ideal for camping, hunting, fishing, hiking, picnicking, travelling, office or lunch on the go.<\/span><\/p>\n<p style=\"margin-top:0pt;margin-bottom:5pt\"><span style=\"font-size:10.5pt;color:#000000;background-color:#FFFFFF;font-weight:bold\">Specifications:<\/span><\/p>\n<ul style=\"margin:0pt;padding:0pt;list-style-type:disc\">\n<li style=\"font-size:12pt\">\n<p style=\"margin-left:0pt;margin-top:0pt;margin-bottom:0pt\"><span style=\"color:#000000;background-color:#FFFFFF\">Overall length: 21.0 cm<\/span><\/p>\n<\/li>\n<li style=\"font-size:12pt\">\n<p style=\"margin-left:0pt;margin-top:0pt;margin-bottom:0pt\"><span style=\"color:#000000;background-color:#FFFFFF\">Length of blade: 9.0 cm<\/span><\/p>\n<\/li>\n<li style=\"font-size:12pt\">\n<p style=\"margin-left:0pt;margin-top:0pt;margin-bottom:0pt\"><span style=\"color:#000000;background-color:#FFFFFF\">Weight: 70 g<\/span><\/p>\n<\/li>\n<li style=\"font-size:12pt\">\n<p style=\"margin-left:0pt;margin-top:0pt;margin-bottom:0pt\"><span style=\"color:#000000;background-color:#FFFFFF\">Blade material: 420<\/span><\/p>\n<\/li>\n<li style=\"font-size:12pt\">\n<p style=\"margin-left:0pt;margin-top:0pt;margin-bottom:0pt\"><span style=\"color:#000000;background-color:#FFFFFF\">Handle material: polypropylene<\/span><\/p>\n<\/li>\n<\/ul>","protected":false},"excerpt":{"rendered":"<p>De\u00a0B\u00f6ker Snac Pac\u00a0hoort thuis in elke lunchbox, rugzak en handschoenenkastje. Het volledige bestek bestaat uit een mes van 420 roestvrij staal, een vork en een dessertlepel. In de praktische kunststof koker van polypropyleen kan de compacte set voor en na gebruik worden opgeborgen. Polypropyleen is de lichtste kunststof van allemaal en tegelijkertijd zeer hard. Het [&hellip;]<\/p>\n","protected":false},"featured_media":5745,"comment_status":"open","ping_status":"closed","template":"","meta":{"_acf_changed":false,"rank_math_title":"B\u00f6ker Snac Pac","rank_math_description":"","rank_math_focus_keyword":"03BO800, B\u00f6ker, Snac, Pac, B\u00f6ker Snac Pac","GroupGuid":"","EcommerceProductGuid":"EFC1E8CE-7542-4DD9-9E04-8FC9CB09BAD2","EcommerceProductVariationGuid":"","ProductNumber":"03BO800","ProductId":"9208-0"},"product_brand":[794],"product_cat":[60,59,55],"product_tag":[],"class_list":{"0":"post-5746","1":"product","2":"type-product","3":"status-publish","4":"has-post-thumbnail","6":"product_brand-boker","7":"product_cat-kook-benodigheden","8":"product_cat-accessoires","9":"product_cat-toebehoren","11":"first","12":"instock","13":"taxable","14":"shipping-taxable","15":"purchasable","16":"product-type-simple"},"bundled_by":[],"bundle_stock_status":"instock","bundle_stock_quantity":6,"bundle_virtual":false,"bundle_layout":"","bundle_add_to_cart_form_location":"","bundle_editable_in_cart":false,"bundle_sold_individually_context":"","bundle_item_grouping":"","bundle_min_size":"","bundle_max_size":"","bundle_price":[],"bundled_items":[],"bundle_sell_ids":[],"acf":[],"rank_math_title":"B\u00f6ker Snac Pac","rank_math_description":null,"rank_math_focus_keyword":"03BO800, B\u00f6ker, Snac, Pac, B\u00f6ker Snac Pac","GroupGuid":null,"EcommerceProductGuid":"EFC1E8CE-7542-4DD9-9E04-8FC9CB09BAD2","EcommerceProductVariationGuid":null,"ProductNumber":"03BO800","ProductId":"9208-0","IgnoreVenditGroupURL":null,"IgnoreVenditGroupSEO":null,"_links":{"self":[{"href":"https:\/\/barrelandboar.nl\/en\/wp-json\/wp\/v2\/product\/5746","targetHints":{"allow":["GET"]}}],"collection":[{"href":"https:\/\/barrelandboar.nl\/en\/wp-json\/wp\/v2\/product"}],"about":[{"href":"https:\/\/barrelandboar.nl\/en\/wp-json\/wp\/v2\/types\/product"}],"replies":[{"embeddable":true,"href":"https:\/\/barrelandboar.nl\/en\/wp-json\/wp\/v2\/comments?post=5746"}],"wp:featuredmedia":[{"embeddable":true,"href":"https:\/\/barrelandboar.nl\/en\/wp-json\/wp\/v2\/media\/5745"}],"wp:attachment":[{"href":"https:\/\/barrelandboar.nl\/en\/wp-json\/wp\/v2\/media?parent=5746"}],"wp:term":[{"taxonomy":"product_brand","embeddable":true,"href":"https:\/\/barrelandboar.nl\/en\/wp-json\/wp\/v2\/product_brand?post=5746"},{"taxonomy":"product_cat","embeddable":true,"href":"https:\/\/barrelandboar.nl\/en\/wp-json\/wp\/v2\/product_cat?post=5746"},{"taxonomy":"product_tag","embeddable":true,"href":"https:\/\/barrelandboar.nl\/en\/wp-json\/wp\/v2\/product_tag?post=5746"}],"curies":[{"name":"wp","href":"https:\/\/api.w.org\/{rel}","templated":true}]}}