{"id":6016,"date":"2025-05-09T15:00:10","date_gmt":"2025-05-09T13:00:10","guid":{"rendered":"https:\/\/barrelandboar.nl\/product\/fauna-f30-slim-vraken-evo-30-green\/"},"modified":"2026-03-22T04:36:59","modified_gmt":"2026-03-22T03:36:59","slug":"fauna-f30-slim-vraken-evo-30-green","status":"publish","type":"product","link":"https:\/\/barrelandboar.nl\/en\/fauna-f30-slim-vraken-evo-30-green\/","title":{"rendered":"Fauna F30 Slim Vr\u00e5ken EVO 30 Green"},"content":{"rendered":"<p style=\"margin-top:0pt;margin-bottom:0pt\"><span style=\"font-size:10.5pt;color:#000000;background-color:#FFFFFF;font-weight:bold\">Fauna F30 Slim Vr\u00e5ken<\/span><span style=\"font-size:10.5pt;color:#000000;background-color:#FFFFFF\">\u00a0is a classic. But now with some great upgrades. <\/span><\/p>\n<p style=\"margin-top:0pt;margin-bottom:0pt\"><span style=\"font-size:10.5pt;color:#000000;background-color:#FFFFFF\">\u00a0<\/span><\/p>\n<p style=\"margin-top:0pt;margin-bottom:0pt\"><span style=\"font-size:10.5pt;color:#000000;background-color:#FFFFFF\">This adds to the carrying comfort but also to the various storage compartments. The seat height of the chair attached to this backpack is 50 centimetres. The backpack is made of very strong material. You can store as much as 30 litres of stuff in it, which you can easily access from the outside. <\/span><\/p>\n<p style=\"margin-top:0pt;margin-bottom:0pt\"><span style=\"font-size:10.5pt;color:#000000;background-color:#FFFFFF\">\u00a0<\/span><\/p>\n<p style=\"margin-top:0pt;margin-bottom:0pt\"><span style=\"font-size:10.5pt;color:#000000;background-color:#FFFFFF\">This backpack is an absolute must have when doing outdoor activities like fishing, hunting, backpacking or camping. Weighing just under 1.8 kilograms, this is an absolute lightweight among bags.<\/span> <\/p>","protected":false},"excerpt":{"rendered":"<p>Fauna F30 Slim Vr\u00e5ken\u00a0is een klassieker. Maar nu met een aantal geweldige upgrades. \u00a0 Dit zorgt ervoor dat het draagcomfort maar ook de verschillende opbergvakken ten goede komt. De zithoogte van de aan deze rugtas bevestigde stoel is 50 centimeter. De rugtas is gemaakt van zeer sterk materiaal. Je kunt er maar liefst 30 liter [&hellip;]<\/p>\n","protected":false},"featured_media":6015,"comment_status":"open","ping_status":"closed","template":"","meta":{"_acf_changed":false,"rank_math_title":"Fauna F30 Slim Vr\u00e5ken EVO 30 Green","rank_math_description":"","rank_math_focus_keyword":"82140000, Fauna, F30, Slim, Vr\u00e5ken, EVO, 30, Green, Fauna F30 Slim Vr\u00e5ken EVO 30 Green","GroupGuid":"","EcommerceProductGuid":"E3824BA4-5DEA-41DC-8EFD-E9E9EC56C8FA","EcommerceProductVariationGuid":"","ProductNumber":"82140000","ProductId":"9140-0"},"product_brand":[807],"product_cat":[65,535,61,56,55],"product_tag":[],"class_list":{"0":"post-6016","1":"product","2":"type-product","3":"status-publish","4":"has-post-thumbnail","6":"product_brand-fauna","7":"product_cat-driepoot-kruk","8":"product_cat-backpack","9":"product_cat-jacht-toebehoren","10":"product_cat-opbergen-transport","11":"product_cat-toebehoren","12":"pa_kleur-green","14":"first","15":"instock","16":"taxable","17":"shipping-taxable","18":"purchasable","19":"product-type-simple"},"bundled_by":[],"bundle_stock_status":"instock","bundle_stock_quantity":1,"bundle_virtual":false,"bundle_layout":"","bundle_add_to_cart_form_location":"","bundle_editable_in_cart":false,"bundle_sold_individually_context":"","bundle_item_grouping":"","bundle_min_size":"","bundle_max_size":"","bundle_price":[],"bundled_items":[],"bundle_sell_ids":[],"acf":[],"rank_math_title":"Fauna F30 Slim Vr\u00e5ken EVO 30 Green","rank_math_description":null,"rank_math_focus_keyword":"82140000, Fauna, F30, Slim, Vr\u00e5ken, EVO, 30, Green, Fauna F30 Slim Vr\u00e5ken EVO 30 Green","GroupGuid":null,"EcommerceProductGuid":"E3824BA4-5DEA-41DC-8EFD-E9E9EC56C8FA","EcommerceProductVariationGuid":null,"ProductNumber":"82140000","ProductId":"9140-0","IgnoreVenditGroupURL":null,"IgnoreVenditGroupSEO":null,"_links":{"self":[{"href":"https:\/\/barrelandboar.nl\/en\/wp-json\/wp\/v2\/product\/6016","targetHints":{"allow":["GET"]}}],"collection":[{"href":"https:\/\/barrelandboar.nl\/en\/wp-json\/wp\/v2\/product"}],"about":[{"href":"https:\/\/barrelandboar.nl\/en\/wp-json\/wp\/v2\/types\/product"}],"replies":[{"embeddable":true,"href":"https:\/\/barrelandboar.nl\/en\/wp-json\/wp\/v2\/comments?post=6016"}],"wp:featuredmedia":[{"embeddable":true,"href":"https:\/\/barrelandboar.nl\/en\/wp-json\/wp\/v2\/media\/6015"}],"wp:attachment":[{"href":"https:\/\/barrelandboar.nl\/en\/wp-json\/wp\/v2\/media?parent=6016"}],"wp:term":[{"taxonomy":"product_brand","embeddable":true,"href":"https:\/\/barrelandboar.nl\/en\/wp-json\/wp\/v2\/product_brand?post=6016"},{"taxonomy":"product_cat","embeddable":true,"href":"https:\/\/barrelandboar.nl\/en\/wp-json\/wp\/v2\/product_cat?post=6016"},{"taxonomy":"product_tag","embeddable":true,"href":"https:\/\/barrelandboar.nl\/en\/wp-json\/wp\/v2\/product_tag?post=6016"}],"curies":[{"name":"wp","href":"https:\/\/api.w.org\/{rel}","templated":true}]}}