{"id":6087,"date":"2025-05-13T16:19:55","date_gmt":"2025-05-13T14:19:55","guid":{"rendered":"https:\/\/barrelandboar.nl\/product\/amr-thermo-vision-target-pads-doos-a-10-stuks\/"},"modified":"2026-04-17T15:54:34","modified_gmt":"2026-04-17T13:54:34","slug":"amr-thermo-vision-target-pads-doos-a-10-stuks","status":"publish","type":"product","link":"https:\/\/barrelandboar.nl\/en\/amr-thermo-vision-target-pads-doos-a-10-stuks\/","title":{"rendered":"AMR Thermo Vision Target Pads, box of 10"},"content":{"rendered":"<p style=\"margin-top:0pt;margin-bottom:0pt\">The <span style=\"font-weight:bold\">AMR Thermo Vision Target Pads<\/span> are handy target stickers to use when shooting a thermal imaging scope.<\/p>\n<p style=\"margin-top:6pt;margin-bottom:6pt\">The components of the pad, mainly activated carbon, react when in contact with the outside air, warming up to their ideal temperature of 38\u00b0C in a few minutes, similar to body temperature.<\/p>\n<p style=\"margin-top:6pt;margin-bottom:6pt\"><span style=\"font-weight:bold\">Specifications:<\/span><\/p>\n<ul style=\"margin:0pt;padding:0pt;list-style-type:disc\">\n<li style=\"font-size:12pt;margin-left:18pt\">\n<p style=\"margin-left:0pt;margin-top:0pt;margin-bottom:0pt\">Diameter of 4 cm (heated), total 5 cm<\/p>\n<\/li>\n<li style=\"font-size:12pt;margin-left:18pt\">\n<p style=\"margin-left:0pt;margin-top:0pt;margin-bottom:0pt\">Box contains ten pieces (packed separately in airtight foil)<\/p>\n<\/li>\n<li style=\"font-size:12pt;margin-left:18pt\">\n<p style=\"margin-left:0pt;margin-top:0pt;margin-bottom:0pt\">To activate a pad, remove the protective film and by pulling off the protective layer from the sticky side, you can stick the pad to any surface you like<\/p>\n<\/li>\n<\/ul>","protected":false},"excerpt":{"rendered":"<p style=\"margin-top:0pt;margin-bottom:0pt\">The <span style=\"font-weight:bold\">AMR Thermo Vision Target Pads<\/span> are handy target stickers to use when shooting a thermal imaging scope.<\/p>","protected":false},"featured_media":6086,"comment_status":"open","ping_status":"closed","template":"","meta":{"_acf_changed":false,"rank_math_title":"AMR Thermo Vision Target Pads, doos \u00e1 10 stuks","rank_math_description":"","rank_math_focus_keyword":"TVTP, AMR, Thermo, Vision, Target, Pads,, doos, \u00e1, 10, stuks, AMR Thermo Vision Target Pads, doos \u00e1 10 stuks","GroupGuid":"","EcommerceProductGuid":"AAD762E3-0C2A-4BF6-AD58-4BDD30EAC8E9","EcommerceProductVariationGuid":"","ProductNumber":"TVTP","ProductId":"9326-0"},"product_brand":[819],"product_cat":[55,61],"product_tag":[],"class_list":{"0":"post-6087","1":"product","2":"type-product","3":"status-publish","4":"has-post-thumbnail","6":"product_brand-amr","7":"product_cat-toebehoren","8":"product_cat-jacht-toebehoren","10":"first","11":"instock","12":"taxable","13":"shipping-taxable","14":"purchasable","15":"product-type-simple"},"bundled_by":[],"bundle_stock_status":"instock","bundle_stock_quantity":8,"bundle_virtual":false,"bundle_layout":"","bundle_add_to_cart_form_location":"","bundle_editable_in_cart":false,"bundle_sold_individually_context":"","bundle_item_grouping":"","bundle_min_size":"","bundle_max_size":"","bundle_price":[],"bundled_items":[],"bundle_sell_ids":[],"acf":[],"rank_math_title":"AMR Thermo Vision Target Pads, doos \u00e1 10 stuks","rank_math_description":null,"rank_math_focus_keyword":"TVTP, AMR, Thermo, Vision, Target, Pads,, doos, \u00e1, 10, stuks, AMR Thermo Vision Target Pads, doos \u00e1 10 stuks","GroupGuid":null,"EcommerceProductGuid":"AAD762E3-0C2A-4BF6-AD58-4BDD30EAC8E9","EcommerceProductVariationGuid":null,"ProductNumber":"TVTP","ProductId":"9326-0","IgnoreVenditGroupURL":null,"IgnoreVenditGroupSEO":null,"_links":{"self":[{"href":"https:\/\/barrelandboar.nl\/en\/wp-json\/wp\/v2\/product\/6087","targetHints":{"allow":["GET"]}}],"collection":[{"href":"https:\/\/barrelandboar.nl\/en\/wp-json\/wp\/v2\/product"}],"about":[{"href":"https:\/\/barrelandboar.nl\/en\/wp-json\/wp\/v2\/types\/product"}],"replies":[{"embeddable":true,"href":"https:\/\/barrelandboar.nl\/en\/wp-json\/wp\/v2\/comments?post=6087"}],"wp:featuredmedia":[{"embeddable":true,"href":"https:\/\/barrelandboar.nl\/en\/wp-json\/wp\/v2\/media\/6086"}],"wp:attachment":[{"href":"https:\/\/barrelandboar.nl\/en\/wp-json\/wp\/v2\/media?parent=6087"}],"wp:term":[{"taxonomy":"product_brand","embeddable":true,"href":"https:\/\/barrelandboar.nl\/en\/wp-json\/wp\/v2\/product_brand?post=6087"},{"taxonomy":"product_cat","embeddable":true,"href":"https:\/\/barrelandboar.nl\/en\/wp-json\/wp\/v2\/product_cat?post=6087"},{"taxonomy":"product_tag","embeddable":true,"href":"https:\/\/barrelandboar.nl\/en\/wp-json\/wp\/v2\/product_tag?post=6087"}],"curies":[{"name":"wp","href":"https:\/\/api.w.org\/{rel}","templated":true}]}}