{"id":6205,"date":"2025-05-15T16:07:05","date_gmt":"2025-05-15T14:07:05","guid":{"rendered":"https:\/\/barrelandboar.nl\/product\/casstrom-slotzaag-no-11\/"},"modified":"2026-03-22T04:21:36","modified_gmt":"2026-03-22T03:21:36","slug":"casstrom-slotzaag-no-11","status":"publish","type":"product","link":"https:\/\/barrelandboar.nl\/en\/casstrom-slotzaag-no-11\/","title":{"rendered":"Casstr\u00f6m Locksaw No.11"},"content":{"rendered":"<p style=\"margin-top:0pt;margin-bottom:5pt\"><span style=\"font-size:10.5pt;color:#000000;background-color:#FFFFFF\">The\u00a0<\/span><span style=\"font-size:10.5pt;color:#000000;background-color:#FFFFFF;font-weight:bold\">Casstr\u00f6m Locksaw No.11<\/span><span style=\"font-size:10.5pt;color:#000000;background-color:#FFFFFF\">\u00a0is a field saw and has a blade 11 cm long. With the Casstr\u00f6m field saw, you can quickly open chest and lock of red deer without unintentional damage.<\/span><\/p>\n<p style=\"margin-top:0pt;margin-bottom:0pt\"><span style=\"font-size:10.5pt;color:#000000;background-color:#FFFFFF;font-weight:bold\">Specifications:\u00a0<\/span><\/p>\n<ul style=\"margin:0pt;padding:0pt;list-style-type:disc\">\n<li style=\"font-size:12pt\">\n<p style=\"margin-left:0pt;margin-top:0pt;margin-bottom:0pt\"><span style=\"color:#000000;background-color:#FFFFFF\">The saw's teeth are precision positioned for fast and efficient cutting.<\/span><\/p>\n<\/li>\n<li style=\"font-size:12pt\">\n<p style=\"margin-left:0pt;margin-top:0pt;margin-bottom:0pt\"><span style=\"color:#000000;background-color:#FFFFFF\">The end of the blade is rounded and features a safety tip.<\/span><\/p>\n<\/li>\n<li style=\"font-size:12pt\">\n<p style=\"margin-left:0pt;margin-top:0pt;margin-bottom:0pt\"><span style=\"color:#000000;background-color:#FFFFFF\">The saw blade is made of a high-quality stainless steel that makes it very durable, as well as easy to clean hygienically.<\/span><\/p>\n<\/li>\n<li style=\"font-size:12pt\">\n<p style=\"margin-left:0pt;margin-top:0pt;margin-bottom:0pt\"><span style=\"color:#000000;background-color:#FFFFFF\">The handle and saw blade is uniquely designed to make it easy to replace the blade in the future.<\/span><\/p>\n<\/li>\n<li style=\"font-size:12pt\">\n<p style=\"margin-left:0pt;margin-top:0pt;margin-bottom:0pt\"><span style=\"color:#000000;background-color:#FFFFFF\">The handle is made of precision-milled, impact-resistant and weatherproof G10 laminated fibreglass.<\/span><\/p>\n<\/li>\n<li style=\"font-size:12pt\">\n<p style=\"margin-left:0pt;margin-top:0pt;margin-bottom:0pt\"><span style=\"color:#000000;background-color:#FFFFFF\">This material does not absorb blood or liquids and is very strong and durable.<\/span><\/p>\n<\/li>\n<li style=\"font-size:12pt\">\n<p style=\"margin-left:0pt;margin-top:0pt;margin-bottom:0pt\"><span style=\"color:#000000;background-color:#FFFFFF\">The saw comes with a sturdy Cordura nylon case.<\/span><\/p>\n<\/li>\n<li style=\"font-size:12pt\">\n<p style=\"margin-left:0pt;margin-top:0pt;margin-bottom:0pt\"><span style=\"color:#000000;background-color:#FFFFFF\">The steel for the saw blade is carefully selected and tested to the highest standards for efficient cutting properties and strict hygiene criteria for working with food.<\/span><\/p>\n<\/li>\n<li style=\"font-size:12pt\">\n<p style=\"margin-left:0pt;margin-top:0pt;margin-bottom:0pt\"><span style=\"color:#000000;background-color:#FFFFFF\">The steel has undergone heat treatment to achieve a hardness of around HRC 56-59.<\/span><\/p>\n<\/li>\n<li style=\"font-size:12pt\">\n<p style=\"margin-left:0pt;margin-top:0pt;margin-bottom:0pt\"><span style=\"color:#000000;background-color:#FFFFFF\">Steel composition: C Mn Cr Ni V Mo0.80% 0.40% 13% 0.20% 0.10% 0.15%<\/span><\/p>\n<\/li>\n<\/ul>","protected":false},"excerpt":{"rendered":"<p>De\u00a0Casstr\u00f6m Slotzaag No.11\u00a0is een veldzaag en heeft een zaagblad van 11 cm lang. Met de Casstr\u00f6m veldzaag kunt u borst en slot van roodwild snel openen zonder onbedoelde schade. Specificaties:\u00a0 De tanden van de zaag zijn precisie geplaatst voor het snel en effici\u00ebnt zagen. Het einde van het blad is afgerond en beschikt over een [&hellip;]<\/p>\n","protected":false},"featured_media":6204,"comment_status":"open","ping_status":"closed","template":"","meta":{"_acf_changed":false,"rank_math_title":"Casstr\u00f6m Slotzaag No.11","rank_math_description":"","rank_math_focus_keyword":"133116, Casstr\u00f6m, Slotzaag, No.11, Casstr\u00f6m Slotzaag No.11","GroupGuid":"","EcommerceProductGuid":"1FC4C9F8-2FC2-4FCC-B98B-F9EDDC51F88E","EcommerceProductVariationGuid":"","ProductNumber":"133116","ProductId":"9325-0"},"product_brand":[827],"product_cat":[883,61,55],"product_tag":[],"class_list":{"0":"post-6205","1":"product","2":"type-product","3":"status-publish","4":"has-post-thumbnail","6":"product_brand-casstrom","7":"product_cat-wildberging","8":"product_cat-jacht-toebehoren","9":"product_cat-toebehoren","11":"first","12":"instock","13":"taxable","14":"shipping-taxable","15":"purchasable","16":"product-type-simple"},"bundled_by":[],"bundle_stock_status":"instock","bundle_stock_quantity":1,"bundle_virtual":false,"bundle_layout":"","bundle_add_to_cart_form_location":"","bundle_editable_in_cart":false,"bundle_sold_individually_context":"","bundle_item_grouping":"","bundle_min_size":"","bundle_max_size":"","bundle_price":[],"bundled_items":[],"bundle_sell_ids":[],"acf":[],"rank_math_title":"Casstr\u00f6m Slotzaag No.11","rank_math_description":null,"rank_math_focus_keyword":"133116, Casstr\u00f6m, Slotzaag, No.11, Casstr\u00f6m Slotzaag No.11","GroupGuid":null,"EcommerceProductGuid":"1FC4C9F8-2FC2-4FCC-B98B-F9EDDC51F88E","EcommerceProductVariationGuid":null,"ProductNumber":"133116","ProductId":"9325-0","IgnoreVenditGroupURL":null,"IgnoreVenditGroupSEO":null,"_links":{"self":[{"href":"https:\/\/barrelandboar.nl\/en\/wp-json\/wp\/v2\/product\/6205","targetHints":{"allow":["GET"]}}],"collection":[{"href":"https:\/\/barrelandboar.nl\/en\/wp-json\/wp\/v2\/product"}],"about":[{"href":"https:\/\/barrelandboar.nl\/en\/wp-json\/wp\/v2\/types\/product"}],"replies":[{"embeddable":true,"href":"https:\/\/barrelandboar.nl\/en\/wp-json\/wp\/v2\/comments?post=6205"}],"wp:featuredmedia":[{"embeddable":true,"href":"https:\/\/barrelandboar.nl\/en\/wp-json\/wp\/v2\/media\/6204"}],"wp:attachment":[{"href":"https:\/\/barrelandboar.nl\/en\/wp-json\/wp\/v2\/media?parent=6205"}],"wp:term":[{"taxonomy":"product_brand","embeddable":true,"href":"https:\/\/barrelandboar.nl\/en\/wp-json\/wp\/v2\/product_brand?post=6205"},{"taxonomy":"product_cat","embeddable":true,"href":"https:\/\/barrelandboar.nl\/en\/wp-json\/wp\/v2\/product_cat?post=6205"},{"taxonomy":"product_tag","embeddable":true,"href":"https:\/\/barrelandboar.nl\/en\/wp-json\/wp\/v2\/product_tag?post=6205"}],"curies":[{"name":"wp","href":"https:\/\/api.w.org\/{rel}","templated":true}]}}