{"id":6283,"date":"2025-05-22T15:27:10","date_gmt":"2025-05-22T13:27:10","guid":{"rendered":"https:\/\/barrelandboar.nl\/product\/boker-plus-fire-ant-red\/"},"modified":"2026-03-22T04:21:36","modified_gmt":"2026-03-22T03:21:36","slug":"boker-plus-fire-ant-red","status":"publish","type":"product","link":"https:\/\/barrelandboar.nl\/en\/boker-plus-fire-ant-red\/","title":{"rendered":"B\u00f6ker Plus Fire Ant Red"},"content":{"rendered":"<p style=\"margin-top:0pt;margin-bottom:0pt\">The B\u00f6ker Plus Fire Ant Red is a super-compact EDC pocket knife that delivers maximum functionality in pocket size. The 7.4 cm drop-point blade is made of corrosion-resistant 1.4116 stainless steel and has an even satin finish for smooth cutting and easy maintenance. The flipper provides quick, intuitive opening; the <span style=\"font-weight:bold\">double detent ball<\/span>-mechanism holds the blade firmly in position during use and allows it to safely close again without lock.<\/p>\n<p style=\"margin-top:6pt;margin-bottom:6pt\">The grippy, fiery red <span style=\"font-weight:bold\">polypropylene<\/span> handle scales give great control when doing precision work. Between the scales is a stabilising black backspacer with <span style=\"font-weight:bold\">integral tweezers<\/span>-handy for splinters or fine work in the field. Thanks to the <span style=\"font-weight:bold\">reversible tip-up clip<\/span> wear the Fire Ant on the left or right as you like. With only <span style=\"font-weight:bold\">53 g<\/span> weight and <span style=\"font-weight:bold\">16.9 cm<\/span> total length open, this is a full-sized cutting tool that you barely feel, but always have at the ready for everyday tasks such as opening packages, trimming rope or precise cutting.<\/p>\n<p style=\"margin-top:6pt;margin-bottom:6pt\">Quality, comfort and practical details make the Fire Ant Red an ideal minimalist EDC partner for every day.<\/p>\n<p style=\"margin-top:4pt;margin-bottom:9pt\"><span style=\"font-size:14pt;font-weight:bold\">Technical specifications<\/span><\/p>\n<ul style=\"margin:0pt;padding:0pt;list-style-type:disc\">\n<li style=\"font-size:12pt;margin-left:18pt\">\n<p style=\"margin-left:0pt;margin-top:6pt;margin-bottom:6pt\">Overall length: 16.90 cm<\/p>\n<\/li>\n<li style=\"font-size:12pt;margin-left:18pt\">\n<p style=\"margin-left:0pt;margin-top:6pt;margin-bottom:6pt\">Blade length: 7.40 cm<\/p>\n<\/li>\n<li style=\"font-size:12pt;margin-left:18pt\">\n<p style=\"margin-left:0pt;margin-top:6pt;margin-bottom:6pt\">Blade thickness: 2.50 mm<\/p>\n<\/li>\n<li style=\"font-size:12pt;margin-left:18pt\">\n<p style=\"margin-left:0pt;margin-top:6pt;margin-bottom:6pt\">Weight: 53 g<\/p>\n<\/li>\n<li style=\"font-size:12pt;margin-left:18pt\">\n<p style=\"margin-left:0pt;margin-top:6pt;margin-bottom:6pt\">Blade material: 1.4116 stainless steel, satin finish<\/p>\n<\/li>\n<li style=\"font-size:12pt;margin-left:18pt\">\n<p style=\"margin-left:0pt;margin-top:6pt;margin-bottom:6pt\">Blade shape: Drop-point<\/p>\n<\/li>\n<li style=\"font-size:12pt;margin-left:18pt\">\n<p style=\"margin-left:0pt;margin-top:6pt;margin-bottom:6pt\">Opening system: Flipper (manual)<\/p>\n<\/li>\n<li style=\"font-size:12pt;margin-left:18pt\">\n<p style=\"margin-left:0pt;margin-top:6pt;margin-bottom:6pt\">Lock: Double detent ball (no lock)<\/p>\n<\/li>\n<li style=\"font-size:12pt;margin-left:18pt\">\n<p style=\"margin-left:0pt;margin-top:6pt;margin-bottom:6pt\">Handle: Polypropylene, red<\/p>\n<\/li>\n<li style=\"font-size:12pt;margin-left:18pt\">\n<p style=\"margin-left:0pt;margin-top:6pt;margin-bottom:6pt\">Clip: Reversible tip-up clip<\/p>\n<\/li>\n<li style=\"font-size:12pt;margin-left:18pt\">\n<p style=\"margin-left:0pt;margin-top:6pt;margin-bottom:6pt\">Extra: Integral tweezers in backspacer<\/p>\n<\/li>\n<li style=\"font-size:12pt;margin-left:18pt\">\n<p style=\"margin-left:0pt;margin-top:6pt;margin-bottom:6pt\">Blade colour: Uncoated<\/p>\n<\/li>\n<li style=\"font-size:12pt;margin-left:18pt\">\n<p style=\"margin-left:0pt;margin-top:6pt;margin-bottom:6pt\">\n<\/li>\n<\/ul>","protected":false},"excerpt":{"rendered":"<p style=\"margin-top:0pt;margin-bottom:0pt\">Ultra-compact EDC knife with 1.4116 drop-point blade, flipper opening and double-detent mechanism. Red polypropylene handle, reversible tip-up clip and integrated tweezers. Only 53 g-always at the ready. <\/p>\n<p style=\"margin-top:0pt;margin-bottom:0pt\">","protected":false},"featured_media":6281,"comment_status":"open","ping_status":"closed","template":"","meta":{"_acf_changed":false,"rank_math_title":"B\u00f6ker Plus Fire Ant Red","rank_math_description":"B\u00f6ker Plus Fire Ant Red: licht EDC-zakmes met 1.4116 drop-point lemmet, flipper, double-detent, rode polypropyleen greep, omkeerbare tip-up clip en ge\u00efntegreerd pincet. 53 g.","rank_math_focus_keyword":"01BP0008, B\u00f6ker, Plus, Fire, Ant, Red, B\u00f6ker Plus Fire Ant Red","GroupGuid":"","EcommerceProductGuid":"2172BA2B-06EA-4E5A-9566-6DC57739D05E","EcommerceProductVariationGuid":"","ProductNumber":"01BP0008","ProductId":"10655-0"},"product_brand":[794],"product_cat":[757,869,870],"product_tag":[],"class_list":{"0":"post-6283","1":"product","2":"type-product","3":"status-publish","4":"has-post-thumbnail","6":"product_brand-boker","7":"product_cat-diversen","8":"product_cat-messen-diversen","9":"product_cat-vouwmes-messen-diversen","10":"pa_categorie-edc_zakmes","11":"pa_gewicht-53gr","12":"pa_kleur-red","13":"pa_lemmet_lengte-74mm","14":"pa_model_lemmet-spearpoint","15":"pa_openingssysteem-flipper","16":"pa_overall_lengte-169mm","17":"pa_sluitsysteem-double_detent_ball","18":"pa_staalsoort-1161","20":"first","21":"onbackorder","22":"taxable","23":"shipping-taxable","24":"purchasable","25":"product-type-simple"},"bundled_by":[],"bundle_stock_status":"onbackorder","bundle_stock_quantity":0,"bundle_virtual":false,"bundle_layout":"","bundle_add_to_cart_form_location":"","bundle_editable_in_cart":false,"bundle_sold_individually_context":"","bundle_item_grouping":"","bundle_min_size":"","bundle_max_size":"","bundle_price":[],"bundled_items":[],"bundle_sell_ids":[],"acf":[],"rank_math_title":"B\u00f6ker Plus Fire Ant Red","rank_math_description":"B\u00f6ker Plus Fire Ant Red: licht EDC-zakmes met 1.4116 drop-point lemmet, flipper, double-detent, rode polypropyleen greep, omkeerbare tip-up clip en ge\u00efntegreerd pincet. 53 g.","rank_math_focus_keyword":"01BP0008, B\u00f6ker, Plus, Fire, Ant, Red, B\u00f6ker Plus Fire Ant Red","GroupGuid":null,"EcommerceProductGuid":"2172BA2B-06EA-4E5A-9566-6DC57739D05E","EcommerceProductVariationGuid":null,"ProductNumber":"01BP0008","ProductId":"10655-0","IgnoreVenditGroupURL":null,"IgnoreVenditGroupSEO":null,"_links":{"self":[{"href":"https:\/\/barrelandboar.nl\/en\/wp-json\/wp\/v2\/product\/6283","targetHints":{"allow":["GET"]}}],"collection":[{"href":"https:\/\/barrelandboar.nl\/en\/wp-json\/wp\/v2\/product"}],"about":[{"href":"https:\/\/barrelandboar.nl\/en\/wp-json\/wp\/v2\/types\/product"}],"replies":[{"embeddable":true,"href":"https:\/\/barrelandboar.nl\/en\/wp-json\/wp\/v2\/comments?post=6283"}],"wp:featuredmedia":[{"embeddable":true,"href":"https:\/\/barrelandboar.nl\/en\/wp-json\/wp\/v2\/media\/6281"}],"wp:attachment":[{"href":"https:\/\/barrelandboar.nl\/en\/wp-json\/wp\/v2\/media?parent=6283"}],"wp:term":[{"taxonomy":"product_brand","embeddable":true,"href":"https:\/\/barrelandboar.nl\/en\/wp-json\/wp\/v2\/product_brand?post=6283"},{"taxonomy":"product_cat","embeddable":true,"href":"https:\/\/barrelandboar.nl\/en\/wp-json\/wp\/v2\/product_cat?post=6283"},{"taxonomy":"product_tag","embeddable":true,"href":"https:\/\/barrelandboar.nl\/en\/wp-json\/wp\/v2\/product_tag?post=6283"}],"curies":[{"name":"wp","href":"https:\/\/api.w.org\/{rel}","templated":true}]}}