{"id":6409,"date":"2025-06-05T15:11:13","date_gmt":"2025-06-05T13:11:13","guid":{"rendered":"https:\/\/barrelandboar.nl\/product\/fjallraven-sormland-tapered-winter-trousers-m-dark-grey-58\/"},"modified":"2026-03-22T04:31:56","modified_gmt":"2026-03-22T03:31:56","slug":"fjallraven-sormland-tapered-winter-trousers-m-dark-grey-58","status":"publish","type":"product","link":"https:\/\/barrelandboar.nl\/en\/kleding\/heren\/fjallraven-sormland-tapered-winter-trousers-m-dark-grey-58\/","title":{"rendered":"Fj\u00e4llr\u00e4ven S\u00f6rmland Tapered Winter Trousers M Dark Grey 58"},"content":{"rendered":"<p style=\"margin-top:0pt;margin-bottom:5pt\"><span style=\"font-size:10.5pt;color:#000000;background-color:#FFFFFF\">The\u00a0<\/span><span style=\"font-size:10.5pt;color:#000000;background-color:#FFFFFF;font-weight:bold\">Fj\u00e4llr\u00e4ven S\u00f6rmland Tapered Winter Trousers<\/span><span style=\"font-size:10.5pt;color:#000000;background-color:#FFFFFF\">\u00a0is a comfortable, warm hunting pant with narrow tapered legs that make it easy to slip into a pair of high boots. Made from wind- and water-resistant G-1000 Silent Eco that wicks away moisture very effectively. A brushed mesh lining running to just below the knees provides extra warmth where it is needed most.<\/span><\/p>\n<p style=\"margin-top:0pt;margin-bottom:5pt\"><span style=\"font-size:10.5pt;color:#000000;background-color:#FFFFFF\">Perfect for hunting in easy terrain or practising on the shooting range. However, its timeless style also makes the trousers suitable for other activities in everyday life. The model has a regular fit with a normal waist and is slightly raised at the back, so the trousers also fit well when you are squatting or carrying a backpack with a waist belt. The trousers have a pocket for a knife on the right leg, side pockets and back pockets with buttons, reinforced fastenings where you can easily attach braces and hemmed legs.<\/span><\/p>\n<p style=\"margin-top:0pt;margin-bottom:0pt\"><span style=\"font-size:10.5pt;color:#000000;background-color:#FFFFFF;font-weight:bold\">Specifications:<\/span><\/p>\n<ul style=\"margin:0pt;padding:0pt;list-style-type:disc\">\n<li style=\"font-size:12pt\">\n<p style=\"margin-left:0pt;margin-top:0pt;margin-bottom:0pt\"><span style=\"color:#000000;background-color:#FFFFFF\">Material:G-1000\u00ae Silent Eco: 65% polyester, 35% cotton<\/span><\/p>\n<\/li>\n<li style=\"font-size:12pt\">\n<p style=\"margin-left:0pt;margin-top:0pt;margin-bottom:0pt\"><span style=\"color:#000000;background-color:#FFFFFF\">Inner material: 100% polyester<\/span><\/p>\n<\/li>\n<li style=\"font-size:12pt\">\n<p style=\"margin-left:0pt;margin-top:0pt;margin-bottom:0pt\"><span style=\"color:#000000;background-color:#FFFFFF\">Medium waist<\/span><\/p>\n<\/li>\n<li style=\"font-size:12pt\">\n<p style=\"margin-left:0pt;margin-top:0pt;margin-bottom:0pt\"><span style=\"color:#000000;background-color:#FFFFFF\">Regular Fit<\/span><\/p>\n<\/li>\n<li style=\"font-size:12pt\">\n<p style=\"margin-left:0pt;margin-top:0pt;margin-bottom:0pt\"><span style=\"color:#000000;background-color:#FFFFFF\">Pre-shaped knees<\/span><\/p>\n<\/li>\n<\/ul>","protected":false},"excerpt":{"rendered":"<p style=\"margin-top:0pt;margin-bottom:0pt\"><span style=\"font-size:10.5pt;color:#000000;background-color:#FFFFFF\">The\u00a0<\/span><span style=\"font-size:10.5pt;color:#000000;background-color:#FFFFFF;font-weight:bold\">Fj\u00e4llr\u00e4ven S\u00f6rmland Tapered Winter Trousers<\/span><span style=\"font-size:10.5pt;color:#000000;background-color:#FFFFFF\">\u00a0is a comfortable, warm hunting pant with narrow tapered legs that make it easy to slip into a pair of high boots. Made of wind- and water-resistant G-1000 Silent Eco.<\/span><\/p>","protected":false},"featured_media":7294,"comment_status":"open","ping_status":"closed","template":"","meta":{"_acf_changed":false,"rank_math_title":"Fj\u00e4llr\u00e4ven S\u00f6rmland Tapered Winter Trousers M Dark Grey 58","rank_math_description":"","rank_math_focus_keyword":"7323450269586, Fj\u00e4llr\u00e4ven, S\u00f6rmland, Tapered, Winter, Trousers, M, Dark, Grey, 58, Fj\u00e4llr\u00e4ven S\u00f6rmland Tapered Winter Trousers M Dark Grey 58","GroupGuid":"","EcommerceProductGuid":"A30CE59A-07E8-4EE5-9CCD-E88033F05FD6","EcommerceProductVariationGuid":"","ProductNumber":"7323450269586","ProductId":"8077-1671"},"product_brand":[137],"product_cat":[71,74,70],"product_tag":[],"class_list":{"0":"post-6409","1":"product","2":"type-product","3":"status-publish","4":"has-post-thumbnail","6":"product_brand-fjallraven","7":"product_cat-heren","8":"product_cat-broeken","9":"product_cat-kleding","10":"pa_kleur-grijs","12":"first","13":"instock","14":"sale","15":"taxable","16":"shipping-taxable","17":"purchasable","18":"product-type-simple"},"bundled_by":[],"bundle_stock_status":"instock","bundle_stock_quantity":1,"bundle_virtual":false,"bundle_layout":"","bundle_add_to_cart_form_location":"","bundle_editable_in_cart":false,"bundle_sold_individually_context":"","bundle_item_grouping":"","bundle_min_size":"","bundle_max_size":"","bundle_price":[],"bundled_items":[],"bundle_sell_ids":[],"acf":[],"rank_math_title":"Fj\u00e4llr\u00e4ven S\u00f6rmland Tapered Winter Trousers M Dark Grey 58","rank_math_description":null,"rank_math_focus_keyword":"7323450269586, Fj\u00e4llr\u00e4ven, S\u00f6rmland, Tapered, Winter, Trousers, M, Dark, Grey, 58, Fj\u00e4llr\u00e4ven S\u00f6rmland Tapered Winter Trousers M Dark Grey 58","GroupGuid":null,"EcommerceProductGuid":"A30CE59A-07E8-4EE5-9CCD-E88033F05FD6","EcommerceProductVariationGuid":null,"ProductNumber":"7323450269586","ProductId":"8077-1671","IgnoreVenditGroupURL":null,"IgnoreVenditGroupSEO":null,"_links":{"self":[{"href":"https:\/\/barrelandboar.nl\/en\/wp-json\/wp\/v2\/product\/6409","targetHints":{"allow":["GET"]}}],"collection":[{"href":"https:\/\/barrelandboar.nl\/en\/wp-json\/wp\/v2\/product"}],"about":[{"href":"https:\/\/barrelandboar.nl\/en\/wp-json\/wp\/v2\/types\/product"}],"replies":[{"embeddable":true,"href":"https:\/\/barrelandboar.nl\/en\/wp-json\/wp\/v2\/comments?post=6409"}],"wp:featuredmedia":[{"embeddable":true,"href":"https:\/\/barrelandboar.nl\/en\/wp-json\/wp\/v2\/media\/7294"}],"wp:attachment":[{"href":"https:\/\/barrelandboar.nl\/en\/wp-json\/wp\/v2\/media?parent=6409"}],"wp:term":[{"taxonomy":"product_brand","embeddable":true,"href":"https:\/\/barrelandboar.nl\/en\/wp-json\/wp\/v2\/product_brand?post=6409"},{"taxonomy":"product_cat","embeddable":true,"href":"https:\/\/barrelandboar.nl\/en\/wp-json\/wp\/v2\/product_cat?post=6409"},{"taxonomy":"product_tag","embeddable":true,"href":"https:\/\/barrelandboar.nl\/en\/wp-json\/wp\/v2\/product_tag?post=6409"}],"curies":[{"name":"wp","href":"https:\/\/api.w.org\/{rel}","templated":true}]}}