{"id":6705,"date":"2025-07-31T20:32:32","date_gmt":"2025-07-31T18:32:32","guid":{"rendered":"https:\/\/barrelandboar.nl\/product\/nocpix-ace-s60\/"},"modified":"2026-04-17T11:42:14","modified_gmt":"2026-04-17T09:42:14","slug":"nocpix-ace-s60","status":"publish","type":"product","link":"https:\/\/barrelandboar.nl\/en\/optiek\/nocpix-ace-s60\/","title":{"rendered":"Nocpix ACE S60"},"content":{"rendered":"<p style=\"margin-top:0pt;margin-bottom:0pt\">The <span style=\"font-weight:bold\">Nocpix ACE S60R<\/span> combines high-quality technology with intuitive use, robust construction and exceptional performance. This thermal rifle scope is made for hunters who only settle for the best.<\/p>\n<ul style=\"margin:0pt;padding:0pt;list-style-type:disc\">\n<li style=\"font-size:12pt;margin-left:18pt\">\n<p style=\"margin-left:0pt;margin-top:6pt;margin-bottom:6pt\"><span style=\"font-weight:bold\">Top-class image quality<\/span><br \/>Equipped with a thermal sensor with an impressive resolution of 1280\u00d71024 and a pixel size of 12 \u00b5m, with exceptionally sharp thermal imaging and a NETD of \u2264 15 mK for maximum contrast sensitivity.<\/p>\n<\/li>\n<li style=\"font-size:12pt;margin-left:18pt\">\n<p style=\"margin-left:0pt;margin-top:6pt;margin-bottom:6pt\"><span style=\"font-weight:bold\">Powerful optical performance<\/span><br \/>The 60 mm f\/1.0 germanium lens offers an exceptionally clear image with a wide angle of view of approximately 14.7\u00b0 \u00d7 11.7\u00b0, while the 2\u00d7 optical magnification, up to 24\u00d7 digital zoom and additional 1-3\u00d7 ocular zoom provide unparalleled flexibility as well as detail.<\/p>\n<\/li>\n<li style=\"font-size:12pt;margin-left:18pt\">\n<p style=\"margin-left:0pt;margin-top:6pt;margin-bottom:6pt\"><span style=\"font-weight:bold\">Wide sensing range<\/span><br \/>Thanks to its powerful sensor and lens, the ACE S60R detects targets up to 3 100 metres. This gives hunters tactical advantage and peace of mind in any setting.<\/p>\n<\/li>\n<li style=\"font-size:12pt;margin-left:18pt\">\n<p style=\"margin-left:0pt;margin-top:6pt;margin-bottom:6pt\"><span style=\"font-weight:bold\">Integrated laser distance meter (LRF)<\/span><br \/>A slim integrated LRF provides distance determination up to 1 200 m, perfectly aligned with the optical line for precision calculations and quick shot corrections.<\/p>\n<\/li>\n<li style=\"font-size:12pt;margin-left:18pt\">\n<p style=\"margin-left:0pt;margin-top:6pt;margin-bottom:6pt\"><span style=\"font-weight:bold\">Crystal-clear Vision+ AMOLED display<\/span><br \/>The round, 2560\u00d72560-resolution AMOLED screen offers sharp, high-contrast, borderless viewing with smooth 50Hz refresh rates. Thanks to Vision+ technology, every detail remains razor-sharp, even in motion.<\/p>\n<\/li>\n<li style=\"font-size:12pt;margin-left:18pt\">\n<p style=\"margin-left:0pt;margin-top:6pt;margin-bottom:6pt\"><span style=\"font-weight:bold\">Smart, user-friendly features<\/span><br \/>Switches effortlessly between multiple colour palettes (White Hot, Black Hot, Red Hot, Color, Violet, Crimson, Viridian), supports Picture-in-Picture (PiP), image capture (photo + video incl. sound), automatic shooting (One-Shot Zero), Wi-Fi with app control, and offers live streaming of images.<\/p>\n<\/li>\n<li style=\"font-size:12pt;margin-left:18pt\">\n<p style=\"margin-left:0pt;margin-top:6pt;margin-bottom:6pt\"><span style=\"font-weight:bold\">Durable and reliable operation<\/span><br \/>The aluminium IP67 casing is weather and dust resistant, withstanding recoil up to 1 000 g\/s\u00b2. With a dual-battery system (internal battery + hot-swap 18650 battery), the scope effortlessly lasts for more than 6 hours - and you can quickly charge thanks to USB-C, even in the field.<\/p>\n<\/li>\n<\/ul>\n<p style=\"margin-top:0pt;margin-bottom:0pt\">\u00a0<\/p>\n<p style=\"margin-top:4pt;margin-bottom:9pt\"><span style=\"font-size:14pt;font-weight:bold\">Technical specifications<\/span><\/p>\n<table cellspacing=\"0\" cellpadding=\"0pt\" style=\"width:511.55pt;border-collapse:collapse\">\n<tr align=\"left\" valign=\"top\">\n<td valign=\"middle\" style=\"width:119.35pt\">\n<p style=\"text-align:center;margin-top:0pt;margin-bottom:0pt\"><span style=\"font-weight:bold\">Feature<\/span><\/p>\n<\/td>\n<td valign=\"middle\" style=\"width:392.2pt\">\n<p style=\"text-align:center;margin-top:0pt;margin-bottom:0pt\"><span style=\"font-weight:bold\">Details<\/span><\/p>\n<\/td>\n<\/tr>\n<tr align=\"left\" valign=\"top\">\n<td valign=\"middle\" style=\"width:119.35pt\">\n<p style=\"margin-top:0pt;margin-bottom:0pt\">Sensor<\/p>\n<\/td>\n<td valign=\"middle\" style=\"width:392.2pt\">\n<p style=\"margin-top:0pt;margin-bottom:0pt\">1280\u00d71024, 12 \u00b5m, NETD \u2264 15 mK<\/p>\n<\/td>\n<\/tr>\n<tr align=\"left\" valign=\"top\">\n<td valign=\"middle\" style=\"width:119.35pt\">\n<p style=\"margin-top:0pt;margin-bottom:0pt\">Lens<\/p>\n<\/td>\n<td valign=\"middle\" style=\"width:392.2pt\">\n<p style=\"margin-top:0pt;margin-bottom:0pt\">60 mm f\/1.0 germanium<\/p>\n<\/td>\n<\/tr>\n<tr align=\"left\" valign=\"top\">\n<td valign=\"middle\" style=\"width:119.35pt\">\n<p style=\"margin-top:0pt;margin-bottom:0pt\">Enlargement<\/p>\n<\/td>\n<td valign=\"middle\" style=\"width:392.2pt\">\n<p style=\"margin-top:0pt;margin-bottom:0pt\">2\u00d7 optical + 1-3\u00d7 eyepiece + up to 24\u00d7 digital<\/p>\n<\/td>\n<\/tr>\n<tr align=\"left\" valign=\"top\">\n<td valign=\"middle\" style=\"width:119.35pt\">\n<p style=\"margin-top:0pt;margin-bottom:0pt\">Field of view<\/p>\n<\/td>\n<td valign=\"middle\" style=\"width:392.2pt\">\n<p style=\"margin-top:0pt;margin-bottom:0pt\">\u00b114,7\u00b0 \u00d7 11,7\u00b0<\/p>\n<\/td>\n<\/tr>\n<tr align=\"left\" valign=\"top\">\n<td valign=\"middle\" style=\"width:119.35pt\">\n<p style=\"margin-top:0pt;margin-bottom:0pt\">Detection range<\/p>\n<\/td>\n<td valign=\"middle\" style=\"width:392.2pt\">\n<p style=\"margin-top:0pt;margin-bottom:0pt\">up to 3 100 m<\/p>\n<\/td>\n<\/tr>\n<tr align=\"left\" valign=\"top\">\n<td valign=\"middle\" style=\"width:119.35pt\">\n<p style=\"margin-top:0pt;margin-bottom:0pt\">Display<\/p>\n<\/td>\n<td valign=\"middle\" style=\"width:392.2pt\">\n<p style=\"margin-top:0pt;margin-bottom:0pt\">Round AMOLED, 2560\u00d72560, 50 Hz<\/p>\n<\/td>\n<\/tr>\n<tr align=\"left\" valign=\"top\">\n<td valign=\"middle\" style=\"width:119.35pt\">\n<p style=\"margin-top:0pt;margin-bottom:0pt\">Features<\/p>\n<\/td>\n<td valign=\"middle\" style=\"width:392.2pt\">\n<p style=\"margin-top:0pt;margin-bottom:0pt\">LRF up to 1 200 m, PiP, recording (photo\/video + audio), Wi-Fi, One-Shot Zero<\/p>\n<\/td>\n<\/tr>\n<tr align=\"left\" valign=\"top\">\n<td valign=\"middle\" style=\"width:119.35pt\">\n<p style=\"margin-top:0pt;margin-bottom:0pt\">Storage &amp; battery<\/p>\n<\/td>\n<td valign=\"middle\" style=\"width:392.2pt\">\n<p style=\"margin-top:0pt;margin-bottom:0pt\">64GB internal memory, internal battery + 18650, hot-swap, USB-C<\/p>\n<\/td>\n<\/tr>\n<tr align=\"left\" valign=\"top\">\n<td valign=\"middle\" style=\"width:119.35pt\">\n<p style=\"margin-top:0pt;margin-bottom:0pt\">Robustness<\/p>\n<\/td>\n<td valign=\"middle\" style=\"width:392.2pt\">\n<p style=\"margin-top:0pt;margin-bottom:0pt\">IP67, impact resistant up to 1 000 g\/s\u00b2<\/p>\n<\/td>\n<\/tr>\n<tr align=\"left\" valign=\"top\">\n<td valign=\"middle\" style=\"width:119.35pt\">\n<p style=\"margin-top:0pt;margin-bottom:0pt\">Weight &amp; dimensions<\/p>\n<\/td>\n<td valign=\"middle\" style=\"width:392.2pt\">\n<p style=\"margin-top:0pt;margin-bottom:0pt\">\u00b11 300 g; approx. 39 \u00d7 9 \u00d7 7 cm<\/p>\n<\/td>\n<\/tr>\n<\/table>","protected":false},"excerpt":{"rendered":"<p style=\"margin-top:0pt;margin-bottom:0pt\">The <span style=\"font-weight:bold\">Nocpix ACE S60R<\/span> is a high-end thermal rifle scope with 1280\u00d71024 sensor, powerful 60 mm lens, optical &amp; digital zoom, 3 100 m detection range, Vision+ AMOLED display, LRF, recording and Wi-Fi functions, IP67 housing and dual-battery system. Designed for the hunter who accepts only the very best. <\/p>","protected":false},"featured_media":7540,"comment_status":"open","ping_status":"closed","template":"","meta":{"_acf_changed":false,"rank_math_title":"Nocpix ACE S60","rank_math_description":"Nocpix ACE S60R: professionele thermische richtkijker met 1280\u00d71024-sensor, 60 mm lens, 2\u201324\u00d7 vergroting, rond 2560\u00d72560 AMOLED-display, 3 100 m detectiebereik, LRF, opname & Wi-Fi, IP67-behuizing. Uitstekend voor lange afstandsjacht.","rank_math_focus_keyword":"1021400233, Nocpix, ACE, S60, Nocpix ACE S60","GroupGuid":"","EcommerceProductGuid":"5DBFAAFC-5FE6-4D16-AA94-7F5E3403DBA8","EcommerceProductVariationGuid":"","ProductNumber":"1021400233","ProductId":"10945-0"},"product_brand":[944],"product_cat":[858,67,857],"product_tag":[],"class_list":{"0":"post-6705","1":"product","2":"type-product","3":"status-publish","4":"has-post-thumbnail","6":"product_brand-nocpix","7":"product_cat-wartebeeld-richtkijker","8":"product_cat-optiek","9":"product_cat-warmtebeeld","11":"first","12":"instock","13":"taxable","14":"shipping-taxable","15":"purchasable","16":"product-type-simple"},"bundled_by":[],"bundle_stock_status":"instock","bundle_stock_quantity":2,"bundle_virtual":false,"bundle_layout":"","bundle_add_to_cart_form_location":"","bundle_editable_in_cart":false,"bundle_sold_individually_context":"","bundle_item_grouping":"","bundle_min_size":"","bundle_max_size":"","bundle_price":[],"bundled_items":[],"bundle_sell_ids":[],"acf":[],"rank_math_title":"Nocpix ACE S60","rank_math_description":"Nocpix ACE S60R: professionele thermische richtkijker met 1280\u00d71024-sensor, 60 mm lens, 2\u201324\u00d7 vergroting, rond 2560\u00d72560 AMOLED-display, 3 100 m detectiebereik, LRF, opname & Wi-Fi, IP67-behuizing. Uitstekend voor lange afstandsjacht.","rank_math_focus_keyword":"1021400233, Nocpix, ACE, S60, Nocpix ACE S60","GroupGuid":null,"EcommerceProductGuid":"5DBFAAFC-5FE6-4D16-AA94-7F5E3403DBA8","EcommerceProductVariationGuid":null,"ProductNumber":"1021400233","ProductId":"10945-0","IgnoreVenditGroupURL":null,"IgnoreVenditGroupSEO":null,"_links":{"self":[{"href":"https:\/\/barrelandboar.nl\/en\/wp-json\/wp\/v2\/product\/6705","targetHints":{"allow":["GET"]}}],"collection":[{"href":"https:\/\/barrelandboar.nl\/en\/wp-json\/wp\/v2\/product"}],"about":[{"href":"https:\/\/barrelandboar.nl\/en\/wp-json\/wp\/v2\/types\/product"}],"replies":[{"embeddable":true,"href":"https:\/\/barrelandboar.nl\/en\/wp-json\/wp\/v2\/comments?post=6705"}],"wp:featuredmedia":[{"embeddable":true,"href":"https:\/\/barrelandboar.nl\/en\/wp-json\/wp\/v2\/media\/7540"}],"wp:attachment":[{"href":"https:\/\/barrelandboar.nl\/en\/wp-json\/wp\/v2\/media?parent=6705"}],"wp:term":[{"taxonomy":"product_brand","embeddable":true,"href":"https:\/\/barrelandboar.nl\/en\/wp-json\/wp\/v2\/product_brand?post=6705"},{"taxonomy":"product_cat","embeddable":true,"href":"https:\/\/barrelandboar.nl\/en\/wp-json\/wp\/v2\/product_cat?post=6705"},{"taxonomy":"product_tag","embeddable":true,"href":"https:\/\/barrelandboar.nl\/en\/wp-json\/wp\/v2\/product_tag?post=6705"}],"curies":[{"name":"wp","href":"https:\/\/api.w.org\/{rel}","templated":true}]}}