{"id":6711,"date":"2025-07-31T21:05:00","date_gmt":"2025-07-31T19:05:00","guid":{"rendered":"https:\/\/barrelandboar.nl\/product\/nocpix-lumi-l19\/"},"modified":"2026-04-17T11:42:12","modified_gmt":"2026-04-17T09:42:12","slug":"nocpix-lumi-l19","status":"publish","type":"product","link":"https:\/\/barrelandboar.nl\/en\/optiek\/nocpix-lumi-l19\/","title":{"rendered":"Nocpix Lumi L19"},"content":{"rendered":"<p style=\"margin-top:0pt;margin-bottom:0pt\">The <span style=\"font-weight:bold\">Nocpix Lumi L19<\/span> is a compact thermal monocular that delivers top performance in a minimalist, handheld design. Thanks to an advanced 384\u00d7288 VOx sensor with 12 \u00b5m pixel size and exceptionally low NETD (\u2264 18 mK), this monocular shows even the finest temperature differences - ideal for hunting, nature observation, security or rescue operations.<\/p>\n<p style=\"margin-top:6pt;margin-bottom:6pt\">Equipped with a 19 mm f\/0.9 germanium lens (20% more thermal light than F1.0 lenses), the L19 offers 2\u00d7 optical magnification and digital zoom up to 8\u00d7, ensuring both overview and detail. The bright AMOLED display (1024\u00d7768) presents images razor-sharp and with contrast-rich detail, without distortion or edge loss.<\/p>\n<p style=\"margin-top:6pt;margin-bottom:6pt\">The Lumi L19 offers up to about 980 metres of detection range and can be operated via rugged, whisper-quiet buttons. Its innovative Reality+ AI algorithms optimise images, reduce noise and improve contrast - even in harsh conditions. With 32GB of internal memory, photo, video and audio capabilities, built-in Wi-Fi with app connectivity and up to 5 hours of runtime with replaceable 18650 batteries, it is always ready to go.<\/p>\n<p style=\"margin-top:6pt;margin-bottom:6pt\">With its IP67-certified housing, it delivers durability and reliability whatever the weather or terrain. Thanks to its small size and light weight (&lt;335 g), it fits effortlessly into a jacket pocket or backpack.<\/p>\n<p style=\"margin-top:4pt;margin-bottom:9pt\"><span style=\"font-size:14pt;font-weight:bold\">Technical specifications<\/span><\/p>\n<ul style=\"margin:0pt;padding:0pt;list-style-type:disc\">\n<li style=\"font-size:12pt;margin-left:18pt\">\n<p style=\"margin-left:0pt;margin-top:6pt;margin-bottom:6pt\">Sensor: 384\u00d7288 VOx, 12 \u00b5m, NETD \u2264 18 mK, 50 Hz<\/p>\n<\/li>\n<li style=\"font-size:12pt;margin-left:18pt\">\n<p style=\"margin-left:0pt;margin-top:6pt;margin-bottom:6pt\">Lens: 19 mm f\/0.9 germanium<\/p>\n<\/li>\n<li style=\"font-size:12pt;margin-left:18pt\">\n<p style=\"margin-left:0pt;margin-top:6pt;margin-bottom:6pt\">Magnification: 2\u00d7 optical; digital zoom up to 8\u00d7<\/p>\n<\/li>\n<li style=\"font-size:12pt;margin-left:18pt\">\n<p style=\"margin-left:0pt;margin-top:6pt;margin-bottom:6pt\">Display: AMOLED, 1024\u00d7768 pixels<\/p>\n<\/li>\n<li style=\"font-size:12pt;margin-left:18pt\">\n<p style=\"margin-left:0pt;margin-top:6pt;margin-bottom:6pt\">Detection range: approx. 980-1 070 m<\/p>\n<\/li>\n<li style=\"font-size:12pt;margin-left:18pt\">\n<p style=\"margin-left:0pt;margin-top:6pt;margin-bottom:6pt\">Features: Reality+ AI, colour palettes, photo\/video\/audio recording, Wi-Fi\/app connectivity<\/p>\n<\/li>\n<li style=\"font-size:12pt;margin-left:18pt\">\n<p style=\"margin-left:0pt;margin-top:6pt;margin-bottom:6pt\">Storage: 32 GB internal memory<\/p>\n<\/li>\n<li style=\"font-size:12pt;margin-left:18pt\">\n<p style=\"margin-left:0pt;margin-top:6pt;margin-bottom:6pt\">Battery: replaceable 18650 (\u00b15 hours runtime), reverse polarity protection<\/p>\n<\/li>\n<li style=\"font-size:12pt;margin-left:18pt\">\n<p style=\"margin-left:0pt;margin-top:6pt;margin-bottom:6pt\">Housing: aluminium, IP67, weight &lt;335-350 g<\/p>\n<\/li>\n<\/ul>","protected":false},"excerpt":{"rendered":"<p style=\"margin-top:0pt;margin-bottom:0pt\">The <span style=\"font-weight:bold\">Nocpix Lumi L19<\/span> is a compact thermal monocular with 384\u00d7288 sensor, 19 mm lens, 2-8\u00d7 magnification, AMOLED display, Reality+ image optimisation, recording and Wi-Fi, up to 1 070 m detection range, IP67 protection and replaceable battery - small, light and reliable. <\/p>","protected":false},"featured_media":7210,"comment_status":"open","ping_status":"closed","template":"","meta":{"_acf_changed":false,"rank_math_title":"Nocpix Lumi L19","rank_math_description":"Ontdek de Nocpix Lumi L19: handzame thermische monoculair met 384\u00d7288-sensor, f\/0.9-lens, 2\u20138\u00d7 vergroting, AMOLED-display, Reality+ AI, opname, Wi-Fi en IP67-bescherming. Lichtgewicht kracht, klaar voor onderweg.","rank_math_focus_keyword":"1021400110, Nocpix, Lumi, L19, Nocpix Lumi L19","GroupGuid":"","EcommerceProductGuid":"43E47DBC-66E4-4EFB-9236-74F08D1FC345","EcommerceProductVariationGuid":"","ProductNumber":"1021400110","ProductId":"10929-0"},"product_brand":[944],"product_cat":[67,857,862],"product_tag":[],"class_list":{"0":"post-6711","1":"product","2":"type-product","3":"status-publish","4":"has-post-thumbnail","6":"product_brand-nocpix","7":"product_cat-optiek","8":"product_cat-warmtebeeld","9":"product_cat-warmtebeeld-handkijker","11":"first","12":"instock","13":"taxable","14":"shipping-taxable","15":"purchasable","16":"product-type-simple"},"bundled_by":[],"bundle_stock_status":"instock","bundle_stock_quantity":8,"bundle_virtual":false,"bundle_layout":"","bundle_add_to_cart_form_location":"","bundle_editable_in_cart":false,"bundle_sold_individually_context":"","bundle_item_grouping":"","bundle_min_size":"","bundle_max_size":"","bundle_price":[],"bundled_items":[],"bundle_sell_ids":[],"acf":[],"rank_math_title":"Nocpix Lumi L19","rank_math_description":"Ontdek de Nocpix Lumi L19: handzame thermische monoculair met 384\u00d7288-sensor, f\/0.9-lens, 2\u20138\u00d7 vergroting, AMOLED-display, Reality+ AI, opname, Wi-Fi en IP67-bescherming. Lichtgewicht kracht, klaar voor onderweg.","rank_math_focus_keyword":"1021400110, Nocpix, Lumi, L19, Nocpix Lumi L19","GroupGuid":null,"EcommerceProductGuid":"43E47DBC-66E4-4EFB-9236-74F08D1FC345","EcommerceProductVariationGuid":null,"ProductNumber":"1021400110","ProductId":"10929-0","IgnoreVenditGroupURL":null,"IgnoreVenditGroupSEO":null,"_links":{"self":[{"href":"https:\/\/barrelandboar.nl\/en\/wp-json\/wp\/v2\/product\/6711","targetHints":{"allow":["GET"]}}],"collection":[{"href":"https:\/\/barrelandboar.nl\/en\/wp-json\/wp\/v2\/product"}],"about":[{"href":"https:\/\/barrelandboar.nl\/en\/wp-json\/wp\/v2\/types\/product"}],"replies":[{"embeddable":true,"href":"https:\/\/barrelandboar.nl\/en\/wp-json\/wp\/v2\/comments?post=6711"}],"wp:featuredmedia":[{"embeddable":true,"href":"https:\/\/barrelandboar.nl\/en\/wp-json\/wp\/v2\/media\/7210"}],"wp:attachment":[{"href":"https:\/\/barrelandboar.nl\/en\/wp-json\/wp\/v2\/media?parent=6711"}],"wp:term":[{"taxonomy":"product_brand","embeddable":true,"href":"https:\/\/barrelandboar.nl\/en\/wp-json\/wp\/v2\/product_brand?post=6711"},{"taxonomy":"product_cat","embeddable":true,"href":"https:\/\/barrelandboar.nl\/en\/wp-json\/wp\/v2\/product_cat?post=6711"},{"taxonomy":"product_tag","embeddable":true,"href":"https:\/\/barrelandboar.nl\/en\/wp-json\/wp\/v2\/product_tag?post=6711"}],"curies":[{"name":"wp","href":"https:\/\/api.w.org\/{rel}","templated":true}]}}