{"id":717,"date":"2025-03-28T10:48:03","date_gmt":"2025-03-28T09:48:03","guid":{"rendered":"https:\/\/barrelandboar.nl\/product\/schoffel-ptarmigan-ii-sock-country-green\/"},"modified":"2026-04-03T16:03:16","modified_gmt":"2026-04-03T14:03:16","slug":"schoffel-ptarmigan-ii-sock-country-green","status":"publish","type":"product","link":"https:\/\/barrelandboar.nl\/en\/kleding\/accessoires-kleding\/sokken\/schoffel-ptarmigan-ii-sock-country-green\/","title":{"rendered":"Sch\u00f6ffel Ptarmigan II Sock Country Green"},"content":{"rendered":"<p style=\"margin-top:0pt;margin-bottom:5pt\"><span style=\"font-size:10.5pt;color:#000000;background-color:#FFFFFF\">The\u00a0<\/span><span style=\"font-size:10.5pt;color:#000000;background-color:#FFFFFF;font-weight:bold\">Sch\u00f6ffel Ptarmigan II Sock<\/span><span style=\"font-size:10.5pt;color:#000000;background-color:#FFFFFF\">\u00a0has an exclusive woven design and is made of a fine merino wool blend with added lycra. The sock is insulating yet breathable with just the right amount of stretch for a perfect fit.<\/span><\/p>\n<p style=\"margin-top:0pt;margin-bottom:5pt\"><span style=\"font-size:10.5pt;color:#000000;background-color:#FFFFFF\">Textured knit cuffs add subtle detail, while the signature 'tassels' offer the finishing touch. A reinforced nylon heel and toe ensure durability, making these shooting socks incredibly hard-wearing.<\/span><\/p>\n<p style=\"margin-top:0pt;margin-bottom:0pt\"><span style=\"font-size:10.5pt;color:#000000;background-color:#FFFFFF;font-weight:bold\">Specification:\u00a0<\/span><\/p>\n<ul style=\"margin:0pt;padding:0pt;list-style-type:disc\">\n<li style=\"font-size:12pt\">\n<p style=\"margin-left:0pt;margin-top:0pt;margin-bottom:0pt\"><span style=\"color:#000000;background-color:#FFFFFF\">Merino blend fabric: 85% merino and acrylic \/ 10% nylon \/ 5% Lycra<\/span><\/p>\n<\/li>\n<li style=\"font-size:12pt\">\n<p style=\"margin-left:0pt;margin-top:0pt;margin-bottom:0pt\"><span style=\"color:#000000;background-color:#FFFFFF\">Nylon-reinforced heel and toe<\/span><\/p>\n<\/li>\n<li style=\"font-size:12pt\">\n<p style=\"margin-left:0pt;margin-top:0pt;margin-bottom:0pt\"><span style=\"color:#000000;background-color:#FFFFFF\">Machine washable<\/span><\/p>\n<\/li>\n<\/ul>","protected":false},"excerpt":{"rendered":"<p>De\u00a0Sch\u00f6ffel Ptarmigan II Sock\u00a0heeft een exclusief geweven ontwerp en is gemaakt van een fijne merinowolmix met toegevoegd lycra. De sok is isolerend en toch ademend met precies de juiste hoeveelheid stretch voor een perfecte pasvorm. De gebreide manchetten met textuur voegen een subtiel detail toe, terwijl de kenmerkende \u2018kwastjes\u2019 de finishing touch bieden. Een versterkte [&hellip;]<\/p>\n","protected":false},"featured_media":8485,"comment_status":"open","ping_status":"closed","template":"","meta":{"_acf_changed":false,"rank_math_title":"Sch\u00f6ffel Ptarmigan II Sock Country Green","rank_math_description":"","rank_math_focus_keyword":"20-3999-6600, Sch\u00f6ffel, , Ptarmigan, II, Sock, , Country, Green, Sch\u00f6ffel Ptarmigan II Sock Country Green","GroupGuid":"","EcommerceProductGuid":"540846DB-6835-4F53-875C-02F59B1A5080","EcommerceProductVariationGuid":"","ProductNumber":"20-3999-6600","ProductId":""},"product_brand":[1503],"product_cat":[96,94,70],"product_tag":[],"class_list":{"0":"post-717","1":"product","2":"type-product","3":"status-publish","4":"has-post-thumbnail","6":"product_brand-schoffel","7":"product_cat-sokken","8":"product_cat-accessoires-kleding","9":"product_cat-kleding","10":"pa_kleur-country_green","12":"first","13":"instock","14":"sale","15":"taxable","16":"shipping-taxable","17":"purchasable","18":"product-type-variable"},"bundled_by":[],"bundle_stock_status":"instock","bundle_stock_quantity":null,"bundle_virtual":false,"bundle_layout":"","bundle_add_to_cart_form_location":"","bundle_editable_in_cart":false,"bundle_sold_individually_context":"","bundle_item_grouping":"","bundle_min_size":"","bundle_max_size":"","bundle_price":[],"bundled_items":[],"bundle_sell_ids":[],"acf":[],"rank_math_title":"Sch\u00f6ffel Ptarmigan II Sock Country Green","rank_math_description":null,"rank_math_focus_keyword":"20-3999-6600, Sch\u00f6ffel, , Ptarmigan, II, Sock, , Country, Green, Sch\u00f6ffel Ptarmigan II Sock Country Green","GroupGuid":null,"EcommerceProductGuid":"540846DB-6835-4F53-875C-02F59B1A5080","EcommerceProductVariationGuid":null,"ProductNumber":"20-3999-6600","ProductId":null,"IgnoreVenditGroupURL":null,"IgnoreVenditGroupSEO":null,"_links":{"self":[{"href":"https:\/\/barrelandboar.nl\/en\/wp-json\/wp\/v2\/product\/717","targetHints":{"allow":["GET"]}}],"collection":[{"href":"https:\/\/barrelandboar.nl\/en\/wp-json\/wp\/v2\/product"}],"about":[{"href":"https:\/\/barrelandboar.nl\/en\/wp-json\/wp\/v2\/types\/product"}],"replies":[{"embeddable":true,"href":"https:\/\/barrelandboar.nl\/en\/wp-json\/wp\/v2\/comments?post=717"}],"wp:featuredmedia":[{"embeddable":true,"href":"https:\/\/barrelandboar.nl\/en\/wp-json\/wp\/v2\/media\/8485"}],"wp:attachment":[{"href":"https:\/\/barrelandboar.nl\/en\/wp-json\/wp\/v2\/media?parent=717"}],"wp:term":[{"taxonomy":"product_brand","embeddable":true,"href":"https:\/\/barrelandboar.nl\/en\/wp-json\/wp\/v2\/product_brand?post=717"},{"taxonomy":"product_cat","embeddable":true,"href":"https:\/\/barrelandboar.nl\/en\/wp-json\/wp\/v2\/product_cat?post=717"},{"taxonomy":"product_tag","embeddable":true,"href":"https:\/\/barrelandboar.nl\/en\/wp-json\/wp\/v2\/product_tag?post=717"}],"curies":[{"name":"wp","href":"https:\/\/api.w.org\/{rel}","templated":true}]}}