{"id":720,"date":"2025-03-28T10:48:06","date_gmt":"2025-03-28T09:48:06","guid":{"rendered":"https:\/\/barrelandboar.nl\/product\/schoffel-willow-fedora-ii-w-chocolate\/"},"modified":"2026-03-22T04:25:33","modified_gmt":"2026-03-22T03:25:33","slug":"schoffel-willow-fedora-ii-w-chocolate","status":"publish","type":"product","link":"https:\/\/barrelandboar.nl\/en\/kleding\/accessoires-kleding\/hoeden\/schoffel-willow-fedora-ii-w-chocolate\/","title":{"rendered":"Sch\u00f6ffel Willow Fedora II W Chocolate"},"content":{"rendered":"<p style=\"margin-top:0pt;margin-bottom:5pt\"><span style=\"font-size:10.5pt;color:#000000;background-color:#FFFFFF\">The\u00a0<\/span><span style=\"font-size:10.5pt;color:#000000;background-color:#FFFFFF;font-weight:bold\">Sch\u00f6ffel Willow Fedora II<\/span><span style=\"font-size:10.5pt;color:#000000;background-color:#FFFFFF\">\u00a0is a classic ladies' hat made by Christys' London from pure wool felt. A stylish accessory, with premium leather hatband featuring brass Sch\u00f6ffel logo.<\/span><\/p>\n<p style=\"margin-top:0pt;margin-bottom:5pt\"><span style=\"font-size:10.5pt;color:#000000;background-color:#FFFFFF;font-weight:bold\">Specifications:<\/span><\/p>\n<ul style=\"margin:0pt;padding:0pt;list-style-type:disc\">\n<li style=\"font-size:12pt\">\n<p style=\"margin-left:0pt;margin-top:0pt;margin-bottom:0pt\"><span style=\"color:#000000;background-color:#FFFFFF\">100% pure wool felt<\/span><\/p>\n<\/li>\n<li style=\"font-size:12pt\">\n<p style=\"margin-left:0pt;margin-top:0pt;margin-bottom:0pt\"><span style=\"color:#000000;background-color:#FFFFFF\">Leather hatband<\/span><\/p>\n<\/li>\n<li style=\"font-size:12pt\">\n<p style=\"margin-left:0pt;margin-top:0pt;margin-bottom:0pt\"><span style=\"color:#000000;background-color:#FFFFFF\">Brass Sch\u00f6ffel logo<\/span><\/p>\n<\/li>\n<li style=\"font-size:12pt\">\n<p style=\"margin-left:0pt;margin-top:0pt;margin-bottom:0pt\"><span style=\"color:#000000;background-color:#FFFFFF\">Made by Christys' London<\/span><\/p>\n<\/li>\n<\/ul>\n<p style=\"margin-top:0pt;margin-bottom:5pt\"><span style=\"font-size:10.5pt;color:#000000;background-color:#FFFFFF\">\u00a0<\/span><\/p>","protected":false},"excerpt":{"rendered":"<p>De\u00a0Sch\u00f6ffel Willow Fedora II\u00a0is een klassieke dameshoed, gemaakt door Christys\u2019 London van zuiver wolvilt. Een stijlvol accessoire, met premium leren hoedband voorzien van messing Sch\u00f6ffel logo. Specificaties: 100% zuiver wolvilt Lederen hoedband Messing Sch\u00f6ffel logo Gemaakt door Christys\u2019 Londen \u00a0<\/p>","protected":false},"featured_media":8235,"comment_status":"open","ping_status":"closed","template":"","meta":{"_acf_changed":false,"rank_math_title":"Sch\u00f6ffel Willow Fedora II W Chocolate","rank_math_description":"","rank_math_focus_keyword":"20-4705, Sch\u00f6ffel, , Willow, Fedora, II, W, , Chocolate, Sch\u00f6ffel Willow Fedora II W Chocolate","GroupGuid":"","EcommerceProductGuid":"532F243D-AD2F-415A-BBD9-6CB546201E3A","EcommerceProductVariationGuid":"","ProductNumber":"20-4705","ProductId":""},"product_brand":[1503],"product_cat":[94,211,70],"product_tag":[],"class_list":{"0":"post-720","1":"product","2":"type-product","3":"status-publish","4":"has-post-thumbnail","6":"product_brand-schoffel","7":"product_cat-accessoires-kleding","8":"product_cat-hoeden","9":"product_cat-kleding","10":"pa_kleur-chocolate","12":"first","13":"instock","14":"taxable","15":"shipping-taxable","16":"purchasable","17":"product-type-variable"},"bundled_by":[],"bundle_stock_status":"instock","bundle_stock_quantity":null,"bundle_virtual":false,"bundle_layout":"","bundle_add_to_cart_form_location":"","bundle_editable_in_cart":false,"bundle_sold_individually_context":"","bundle_item_grouping":"","bundle_min_size":"","bundle_max_size":"","bundle_price":[],"bundled_items":[],"bundle_sell_ids":[],"acf":[],"rank_math_title":"Sch\u00f6ffel Willow Fedora II W Chocolate","rank_math_description":null,"rank_math_focus_keyword":"20-4705, Sch\u00f6ffel, , Willow, Fedora, II, W, , Chocolate, Sch\u00f6ffel Willow Fedora II W Chocolate","GroupGuid":null,"EcommerceProductGuid":"532F243D-AD2F-415A-BBD9-6CB546201E3A","EcommerceProductVariationGuid":null,"ProductNumber":"20-4705","ProductId":null,"IgnoreVenditGroupURL":null,"IgnoreVenditGroupSEO":null,"_links":{"self":[{"href":"https:\/\/barrelandboar.nl\/en\/wp-json\/wp\/v2\/product\/720","targetHints":{"allow":["GET"]}}],"collection":[{"href":"https:\/\/barrelandboar.nl\/en\/wp-json\/wp\/v2\/product"}],"about":[{"href":"https:\/\/barrelandboar.nl\/en\/wp-json\/wp\/v2\/types\/product"}],"replies":[{"embeddable":true,"href":"https:\/\/barrelandboar.nl\/en\/wp-json\/wp\/v2\/comments?post=720"}],"wp:featuredmedia":[{"embeddable":true,"href":"https:\/\/barrelandboar.nl\/en\/wp-json\/wp\/v2\/media\/8235"}],"wp:attachment":[{"href":"https:\/\/barrelandboar.nl\/en\/wp-json\/wp\/v2\/media?parent=720"}],"wp:term":[{"taxonomy":"product_brand","embeddable":true,"href":"https:\/\/barrelandboar.nl\/en\/wp-json\/wp\/v2\/product_brand?post=720"},{"taxonomy":"product_cat","embeddable":true,"href":"https:\/\/barrelandboar.nl\/en\/wp-json\/wp\/v2\/product_cat?post=720"},{"taxonomy":"product_tag","embeddable":true,"href":"https:\/\/barrelandboar.nl\/en\/wp-json\/wp\/v2\/product_tag?post=720"}],"curies":[{"name":"wp","href":"https:\/\/api.w.org\/{rel}","templated":true}]}}