{"id":724,"date":"2025-03-28T10:48:10","date_gmt":"2025-03-28T09:48:10","guid":{"rendered":"https:\/\/barrelandboar.nl\/product\/schoffel-teigh-sock-woodland\/"},"modified":"2026-04-03T16:03:41","modified_gmt":"2026-04-03T14:03:41","slug":"schoffel-teigh-sock-woodland","status":"publish","type":"product","link":"https:\/\/barrelandboar.nl\/en\/kleding\/accessoires-kleding\/sokken\/schoffel-teigh-sock-woodland\/","title":{"rendered":"Sch\u00f6ffel Teigh Sock Woodland"},"content":{"rendered":"<p style=\"margin-top:0pt;margin-bottom:5pt\"><span style=\"font-size:10.5pt;color:#000000;background-color:#FFFFFF\">The\u00a0<\/span><span style=\"font-size:10.5pt;color:#000000;background-color:#FFFFFF;font-weight:bold\">Sch\u00f6ffel Teigh Sock<\/span><span style=\"font-size:10.5pt;color:#000000;background-color:#FFFFFF\">\u00a0has an exclusive woven design and is made of a fine merino wool blend with added lycra. The sock is insulating yet breathable with just the right amount of stretch for a perfect fit.<\/span><\/p>\n<p style=\"margin-top:0pt;margin-bottom:5pt\"><span style=\"font-size:10.5pt;color:#000000;background-color:#FFFFFF\">Textured knit cuffs add subtle detail, while the signature 'tassels' offer the finishing touch. A reinforced nylon heel and toe ensure durability, making these shooting socks incredibly hard-wearing.<\/span><\/p>\n<p style=\"margin-top:0pt;margin-bottom:0pt\"><span style=\"font-size:10.5pt;color:#000000;background-color:#FFFFFF;font-weight:bold\">Specification:\u00a0<\/span><\/p>\n<ul style=\"margin:0pt;padding:0pt;list-style-type:disc\">\n<li style=\"font-size:12pt\">\n<p style=\"margin-left:0pt;margin-top:0pt;margin-bottom:0pt\"><span style=\"color:#000000;background-color:#FFFFFF\">Merino blend fabric: 85% merino and acrylic \/ 10% nylon \/ 5% Lycra<\/span><\/p>\n<\/li>\n<li style=\"font-size:12pt\">\n<p style=\"margin-left:0pt;margin-top:0pt;margin-bottom:0pt\"><span style=\"color:#000000;background-color:#FFFFFF\">Nylon-reinforced heel and toe<\/span><\/p>\n<\/li>\n<li style=\"font-size:12pt\">\n<p style=\"margin-left:0pt;margin-top:0pt;margin-bottom:0pt\"><span style=\"color:#000000;background-color:#FFFFFF\">Machine washable<\/span><\/p>\n<\/li>\n<\/ul>","protected":false},"excerpt":{"rendered":"<p style=\"margin-top:0pt;margin-bottom:0pt\"><span style=\"font-size:10.5pt;color:#000000;background-color:#FFFFFF\">The\u00a0<\/span><span style=\"font-size:10.5pt;color:#000000;background-color:#FFFFFF;font-weight:bold\">Sch\u00f6ffel Teigh Sock<\/span><span style=\"font-size:10.5pt;color:#000000;background-color:#FFFFFF\">\u00a0features an exclusive woven design and is made of a fine merino wool blend with added lycra.<\/span><\/p>","protected":false},"featured_media":1409,"comment_status":"open","ping_status":"closed","template":"","meta":{"_acf_changed":false,"rank_math_title":"Sch\u00f6ffel Teigh Sock Woodland","rank_math_description":"","rank_math_focus_keyword":"20-3950-6680, Sch\u00f6ffel, , Teigh, Sock, , Woodland, Sch\u00f6ffel Teigh Sock Woodland","GroupGuid":"","EcommerceProductGuid":"717DF806-2848-40F8-891F-75DA559D5D0D","EcommerceProductVariationGuid":"","ProductNumber":"20-3950-6680","ProductId":""},"product_brand":[1503],"product_cat":[96,94,70],"product_tag":[],"class_list":{"0":"post-724","1":"product","2":"type-product","3":"status-publish","4":"has-post-thumbnail","6":"product_brand-schoffel","7":"product_cat-sokken","8":"product_cat-accessoires-kleding","9":"product_cat-kleding","10":"pa_kleur-woodland","12":"first","13":"instock","14":"sale","15":"taxable","16":"shipping-taxable","17":"purchasable","18":"product-type-variable"},"bundled_by":[],"bundle_stock_status":"instock","bundle_stock_quantity":null,"bundle_virtual":false,"bundle_layout":"","bundle_add_to_cart_form_location":"","bundle_editable_in_cart":false,"bundle_sold_individually_context":"","bundle_item_grouping":"","bundle_min_size":"","bundle_max_size":"","bundle_price":[],"bundled_items":[],"bundle_sell_ids":[],"acf":[],"rank_math_title":"Sch\u00f6ffel Teigh Sock Woodland","rank_math_description":null,"rank_math_focus_keyword":"20-3950-6680, Sch\u00f6ffel, , Teigh, Sock, , Woodland, Sch\u00f6ffel Teigh Sock Woodland","GroupGuid":null,"EcommerceProductGuid":"717DF806-2848-40F8-891F-75DA559D5D0D","EcommerceProductVariationGuid":null,"ProductNumber":"20-3950-6680","ProductId":null,"IgnoreVenditGroupURL":null,"IgnoreVenditGroupSEO":null,"_links":{"self":[{"href":"https:\/\/barrelandboar.nl\/en\/wp-json\/wp\/v2\/product\/724","targetHints":{"allow":["GET"]}}],"collection":[{"href":"https:\/\/barrelandboar.nl\/en\/wp-json\/wp\/v2\/product"}],"about":[{"href":"https:\/\/barrelandboar.nl\/en\/wp-json\/wp\/v2\/types\/product"}],"replies":[{"embeddable":true,"href":"https:\/\/barrelandboar.nl\/en\/wp-json\/wp\/v2\/comments?post=724"}],"wp:featuredmedia":[{"embeddable":true,"href":"https:\/\/barrelandboar.nl\/en\/wp-json\/wp\/v2\/media\/1409"}],"wp:attachment":[{"href":"https:\/\/barrelandboar.nl\/en\/wp-json\/wp\/v2\/media?parent=724"}],"wp:term":[{"taxonomy":"product_brand","embeddable":true,"href":"https:\/\/barrelandboar.nl\/en\/wp-json\/wp\/v2\/product_brand?post=724"},{"taxonomy":"product_cat","embeddable":true,"href":"https:\/\/barrelandboar.nl\/en\/wp-json\/wp\/v2\/product_cat?post=724"},{"taxonomy":"product_tag","embeddable":true,"href":"https:\/\/barrelandboar.nl\/en\/wp-json\/wp\/v2\/product_tag?post=724"}],"curies":[{"name":"wp","href":"https:\/\/api.w.org\/{rel}","templated":true}]}}