{"id":793,"date":"2025-03-28T14:37:54","date_gmt":"2025-03-28T13:37:54","guid":{"rendered":"https:\/\/barrelandboar.nl\/product\/schoffel-lyndon-ii-fleece-gilet-w-forest\/"},"modified":"2026-04-03T16:02:23","modified_gmt":"2026-04-03T14:02:23","slug":"schoffel-lyndon-ii-fleece-gilet-w-forest","status":"publish","type":"product","link":"https:\/\/barrelandboar.nl\/en\/schoffel-lyndon-ii-fleece-gilet-w-forest\/","title":{"rendered":"Sch\u00f6ffel Lyndon II Fleece Gilet W Forest"},"content":{"rendered":"<p style=\"margin-top:0pt;margin-bottom:5pt\"><span style=\"font-size:10.5pt;color:#000000;background-color:#FFFFFF\">The\u00a0<\/span><span style=\"font-size:10.5pt;color:#000000;background-color:#FFFFFF;font-weight:bold\">Sch\u00f6ffel Lyndon II Fleece Gilet W Forest<\/span><span style=\"font-size:10.5pt;color:#000000;background-color:#FFFFFF\">\u00a0is designed in Britain and made from premium Italian milled Pontetorto fleece and combines fashionable functionality with technical excellence. It is soft, warm, robust and breathable and has a drawstring waist for adjustability. This premium piece has been a firm favourite among connoisseurs for years: it is a true classic.<\/span><\/p>\n<p style=\"margin-top:0pt;margin-bottom:0pt\"><span style=\"font-size:10.5pt;color:#000000;background-color:#FFFFFF;font-weight:bold\">Specifications:\u00a0\u00a0<\/span><\/p>\n<ul style=\"margin:0pt;padding:0pt;list-style-type:disc\">\n<li style=\"font-size:12pt\">\n<p style=\"margin-left:0pt;margin-top:0pt;margin-bottom:0pt\"><span style=\"color:#000000;background-color:#FFFFFF\">100% Pontetorto fleece<\/span><\/p>\n<\/li>\n<li style=\"font-size:12pt\">\n<p style=\"margin-left:0pt;margin-top:0pt;margin-bottom:0pt\"><span style=\"color:#000000;background-color:#FFFFFF\">Machine washable<\/span><\/p>\n<\/li>\n<\/ul>","protected":false},"excerpt":{"rendered":"<p style=\"margin-top:0pt;margin-bottom:0pt\"><span style=\"font-size:10.5pt;color:#000000;background-color:#FFFFFF\">The\u00a0<\/span><span style=\"font-size:10.5pt;color:#000000;background-color:#FFFFFF;font-weight:bold\">Sch\u00f6ffel Lyndon II Fleece Gilet W Forest<\/span><span style=\"font-size:10.5pt;color:#000000;background-color:#FFFFFF\">\u00a0Designed in Britain and made from premium Italian milled Pontetorto fleece, it combines fashionable functionality with technical excellence.<\/span><\/p>","protected":false},"featured_media":1507,"comment_status":"open","ping_status":"closed","template":"","meta":{"_acf_changed":false,"rank_math_title":"Sch\u00f6ffel Lyndon II Fleece Gilet W Forest","rank_math_description":"","rank_math_focus_keyword":"22-1057-02, Sch\u00f6ffel, , Lyndon, II, Fleece, Gilet, W, , Forest, Sch\u00f6ffel Lyndon II Fleece Gilet W Forest","GroupGuid":"","EcommerceProductGuid":"1B7940BE-9B92-4633-9C82-CB677AB1D6AF","EcommerceProductVariationGuid":"","ProductNumber":"22-1057-02","ProductId":""},"product_brand":[1503],"product_cat":[83,70,85],"product_tag":[],"class_list":{"0":"post-793","1":"product","2":"type-product","3":"status-publish","4":"has-post-thumbnail","6":"product_brand-schoffel","7":"product_cat-dames","8":"product_cat-kleding","9":"product_cat-truien-vesten-dames","10":"pa_kleur-forest","12":"first","13":"instock","14":"sale","15":"taxable","16":"shipping-taxable","17":"purchasable","18":"product-type-variable"},"bundled_by":[],"bundle_stock_status":"instock","bundle_stock_quantity":null,"bundle_virtual":false,"bundle_layout":"","bundle_add_to_cart_form_location":"","bundle_editable_in_cart":false,"bundle_sold_individually_context":"","bundle_item_grouping":"","bundle_min_size":"","bundle_max_size":"","bundle_price":[],"bundled_items":[],"bundle_sell_ids":[],"acf":[],"rank_math_title":"Sch\u00f6ffel Lyndon II Fleece Gilet W Forest","rank_math_description":null,"rank_math_focus_keyword":"22-1057-02, Sch\u00f6ffel, , Lyndon, II, Fleece, Gilet, W, , Forest, Sch\u00f6ffel Lyndon II Fleece Gilet W Forest","GroupGuid":null,"EcommerceProductGuid":"1B7940BE-9B92-4633-9C82-CB677AB1D6AF","EcommerceProductVariationGuid":null,"ProductNumber":"22-1057-02","ProductId":null,"IgnoreVenditGroupURL":null,"IgnoreVenditGroupSEO":null,"_links":{"self":[{"href":"https:\/\/barrelandboar.nl\/en\/wp-json\/wp\/v2\/product\/793","targetHints":{"allow":["GET"]}}],"collection":[{"href":"https:\/\/barrelandboar.nl\/en\/wp-json\/wp\/v2\/product"}],"about":[{"href":"https:\/\/barrelandboar.nl\/en\/wp-json\/wp\/v2\/types\/product"}],"replies":[{"embeddable":true,"href":"https:\/\/barrelandboar.nl\/en\/wp-json\/wp\/v2\/comments?post=793"}],"wp:featuredmedia":[{"embeddable":true,"href":"https:\/\/barrelandboar.nl\/en\/wp-json\/wp\/v2\/media\/1507"}],"wp:attachment":[{"href":"https:\/\/barrelandboar.nl\/en\/wp-json\/wp\/v2\/media?parent=793"}],"wp:term":[{"taxonomy":"product_brand","embeddable":true,"href":"https:\/\/barrelandboar.nl\/en\/wp-json\/wp\/v2\/product_brand?post=793"},{"taxonomy":"product_cat","embeddable":true,"href":"https:\/\/barrelandboar.nl\/en\/wp-json\/wp\/v2\/product_cat?post=793"},{"taxonomy":"product_tag","embeddable":true,"href":"https:\/\/barrelandboar.nl\/en\/wp-json\/wp\/v2\/product_tag?post=793"}],"curies":[{"name":"wp","href":"https:\/\/api.w.org\/{rel}","templated":true}]}}