{"id":799,"date":"2025-03-28T14:38:00","date_gmt":"2025-03-28T13:38:00","guid":{"rendered":"https:\/\/barrelandboar.nl\/product\/schoffel-filey-fairisle-roll-neck-jumper-warm-sand\/"},"modified":"2026-04-03T16:04:36","modified_gmt":"2026-04-03T14:04:36","slug":"schoffel-filey-fairisle-roll-neck-jumper-warm-sand","status":"publish","type":"product","link":"https:\/\/barrelandboar.nl\/en\/schoffel-filey-fairisle-roll-neck-jumper-warm-sand\/","title":{"rendered":"Sch\u00f6ffel Filey Fairisle Roll Neck Jumper Warm Sand"},"content":{"rendered":"<p style=\"margin-top:0pt;margin-bottom:5pt\"><span style=\"font-size:10.5pt;color:#000000;background-color:#FFFFFF\">The\u00a0<\/span><span style=\"font-size:10.5pt;color:#000000;background-color:#FFFFFF;font-weight:bold\">Sch\u00f6ffel Filey Fairisle Roll Neck Jumper Warm Sand<\/span><span style=\"font-size:10.5pt;color:#000000;background-color:#FFFFFF\">\u00a0is a wonderfully soft and warm wool ladies' jumper with a thick roll neck.<\/span><\/p>\n<p style=\"margin-top:0pt;margin-bottom:5pt\"><span style=\"font-size:10.5pt;color:#000000;background-color:#FFFFFF;font-weight:bold\">Specifications:<\/span><\/p>\n<ul style=\"margin:0pt;padding:0pt;list-style-type:disc\">\n<li style=\"font-size:12pt\">\n<p style=\"margin-left:0pt;margin-top:0pt;margin-bottom:0pt\"><span style=\"color:#000000;background-color:#FFFFFF\">40% Seawool \/30% Merino\/30% Nylon<\/span><\/p>\n<\/li>\n<li style=\"font-size:12pt\">\n<p style=\"margin-left:0pt;margin-top:0pt;margin-bottom:0pt\"><span style=\"color:#000000;background-color:#FFFFFF\">Unique Fairisle design over the shoulders<\/span><\/p>\n<\/li>\n<li style=\"font-size:12pt\">\n<p style=\"margin-left:0pt;margin-top:0pt;margin-bottom:0pt\"><span style=\"color:#000000;background-color:#FFFFFF\">Ribbed hem cuffs<\/span><\/p>\n<\/li>\n<li style=\"font-size:12pt\">\n<p style=\"margin-left:0pt;margin-top:0pt;margin-bottom:0pt\"><span style=\"color:#000000;background-color:#FFFFFF\">Thick rolling collar<\/span><\/p>\n<\/li>\n<\/ul>\n<p style=\"margin-top:0pt;margin-bottom:0pt\"><span style=\"font-size:10.5pt;color:#000000;background-color:#FFFFFF\">\u00a0<\/span><\/p>","protected":false},"excerpt":{"rendered":"<p style=\"margin-top:0pt;margin-bottom:0pt\"><span style=\"font-size:10.5pt;color:#000000;background-color:#FFFFFF\">The\u00a0<\/span><span style=\"font-size:10.5pt;color:#000000;background-color:#FFFFFF;font-weight:bold\">Sch\u00f6ffel Filey Fairisle Roll Neck Jumper Warm Sand<\/span><span style=\"font-size:10.5pt;color:#000000;background-color:#FFFFFF\">\u00a0is a wonderfully soft and warm wool ladies' jumper with a thick roll neck.<\/span><\/p>","protected":false},"featured_media":1510,"comment_status":"open","ping_status":"closed","template":"","meta":{"_acf_changed":false,"rank_math_title":"Sch\u00f6ffel Filey Fairisle Roll Neck Jumper Warm Sand","rank_math_description":"","rank_math_focus_keyword":"20-2223-4425, Sch\u00f6ffel, Filey, Fairisle, Roll, Neck, Jumper, Warm, Sand, Sch\u00f6ffel Filey Fairisle Roll Neck Jumper Warm Sand","GroupGuid":"","EcommerceProductGuid":"AD876EF4-FFE5-404F-A8D5-EC177B1BEB65","EcommerceProductVariationGuid":"","ProductNumber":"20-2223-4425","ProductId":""},"product_brand":[1503],"product_cat":[83,70,85],"product_tag":[],"class_list":{"0":"post-799","1":"product","2":"type-product","3":"status-publish","4":"has-post-thumbnail","6":"product_brand-schoffel","7":"product_cat-dames","8":"product_cat-kleding","9":"product_cat-truien-vesten-dames","10":"pa_kleur-warm_sand","12":"first","13":"instock","14":"sale","15":"taxable","16":"shipping-taxable","17":"purchasable","18":"product-type-variable"},"bundled_by":[],"bundle_stock_status":"instock","bundle_stock_quantity":null,"bundle_virtual":false,"bundle_layout":"","bundle_add_to_cart_form_location":"","bundle_editable_in_cart":false,"bundle_sold_individually_context":"","bundle_item_grouping":"","bundle_min_size":"","bundle_max_size":"","bundle_price":[],"bundled_items":[],"bundle_sell_ids":[],"acf":[],"rank_math_title":"Sch\u00f6ffel Filey Fairisle Roll Neck Jumper Warm Sand","rank_math_description":null,"rank_math_focus_keyword":"20-2223-4425, Sch\u00f6ffel, Filey, Fairisle, Roll, Neck, Jumper, Warm, Sand, Sch\u00f6ffel Filey Fairisle Roll Neck Jumper Warm Sand","GroupGuid":null,"EcommerceProductGuid":"AD876EF4-FFE5-404F-A8D5-EC177B1BEB65","EcommerceProductVariationGuid":null,"ProductNumber":"20-2223-4425","ProductId":null,"IgnoreVenditGroupURL":null,"IgnoreVenditGroupSEO":null,"_links":{"self":[{"href":"https:\/\/barrelandboar.nl\/en\/wp-json\/wp\/v2\/product\/799","targetHints":{"allow":["GET"]}}],"collection":[{"href":"https:\/\/barrelandboar.nl\/en\/wp-json\/wp\/v2\/product"}],"about":[{"href":"https:\/\/barrelandboar.nl\/en\/wp-json\/wp\/v2\/types\/product"}],"replies":[{"embeddable":true,"href":"https:\/\/barrelandboar.nl\/en\/wp-json\/wp\/v2\/comments?post=799"}],"wp:featuredmedia":[{"embeddable":true,"href":"https:\/\/barrelandboar.nl\/en\/wp-json\/wp\/v2\/media\/1510"}],"wp:attachment":[{"href":"https:\/\/barrelandboar.nl\/en\/wp-json\/wp\/v2\/media?parent=799"}],"wp:term":[{"taxonomy":"product_brand","embeddable":true,"href":"https:\/\/barrelandboar.nl\/en\/wp-json\/wp\/v2\/product_brand?post=799"},{"taxonomy":"product_cat","embeddable":true,"href":"https:\/\/barrelandboar.nl\/en\/wp-json\/wp\/v2\/product_cat?post=799"},{"taxonomy":"product_tag","embeddable":true,"href":"https:\/\/barrelandboar.nl\/en\/wp-json\/wp\/v2\/product_tag?post=799"}],"curies":[{"name":"wp","href":"https:\/\/api.w.org\/{rel}","templated":true}]}}