{"id":822,"date":"2025-03-28T14:38:23","date_gmt":"2025-03-28T13:38:23","guid":{"rendered":"https:\/\/barrelandboar.nl\/product\/schoffel-herringbone-sock-wine\/"},"modified":"2026-04-03T16:04:10","modified_gmt":"2026-04-03T14:04:10","slug":"schoffel-herringbone-sock-wine","status":"publish","type":"product","link":"https:\/\/barrelandboar.nl\/en\/schoffel-herringbone-sock-wine\/","title":{"rendered":"Sch\u00f6ffel Herringbone Sock Wine"},"content":{"rendered":"<p style=\"margin-top:0pt;margin-bottom:5pt\"><span style=\"font-size:10.5pt;color:#000000;background-color:#FFFFFF\">The\u00a0<\/span><span style=\"font-size:10.5pt;color:#000000;background-color:#FFFFFF;font-weight:bold\">Sch\u00f6ffel Herringbone Sock<\/span><span style=\"font-size:10.5pt;color:#000000;background-color:#FFFFFF\">\u00a0has an exclusive woven herringbone pattern and is made of a fine merino wool blend with added lycra. The sock is insulating yet breathable with just the right amount of stretch for a perfect fit.<\/span><\/p>\n<p style=\"margin-top:0pt;margin-bottom:5pt\"><span style=\"font-size:10.5pt;color:#000000;background-color:#FFFFFF\">Textured knit cuffs add subtle detail, while the signature 'tassels' offer the finishing touch. A reinforced nylon heel and toe ensure durability, making these shooting socks incredibly hard-wearing.<\/span><\/p>\n<p style=\"margin-top:0pt;margin-bottom:0pt\"><span style=\"font-size:10.5pt;color:#000000;background-color:#FFFFFF;font-weight:bold\">Specification:\u00a0<\/span><\/p>\n<ul style=\"margin:0pt;padding:0pt;list-style-type:disc\">\n<li style=\"font-size:12pt\">\n<p style=\"margin-left:0pt;margin-top:0pt;margin-bottom:0pt\"><span style=\"color:#000000;background-color:#FFFFFF\">Merino blend fabric: 85% merino and acrylic \/ 10% nylon \/ 5% Lycra<\/span><\/p>\n<\/li>\n<li style=\"font-size:12pt\">\n<p style=\"margin-left:0pt;margin-top:0pt;margin-bottom:0pt\"><span style=\"color:#000000;background-color:#FFFFFF\">Nylon-reinforced heel and toe<\/span><\/p>\n<\/li>\n<li style=\"font-size:12pt\">\n<p style=\"margin-left:0pt;margin-top:0pt;margin-bottom:0pt\"><span style=\"color:#000000;background-color:#FFFFFF\">Machine washable<\/span><\/p>\n<\/li>\n<\/ul>","protected":false},"excerpt":{"rendered":"<p style=\"margin-top:0pt;margin-bottom:0pt\"><span style=\"font-size:10.5pt;color:#000000;background-color:#FFFFFF\">The\u00a0<\/span><span style=\"font-size:10.5pt;color:#000000;background-color:#FFFFFF;font-weight:bold\">Sch\u00f6ffel Herringbone Sock<\/span><span style=\"font-size:10.5pt;color:#000000;background-color:#FFFFFF\">\u00a0features an exclusive woven herringbone pattern and is made of a fine merino wool blend with added lycra.<\/span><\/p>","protected":false},"featured_media":1469,"comment_status":"open","ping_status":"closed","template":"","meta":{"_acf_changed":false,"rank_math_title":"Sch\u00f6ffel Herringbone Sock Wine","rank_math_description":"","rank_math_focus_keyword":"20-3951-2998, Sch\u00f6ffel, , Herringbone, Sock, , Wine, Sch\u00f6ffel Herringbone Sock Wine","GroupGuid":"","EcommerceProductGuid":"8404A3EA-C0D9-44FF-8BC6-3484C2437D84","EcommerceProductVariationGuid":"","ProductNumber":"20-3951-2998","ProductId":""},"product_brand":[1503],"product_cat":[96,94],"product_tag":[],"class_list":{"0":"post-822","1":"product","2":"type-product","3":"status-publish","4":"has-post-thumbnail","6":"product_brand-schoffel","7":"product_cat-sokken","8":"product_cat-accessoires-kleding","9":"pa_kleur-wine","11":"first","12":"instock","13":"sale","14":"taxable","15":"shipping-taxable","16":"purchasable","17":"product-type-variable"},"bundled_by":[],"bundle_stock_status":"instock","bundle_stock_quantity":null,"bundle_virtual":false,"bundle_layout":"","bundle_add_to_cart_form_location":"","bundle_editable_in_cart":false,"bundle_sold_individually_context":"","bundle_item_grouping":"","bundle_min_size":"","bundle_max_size":"","bundle_price":[],"bundled_items":[],"bundle_sell_ids":[],"acf":[],"rank_math_title":"Sch\u00f6ffel Herringbone Sock Wine","rank_math_description":null,"rank_math_focus_keyword":"20-3951-2998, Sch\u00f6ffel, , Herringbone, Sock, , Wine, Sch\u00f6ffel Herringbone Sock Wine","GroupGuid":null,"EcommerceProductGuid":"8404A3EA-C0D9-44FF-8BC6-3484C2437D84","EcommerceProductVariationGuid":null,"ProductNumber":"20-3951-2998","ProductId":null,"IgnoreVenditGroupURL":null,"IgnoreVenditGroupSEO":null,"_links":{"self":[{"href":"https:\/\/barrelandboar.nl\/en\/wp-json\/wp\/v2\/product\/822","targetHints":{"allow":["GET"]}}],"collection":[{"href":"https:\/\/barrelandboar.nl\/en\/wp-json\/wp\/v2\/product"}],"about":[{"href":"https:\/\/barrelandboar.nl\/en\/wp-json\/wp\/v2\/types\/product"}],"replies":[{"embeddable":true,"href":"https:\/\/barrelandboar.nl\/en\/wp-json\/wp\/v2\/comments?post=822"}],"wp:featuredmedia":[{"embeddable":true,"href":"https:\/\/barrelandboar.nl\/en\/wp-json\/wp\/v2\/media\/1469"}],"wp:attachment":[{"href":"https:\/\/barrelandboar.nl\/en\/wp-json\/wp\/v2\/media?parent=822"}],"wp:term":[{"taxonomy":"product_brand","embeddable":true,"href":"https:\/\/barrelandboar.nl\/en\/wp-json\/wp\/v2\/product_brand?post=822"},{"taxonomy":"product_cat","embeddable":true,"href":"https:\/\/barrelandboar.nl\/en\/wp-json\/wp\/v2\/product_cat?post=822"},{"taxonomy":"product_tag","embeddable":true,"href":"https:\/\/barrelandboar.nl\/en\/wp-json\/wp\/v2\/product_tag?post=822"}],"curies":[{"name":"wp","href":"https:\/\/api.w.org\/{rel}","templated":true}]}}