{"id":928,"date":"2025-03-28T15:53:04","date_gmt":"2025-03-28T14:53:04","guid":{"rendered":"https:\/\/barrelandboar.nl\/product\/schoffel-womens-halkirk-sock-ecru\/"},"modified":"2026-03-22T04:39:07","modified_gmt":"2026-03-22T03:39:07","slug":"schoffel-womens-halkirk-sock-ecru","status":"publish","type":"product","link":"https:\/\/barrelandboar.nl\/en\/schoffel-womens-halkirk-sock-ecru\/","title":{"rendered":"Sch\u00f6ffel Women's Halkirk Sock Ecru"},"content":{"rendered":"<p style=\"margin-top:0pt;margin-bottom:5pt\"><span style=\"font-size:10.5pt;color:#000000;background-color:#FFFFFF\">The\u00a0<\/span><span style=\"font-size:10.5pt;color:#000000;background-color:#FFFFFF;font-weight:bold\">Sch\u00f6ffel Women's Halkirk Sock<\/span><span style=\"font-size:10.5pt;color:#000000;background-color:#FFFFFF\">\u00a0is a luxurious and machine-washable women's sock, made from a soft merino wool blend. Warm, strong and breathable, they are a real treat for your feet.<\/span><\/p>\n<p style=\"margin-top:0pt;margin-bottom:0pt\"><span style=\"font-size:10.5pt;color:#000000;background-color:#FFFFFF;font-weight:bold\">Specification:\u00a0<\/span><\/p>\n<ul style=\"margin:0pt;padding:0pt;list-style-type:disc\">\n<li style=\"font-size:12pt;margin-left:18pt\">\n<p style=\"margin-left:0pt;margin-top:0pt;margin-bottom:0pt\"><span style=\"color:#000000;background-color:#FFFFFF\">Contrasting herringbone pattern<\/span><\/p>\n<\/li>\n<li style=\"font-size:12pt;margin-left:18pt\">\n<p style=\"margin-left:0pt;margin-top:0pt;margin-bottom:0pt\"><span style=\"color:#000000;background-color:#FFFFFF\">Merino wool blend - 45% merino wool, 45% acrylic, 10% nylon<\/span><\/p>\n<\/li>\n<li style=\"font-size:12pt;margin-left:18pt\">\n<p style=\"margin-left:0pt;margin-top:0pt;margin-bottom:0pt\"><span style=\"color:#000000;background-color:#FFFFFF\">Machine washable<\/span><\/p>\n<\/li>\n<li style=\"font-size:12pt;margin-left:18pt\">\n<p style=\"margin-left:0pt;margin-top:0pt;margin-bottom:0pt\">Size 35-41<\/p>\n<\/li>\n<\/ul>","protected":false},"excerpt":{"rendered":"<p style=\"margin-top:0pt;margin-bottom:0pt\"><span style=\"font-size:10.5pt;color:#000000;background-color:#FFFFFF\">The\u00a0<\/span><span style=\"font-size:10.5pt;color:#000000;background-color:#FFFFFF;font-weight:bold\">Sch\u00f6ffel Women's Halkirk Sock<\/span><span style=\"font-size:10.5pt;color:#000000;background-color:#FFFFFF\">\u00a0is a luxurious and machine-washable women's sock, made from a soft merino wool blend. Warm, strong and breathable, they are a real treat for your feet.<\/span><\/p>","protected":false},"featured_media":927,"comment_status":"open","ping_status":"closed","template":"","meta":{"_acf_changed":false,"rank_math_title":"Sch\u00f6ffel Women's Halkirk Sock Ecru","rank_math_description":"","rank_math_focus_keyword":"20-3970-1611, Sch\u00f6ffel, Women's, Halkirk, Sock, Ecru, Sch\u00f6ffel Women's Halkirk Sock Ecru","GroupGuid":"","EcommerceProductGuid":"F99DB9B0-82D5-462B-9C26-9D4D485DEC6E","EcommerceProductVariationGuid":"","ProductNumber":"20-3970-1611","ProductId":"7594-234"},"product_brand":[1503],"product_cat":[96,94,70],"product_tag":[],"class_list":{"0":"post-928","1":"product","2":"type-product","3":"status-publish","4":"has-post-thumbnail","6":"product_brand-schoffel","7":"product_cat-sokken","8":"product_cat-accessoires-kleding","9":"product_cat-kleding","10":"pa_kleur-ecru","12":"first","13":"instock","14":"taxable","15":"shipping-taxable","16":"purchasable","17":"product-type-simple"},"bundled_by":[],"bundle_stock_status":"instock","bundle_stock_quantity":3,"bundle_virtual":false,"bundle_layout":"","bundle_add_to_cart_form_location":"","bundle_editable_in_cart":false,"bundle_sold_individually_context":"","bundle_item_grouping":"","bundle_min_size":"","bundle_max_size":"","bundle_price":[],"bundled_items":[],"bundle_sell_ids":[],"acf":[],"rank_math_title":"Sch\u00f6ffel Women's Halkirk Sock Ecru","rank_math_description":null,"rank_math_focus_keyword":"20-3970-1611, Sch\u00f6ffel, Women's, Halkirk, Sock, Ecru, Sch\u00f6ffel Women's Halkirk Sock Ecru","GroupGuid":null,"EcommerceProductGuid":"F99DB9B0-82D5-462B-9C26-9D4D485DEC6E","EcommerceProductVariationGuid":null,"ProductNumber":"20-3970-1611","ProductId":"7594-234","IgnoreVenditGroupURL":null,"IgnoreVenditGroupSEO":null,"_links":{"self":[{"href":"https:\/\/barrelandboar.nl\/en\/wp-json\/wp\/v2\/product\/928","targetHints":{"allow":["GET"]}}],"collection":[{"href":"https:\/\/barrelandboar.nl\/en\/wp-json\/wp\/v2\/product"}],"about":[{"href":"https:\/\/barrelandboar.nl\/en\/wp-json\/wp\/v2\/types\/product"}],"replies":[{"embeddable":true,"href":"https:\/\/barrelandboar.nl\/en\/wp-json\/wp\/v2\/comments?post=928"}],"wp:featuredmedia":[{"embeddable":true,"href":"https:\/\/barrelandboar.nl\/en\/wp-json\/wp\/v2\/media\/927"}],"wp:attachment":[{"href":"https:\/\/barrelandboar.nl\/en\/wp-json\/wp\/v2\/media?parent=928"}],"wp:term":[{"taxonomy":"product_brand","embeddable":true,"href":"https:\/\/barrelandboar.nl\/en\/wp-json\/wp\/v2\/product_brand?post=928"},{"taxonomy":"product_cat","embeddable":true,"href":"https:\/\/barrelandboar.nl\/en\/wp-json\/wp\/v2\/product_cat?post=928"},{"taxonomy":"product_tag","embeddable":true,"href":"https:\/\/barrelandboar.nl\/en\/wp-json\/wp\/v2\/product_tag?post=928"}],"curies":[{"name":"wp","href":"https:\/\/api.w.org\/{rel}","templated":true}]}}