{"id":946,"date":"2025-03-28T15:53:24","date_gmt":"2025-03-28T14:53:24","guid":{"rendered":"https:\/\/barrelandboar.nl\/product\/schoffel-cashmere-comb-dark-olive\/"},"modified":"2026-03-22T04:28:58","modified_gmt":"2026-03-22T03:28:58","slug":"schoffel-cashmere-comb-dark-olive","status":"publish","type":"product","link":"https:\/\/barrelandboar.nl\/en\/schoffel-cashmere-comb-dark-olive\/","title":{"rendered":"Sch\u00f6ffel Cashmere Comb Dark Olive"},"content":{"rendered":"<p style=\"margin-top:0pt;margin-bottom:5pt\"><span style=\"font-size:10.5pt;color:#000000;background-color:#FFFFFF\">The\u00a0<\/span><span style=\"font-size:10.5pt;color:#000000;background-color:#FFFFFF;font-weight:bold\">Sch\u00f6ffel Cashmere Comb<\/span><span style=\"font-size:10.5pt;color:#000000;background-color:#FFFFFF\">\u00a0is a special cashmere comb to keep your knitwear at its best.<\/span><\/p>\n<p style=\"margin-top:0pt;margin-bottom:5pt\"><span style=\"font-size:10.5pt;color:#000000;background-color:#FFFFFF\">Loose fibres on the surface of knitted fabrics rub against each other during use, resulting in small bumps, commonly known as 'pilling'. Common spots are under the arms, elbows and the bottom of sleeves. This can be easily removed with this cashmere comb.<\/span><\/p>\n<p style=\"margin-top:0pt;margin-bottom:5pt\"><span style=\"font-size:10.5pt;color:#000000;background-color:#FFFFFF\">The extra care and attention help extend the life of knitwear and keep it soft.<\/span><\/p>\n<p style=\"margin-top:0pt;margin-bottom:0pt\"><span style=\"font-size:10.5pt;color:#000000;background-color:#FFFFFF;font-weight:bold\">Instructions for use:<\/span><span style=\"font-size:10.5pt;color:#000000;background-color:#FFFFFF\">\u00a0Lay knitwear flat, hold the affected area tight and gently comb the garment to remove bulges. Pay special attention to areas with a lot of friction. After use, remove lint and dirt from the comb.<\/span><\/p>","protected":false},"excerpt":{"rendered":"<p style=\"margin-top:0pt;margin-bottom:0pt\"><span style=\"font-size:10.5pt;color:#000000;background-color:#FFFFFF\">The\u00a0<\/span><span style=\"font-size:10.5pt;color:#000000;background-color:#FFFFFF;font-weight:bold\">Sch\u00f6ffel Cashmere Comb<\/span><span style=\"font-size:10.5pt;color:#000000;background-color:#FFFFFF\">\u00a0is a special cashmere comb to keep your knitwear at its best.<\/span><\/p>","protected":false},"featured_media":8590,"comment_status":"open","ping_status":"closed","template":"","meta":{"_acf_changed":false,"rank_math_title":"Sch\u00f6ffel Cashmere Comb Dark Olive","rank_math_description":"","rank_math_focus_keyword":"20-9080, Sch\u00f6ffel, Cashmere, Comb, Dark, Olive, Sch\u00f6ffel Cashmere Comb Dark Olive","GroupGuid":"","EcommerceProductGuid":"81131F38-3707-47FB-8B28-D841A1AA5C67","EcommerceProductVariationGuid":"","ProductNumber":"20-9080","ProductId":"7569-196"},"product_brand":[1503],"product_cat":[94],"product_tag":[],"class_list":{"0":"post-946","1":"product","2":"type-product","3":"status-publish","4":"has-post-thumbnail","6":"product_brand-schoffel","7":"product_cat-accessoires-kleding","8":"pa_kleur-dark_olive","10":"first","11":"instock","12":"taxable","13":"shipping-taxable","14":"purchasable","15":"product-type-simple"},"bundled_by":[],"bundle_stock_status":"instock","bundle_stock_quantity":6,"bundle_virtual":false,"bundle_layout":"","bundle_add_to_cart_form_location":"","bundle_editable_in_cart":false,"bundle_sold_individually_context":"","bundle_item_grouping":"","bundle_min_size":"","bundle_max_size":"","bundle_price":[],"bundled_items":[],"bundle_sell_ids":[],"acf":[],"rank_math_title":"Sch\u00f6ffel Cashmere Comb Dark Olive","rank_math_description":null,"rank_math_focus_keyword":"20-9080, Sch\u00f6ffel, Cashmere, Comb, Dark, Olive, Sch\u00f6ffel Cashmere Comb Dark Olive","GroupGuid":null,"EcommerceProductGuid":"81131F38-3707-47FB-8B28-D841A1AA5C67","EcommerceProductVariationGuid":null,"ProductNumber":"20-9080","ProductId":"7569-196","IgnoreVenditGroupURL":null,"IgnoreVenditGroupSEO":null,"_links":{"self":[{"href":"https:\/\/barrelandboar.nl\/en\/wp-json\/wp\/v2\/product\/946","targetHints":{"allow":["GET"]}}],"collection":[{"href":"https:\/\/barrelandboar.nl\/en\/wp-json\/wp\/v2\/product"}],"about":[{"href":"https:\/\/barrelandboar.nl\/en\/wp-json\/wp\/v2\/types\/product"}],"replies":[{"embeddable":true,"href":"https:\/\/barrelandboar.nl\/en\/wp-json\/wp\/v2\/comments?post=946"}],"wp:featuredmedia":[{"embeddable":true,"href":"https:\/\/barrelandboar.nl\/en\/wp-json\/wp\/v2\/media\/8590"}],"wp:attachment":[{"href":"https:\/\/barrelandboar.nl\/en\/wp-json\/wp\/v2\/media?parent=946"}],"wp:term":[{"taxonomy":"product_brand","embeddable":true,"href":"https:\/\/barrelandboar.nl\/en\/wp-json\/wp\/v2\/product_brand?post=946"},{"taxonomy":"product_cat","embeddable":true,"href":"https:\/\/barrelandboar.nl\/en\/wp-json\/wp\/v2\/product_cat?post=946"},{"taxonomy":"product_tag","embeddable":true,"href":"https:\/\/barrelandboar.nl\/en\/wp-json\/wp\/v2\/product_tag?post=946"}],"curies":[{"name":"wp","href":"https:\/\/api.w.org\/{rel}","templated":true}]}}